{"id":199828,"date":"2025-03-22T13:30:39","date_gmt":"2025-03-22T13:30:39","guid":{"rendered":"https:\/\/aromasentia.com\/product\/selenite-lrg-ritual-knife-spiral-25cm\/"},"modified":"2025-06-22T03:23:18","modified_gmt":"2025-06-22T03:23:18","slug":"selenit-stor-ritualkniv-spiral-25cm","status":"publish","type":"product","link":"https:\/\/aromasentia.com\/da\/selenit-stor-ritualkniv-spiral-25cm\/","title":{"rendered":"Selenit Stor Ritualkniv &#8211; Spiral (25cm)"},"content":{"rendered":"<p>Selenit-ceremoniknive er perfekte til alle esoteriske butikker.<\/p>\n<p>Fremstillet og indgraveret i h\u00e5nden er disse ceremoniknive storsl\u00e5ede, og de vil ogs\u00e5 v\u00e6re perfekte som en dekorativ genstand, hvad enten det er hjemme eller p\u00e5 et kontor.&nbsp;<\/p>\n<p>Disse genstande er b\u00e5de dekorative, men de har en st\u00e6rk esoterisk betydning. Selenitknive kan sk\u00e6re negative b\u00e5nd over, hvad enten det er til en anden person, en situation eller et sted, og de sk\u00e6rer symbolsk disse b\u00e5nd over, som forhindrer os i at komme videre.&nbsp;<\/p>\n<p>Hvis du allerede tilbyder selenitvarer, vil du ikke have problemer med at s\u00e6lge disse selenitceremonielle knive.<\/p>\n<p>Bestil nu, og g\u00f8r det nemt at s\u00e6lge.<\/p>\n<p><span class=\"fr-video fr-deletable fr-fvc fr-dvb fr-draggable\" contenteditable=\"false\" draggable=\"true\"><iframe loading=\"lazy\" width=\"640\" height=\"360\" src=\"https:\/\/www.youtube.com\/embed\/AAwAENQyIY8?autoplay=1&#038;wmode=opaque&#038;rel=0\" frameborder=\"0\" allowfullscreen=\"\" class=\"fr-draggable\"><\/iframe><\/span><\/p>\n","protected":false},"excerpt":{"rendered":"<p>Selenit-ceremoniknive er perfekte til alle esoteriske butikker. Fremstillet og indgraveret i h\u00e5nden er disse ceremoniknive storsl\u00e5ede, og de vil ogs\u00e5 v\u00e6re perfekte som en dekorativ genstand, hvad enten det er hjemme eller p\u00e5 et kontor.&nbsp; Disse genstande er b\u00e5de dekorative, men de har en st\u00e6rk esoterisk betydning. Selenitknive kan sk\u00e6re negative b\u00e5nd over, hvad enten [&hellip;]<\/p>\n","protected":false},"featured_media":346051,"comment_status":"closed","ping_status":"open","template":"","meta":{"_angie_page":false},"product_brand":[],"product_cat":[6243,25222,6912],"product_tag":[],"class_list":{"0":"post-199828","1":"product","2":"type-product","3":"status-publish","4":"has-post-thumbnail","6":"product_cat-esoteriske-gaver","7":"product_cat-krystaller-og-sten","8":"product_cat-selenit","9":"pa_collection-selenite-ritual-knife-da","10":"pa_made-in-marokko","12":"first","13":"instock","14":"purchasable","15":"product-type-simple"},"supplier_id":null,"supplier_sku":"SelK-05","barcode":null,"atum_controlled":true,"out_stock_date":null,"out_stock_threshold":null,"inheritable":false,"inbound_stock":null,"stock_on_hold":0,"sold_today":0,"sales_last_days":0,"reserved_stock":null,"customer_returns":null,"warehouse_damage":null,"lost_in_post":null,"other_logs":null,"out_stock_days":0,"lost_sales":0,"has_location":null,"update_date":"2026-04-27T07:20:54","atum_locations":[],"atum_stock_status":"instock","restock_status":false,"low_stock_amount":"","sales_update_date":"2026-02-06T00:02:29","calc_backorders":null,"_links":{"self":[{"href":"https:\/\/aromasentia.com\/da\/wp-json\/wp\/v2\/product\/199828","targetHints":{"allow":["GET"]}}],"collection":[{"href":"https:\/\/aromasentia.com\/da\/wp-json\/wp\/v2\/product"}],"about":[{"href":"https:\/\/aromasentia.com\/da\/wp-json\/wp\/v2\/types\/product"}],"replies":[{"embeddable":true,"href":"https:\/\/aromasentia.com\/da\/wp-json\/wp\/v2\/comments?post=199828"}],"version-history":[{"count":0,"href":"https:\/\/aromasentia.com\/da\/wp-json\/wp\/v2\/product\/199828\/revisions"}],"wp:featuredmedia":[{"embeddable":true,"href":"https:\/\/aromasentia.com\/da\/wp-json\/wp\/v2\/media\/346051"}],"wp:attachment":[{"href":"https:\/\/aromasentia.com\/da\/wp-json\/wp\/v2\/media?parent=199828"}],"wp:term":[{"taxonomy":"product_brand","embeddable":true,"href":"https:\/\/aromasentia.com\/da\/wp-json\/wp\/v2\/product_brand?post=199828"},{"taxonomy":"product_cat","embeddable":true,"href":"https:\/\/aromasentia.com\/da\/wp-json\/wp\/v2\/product_cat?post=199828"},{"taxonomy":"product_tag","embeddable":true,"href":"https:\/\/aromasentia.com\/da\/wp-json\/wp\/v2\/product_tag?post=199828"}],"curies":[{"name":"wp","href":"https:\/\/api.w.org\/{rel}","templated":true}]}}