{"id":199824,"date":"2025-03-22T13:30:39","date_gmt":"2025-03-22T13:30:39","guid":{"rendered":"https:\/\/aromasentia.com\/product\/angel-pendulum-with-ring-rose-quartz\/"},"modified":"2025-06-22T03:23:16","modified_gmt":"2025-06-22T03:23:16","slug":"englependel-med-ring-rosakvarts","status":"publish","type":"product","link":"https:\/\/aromasentia.com\/da\/englependel-med-ring-rosakvarts\/","title":{"rendered":"Englependel med Ring &#8211; Rosakvarts"},"content":{"rendered":"<p>Kuglekastning eller radi\u00e6stesi menes at g\u00e5 over seks tusind \u00e5r tilbage. Egypterne og de gamle kinesere var tidlige ud\u00f8vere. Krystalkuglekastning kan udf\u00f8res p\u00e5 mange m\u00e5der, og det h\u00e6vdes at v\u00e6re til alle mulige form\u00e5l, s\u00e5som at finde vand, mineraler, savnede personer og endda mistede genstande. Det bruges ogs\u00e5 til healing, reiki og sp\u00e5domskunst.<\/p>\n<p>Disse krystalpendler er unikke, forskellige slibninger, forskellige sten &#8230; forskellig energi. Monteret med en s\u00f8lvk\u00e6de og \u00e6delstensperle i toppen har de virkelig noget ret magisk over sig. Ideelle til kuglekastning og sp\u00e5domskunst. Hver ydre del best\u00e5r af vedh\u00e6ng i forskellige former.<\/p>\n<p>BEM\u00c6RK VENLIGST &#8211; Nogle af disse pendler er h\u00e5ndlavede af et naturprodukt. P\u00e5 grund af dette kan st\u00f8rrelserne p\u00e5 \u00e6delstenene variere. Sortimenterne afh\u00e6nger af det aktuelle lager. Sortimenterne er tilf\u00e6ldige, og du kan modtage dubletter.<\/p>\n","protected":false},"excerpt":{"rendered":"<p>Kuglekastning eller radi\u00e6stesi menes at g\u00e5 over seks tusind \u00e5r tilbage. Egypterne og de gamle kinesere var tidlige ud\u00f8vere. Krystalkuglekastning kan udf\u00f8res p\u00e5 mange m\u00e5der, og det h\u00e6vdes at v\u00e6re til alle mulige form\u00e5l, s\u00e5som at finde vand, mineraler, savnede personer og endda mistede genstande. Det bruges ogs\u00e5 til healing, reiki og sp\u00e5domskunst. Disse krystalpendler [&hellip;]<\/p>\n","protected":false},"featured_media":347169,"comment_status":"closed","ping_status":"open","template":"","meta":[],"product_brand":[],"product_cat":[6243,25222,25736,25747,6902],"product_tag":[],"class_list":{"0":"post-199824","1":"product","2":"type-product","3":"status-publish","4":"has-post-thumbnail","6":"product_cat-esoteriske-gaver","7":"product_cat-krystaller-og-sten","8":"product_cat-kvarts","9":"product_cat-rosenkvarts","10":"product_cat-vedhaeng-og-runesten","11":"pa_collection-special-pendulums-da","12":"pa_made-in-indien","14":"first","15":"instock","16":"purchasable","17":"product-type-simple"},"supplier_id":null,"supplier_sku":"SpecMP-52","barcode":null,"atum_controlled":true,"out_stock_date":null,"out_stock_threshold":null,"inheritable":false,"inbound_stock":null,"stock_on_hold":0,"sold_today":0,"sales_last_days":0,"reserved_stock":null,"customer_returns":null,"warehouse_damage":null,"lost_in_post":null,"other_logs":null,"out_stock_days":0,"lost_sales":0,"has_location":null,"update_date":"2026-02-10T16:33:26","atum_locations":[],"atum_stock_status":"instock","restock_status":false,"low_stock_amount":"","sales_update_date":"2026-01-30T01:24:41","calc_backorders":null,"_links":{"self":[{"href":"https:\/\/aromasentia.com\/da\/wp-json\/wp\/v2\/product\/199824","targetHints":{"allow":["GET"]}}],"collection":[{"href":"https:\/\/aromasentia.com\/da\/wp-json\/wp\/v2\/product"}],"about":[{"href":"https:\/\/aromasentia.com\/da\/wp-json\/wp\/v2\/types\/product"}],"replies":[{"embeddable":true,"href":"https:\/\/aromasentia.com\/da\/wp-json\/wp\/v2\/comments?post=199824"}],"version-history":[{"count":0,"href":"https:\/\/aromasentia.com\/da\/wp-json\/wp\/v2\/product\/199824\/revisions"}],"wp:featuredmedia":[{"embeddable":true,"href":"https:\/\/aromasentia.com\/da\/wp-json\/wp\/v2\/media\/347169"}],"wp:attachment":[{"href":"https:\/\/aromasentia.com\/da\/wp-json\/wp\/v2\/media?parent=199824"}],"wp:term":[{"taxonomy":"product_brand","embeddable":true,"href":"https:\/\/aromasentia.com\/da\/wp-json\/wp\/v2\/product_brand?post=199824"},{"taxonomy":"product_cat","embeddable":true,"href":"https:\/\/aromasentia.com\/da\/wp-json\/wp\/v2\/product_cat?post=199824"},{"taxonomy":"product_tag","embeddable":true,"href":"https:\/\/aromasentia.com\/da\/wp-json\/wp\/v2\/product_tag?post=199824"}],"curies":[{"name":"wp","href":"https:\/\/api.w.org\/{rel}","templated":true}]}}