{"id":199812,"date":"2025-03-22T13:30:47","date_gmt":"2025-03-22T13:30:47","guid":{"rendered":"https:\/\/aromasentia.com\/product\/pack-of-24-bloodstone-l-b-grade\/"},"modified":"2025-06-22T03:23:09","modified_gmt":"2025-06-22T03:23:09","slug":"pakke-med-24-blodsten-l-b-kvalitet","status":"publish","type":"product","link":"https:\/\/aromasentia.com\/da\/pakke-med-24-blodsten-l-b-kvalitet\/","title":{"rendered":"Pakke med 24 Blodsten L (B-Kvalitet)"},"content":{"rendered":"<p>Boost vitaliteten med denne pakke med 24 Bloodstone L (B-kvalitet). Dette s\u00e6t indeholder fireogtyve store Bloodstone-sten (B-kvalitet) med dybgr\u00f8n kalcedon og r\u00f8de jaspispletter. Bloodstone er en kraftfuld helbredende og beskyttende sten, som menes at rense energi, styrke modet og \u00f8ge vitaliteten. Disse sten er ideelle til at b\u00e6re for at opn\u00e5 styrke, til betydelige gitre eller i tider, der kr\u00e6ver modstandsdygtighed, og de giver en potent, om end lidt mangelfuld, energim\u00e6ssig st\u00f8tte.<\/p>\n","protected":false},"excerpt":{"rendered":"<p>Boost vitaliteten med denne pakke med 24 Bloodstone L (B-kvalitet). Dette s\u00e6t indeholder fireogtyve store Bloodstone-sten (B-kvalitet) med dybgr\u00f8n kalcedon og r\u00f8de jaspispletter. Bloodstone er en kraftfuld helbredende og beskyttende sten, som menes at rense energi, styrke modet og \u00f8ge vitaliteten. Disse sten er ideelle til at b\u00e6re for at opn\u00e5 styrke, til betydelige gitre [&hellip;]<\/p>\n","protected":false},"featured_media":348219,"comment_status":"closed","ping_status":"open","template":"","meta":{"_angie_page":false},"product_brand":[],"product_cat":[25567,6243,25222,6869],"product_tag":[],"class_list":{"0":"post-199812","1":"product","2":"type-product","3":"status-publish","4":"has-post-thumbnail","6":"product_cat-blodsten","7":"product_cat-esoteriske-gaver","8":"product_cat-krystaller-og-sten","9":"product_cat-lommesten","10":"pa_collection-large-tumble-stones-da","11":"pa_made-in-indien","13":"first","14":"instock","15":"purchasable","16":"product-type-simple"},"supplier_id":null,"supplier_sku":"Tbm-20B","barcode":null,"atum_controlled":true,"out_stock_date":null,"out_stock_threshold":null,"inheritable":false,"inbound_stock":null,"stock_on_hold":0,"sold_today":0,"sales_last_days":0,"reserved_stock":null,"customer_returns":null,"warehouse_damage":null,"lost_in_post":null,"other_logs":null,"out_stock_days":0,"lost_sales":0,"has_location":null,"update_date":"2026-04-27T07:24:00","atum_locations":[],"atum_stock_status":"instock","restock_status":false,"low_stock_amount":"","sales_update_date":"2026-01-30T01:24:28","calc_backorders":null,"_links":{"self":[{"href":"https:\/\/aromasentia.com\/da\/wp-json\/wp\/v2\/product\/199812","targetHints":{"allow":["GET"]}}],"collection":[{"href":"https:\/\/aromasentia.com\/da\/wp-json\/wp\/v2\/product"}],"about":[{"href":"https:\/\/aromasentia.com\/da\/wp-json\/wp\/v2\/types\/product"}],"replies":[{"embeddable":true,"href":"https:\/\/aromasentia.com\/da\/wp-json\/wp\/v2\/comments?post=199812"}],"version-history":[{"count":0,"href":"https:\/\/aromasentia.com\/da\/wp-json\/wp\/v2\/product\/199812\/revisions"}],"wp:featuredmedia":[{"embeddable":true,"href":"https:\/\/aromasentia.com\/da\/wp-json\/wp\/v2\/media\/348219"}],"wp:attachment":[{"href":"https:\/\/aromasentia.com\/da\/wp-json\/wp\/v2\/media?parent=199812"}],"wp:term":[{"taxonomy":"product_brand","embeddable":true,"href":"https:\/\/aromasentia.com\/da\/wp-json\/wp\/v2\/product_brand?post=199812"},{"taxonomy":"product_cat","embeddable":true,"href":"https:\/\/aromasentia.com\/da\/wp-json\/wp\/v2\/product_cat?post=199812"},{"taxonomy":"product_tag","embeddable":true,"href":"https:\/\/aromasentia.com\/da\/wp-json\/wp\/v2\/product_tag?post=199812"}],"curies":[{"name":"wp","href":"https:\/\/api.w.org\/{rel}","templated":true}]}}