{"id":199808,"date":"2025-03-22T13:30:47","date_gmt":"2025-03-22T13:30:47","guid":{"rendered":"https:\/\/aromasentia.com\/product\/pack-of-24-rock-crystal-l-a-grade\/"},"modified":"2025-06-22T03:23:08","modified_gmt":"2025-06-22T03:23:08","slug":"pakke-med-24-bjergkrystaller-l-a-kvalitet","status":"publish","type":"product","link":"https:\/\/aromasentia.com\/da\/pakke-med-24-bjergkrystaller-l-a-kvalitet\/","title":{"rendered":"Pakke med 24 Bjergkrystaller L (A-Kvalitet)"},"content":{"rendered":"<p>Forst\u00e6rk klarheden med denne pakke med 24 bjergkrystaller L (A-kvalitet). Dette s\u00e6t indeholder fireogtyve store sten af klar klippekvarts i A-kvalitet, hvilket indikerer h\u00f8j kvalitet og klarhed. Som mesterhealere og energiforst\u00e6rkere er disse krystaller perfekte til kraftfulde grids, forbedring af meditation, programmering af intentioner eller rensning af et rum. Deres enest\u00e5ende klarhed sikrer en kraftig energiledning, der bringer lys, fokus og forst\u00e6rkede positive vibrationer til enhver spirituel praksis eller ethvert milj\u00f8 og fremmer healing.<\/p>\n","protected":false},"excerpt":{"rendered":"<p>Forst\u00e6rk klarheden med denne pakke med 24 bjergkrystaller L (A-kvalitet). Dette s\u00e6t indeholder fireogtyve store sten af klar klippekvarts i A-kvalitet, hvilket indikerer h\u00f8j kvalitet og klarhed. Som mesterhealere og energiforst\u00e6rkere er disse krystaller perfekte til kraftfulde grids, forbedring af meditation, programmering af intentioner eller rensning af et rum. Deres enest\u00e5ende klarhed sikrer en kraftig [&hellip;]<\/p>\n","protected":false},"featured_media":348159,"comment_status":"closed","ping_status":"open","template":"","meta":{"_angie_page":false},"product_brand":[],"product_cat":[25743,6243,25222,6869],"product_tag":[],"class_list":{"0":"post-199808","1":"product","2":"type-product","3":"status-publish","4":"has-post-thumbnail","6":"product_cat-bjergkrystal","7":"product_cat-esoteriske-gaver","8":"product_cat-krystaller-og-sten","9":"product_cat-lommesten","10":"pa_collection-large-tumble-stones-da","11":"pa_made-in-brasilien","13":"first","14":"instock","15":"purchasable","16":"product-type-simple"},"supplier_id":null,"supplier_sku":"TBm-14A","barcode":null,"atum_controlled":true,"out_stock_date":null,"out_stock_threshold":null,"inheritable":false,"inbound_stock":null,"stock_on_hold":0,"sold_today":0,"sales_last_days":0,"reserved_stock":null,"customer_returns":null,"warehouse_damage":null,"lost_in_post":null,"other_logs":null,"out_stock_days":0,"lost_sales":0,"has_location":null,"update_date":"2026-04-27T07:24:00","atum_locations":[],"atum_stock_status":"instock","restock_status":false,"low_stock_amount":"","sales_update_date":"2026-01-30T01:24:52","calc_backorders":null,"_links":{"self":[{"href":"https:\/\/aromasentia.com\/da\/wp-json\/wp\/v2\/product\/199808","targetHints":{"allow":["GET"]}}],"collection":[{"href":"https:\/\/aromasentia.com\/da\/wp-json\/wp\/v2\/product"}],"about":[{"href":"https:\/\/aromasentia.com\/da\/wp-json\/wp\/v2\/types\/product"}],"replies":[{"embeddable":true,"href":"https:\/\/aromasentia.com\/da\/wp-json\/wp\/v2\/comments?post=199808"}],"version-history":[{"count":0,"href":"https:\/\/aromasentia.com\/da\/wp-json\/wp\/v2\/product\/199808\/revisions"}],"wp:featuredmedia":[{"embeddable":true,"href":"https:\/\/aromasentia.com\/da\/wp-json\/wp\/v2\/media\/348159"}],"wp:attachment":[{"href":"https:\/\/aromasentia.com\/da\/wp-json\/wp\/v2\/media?parent=199808"}],"wp:term":[{"taxonomy":"product_brand","embeddable":true,"href":"https:\/\/aromasentia.com\/da\/wp-json\/wp\/v2\/product_brand?post=199808"},{"taxonomy":"product_cat","embeddable":true,"href":"https:\/\/aromasentia.com\/da\/wp-json\/wp\/v2\/product_cat?post=199808"},{"taxonomy":"product_tag","embeddable":true,"href":"https:\/\/aromasentia.com\/da\/wp-json\/wp\/v2\/product_tag?post=199808"}],"curies":[{"name":"wp","href":"https:\/\/api.w.org\/{rel}","templated":true}]}}