{"id":199802,"date":"2025-03-22T13:30:47","date_gmt":"2025-03-22T13:30:47","guid":{"rendered":"https:\/\/aromasentia.com\/product\/pack-of-24-l-tumble-stones-prehnite\/"},"modified":"2025-06-22T03:23:05","modified_gmt":"2025-06-22T03:23:05","slug":"pakke-med-24-l-sten-prehnite","status":"publish","type":"product","link":"https:\/\/aromasentia.com\/da\/pakke-med-24-l-sten-prehnite\/","title":{"rendered":"Pakke med 24 L Sten &#8211; Prehnite"},"content":{"rendered":"<p>Prehnit dannes i \u00e5rer og fordybninger i vulkanske bjergarter, ofte basaltiske, men forekommer ogs\u00e5 i granitter. Tidligere er den blevet forvekslet med jade, serpentin, krysopras og andre \u00e6delsten.&nbsp;<\/p>\n<p>Prehnits afd\u00e6mpede, \u00e6blegr\u00f8nne farve passer smukt til guld, men den skinner virkelig i kombination med s\u00f8lv.&nbsp;<\/p>\n<p>Prehnit anses for at v\u00e6re en dr\u00f8mmesten. Den menes at forbedre klare dr\u00f8mme og fremme kommunikationen med andre eksistensplaner. Den anses ogs\u00e5 for at v\u00e6re profetiens sten, som l\u00e6nge har v\u00e6ret brugt af de oprindelige folk i Sydafrika.<\/p>\n<p><strong>Disse \u00e6delsten er pakket i poser med 24 stk. og er ca. 20-30 mm pr. sten.<\/strong><\/p>\n","protected":false},"excerpt":{"rendered":"<p>Prehnit dannes i \u00e5rer og fordybninger i vulkanske bjergarter, ofte basaltiske, men forekommer ogs\u00e5 i granitter. Tidligere er den blevet forvekslet med jade, serpentin, krysopras og andre \u00e6delsten.&nbsp; Prehnits afd\u00e6mpede, \u00e6blegr\u00f8nne farve passer smukt til guld, men den skinner virkelig i kombination med s\u00f8lv.&nbsp; Prehnit anses for at v\u00e6re en dr\u00f8mmesten. Den menes at forbedre [&hellip;]<\/p>\n","protected":false},"featured_media":348065,"comment_status":"closed","ping_status":"open","template":"","meta":{"_angie_page":false},"product_brand":[],"product_cat":[6243,25222,6869,25722],"product_tag":[],"class_list":{"0":"post-199802","1":"product","2":"type-product","3":"status-publish","4":"has-post-thumbnail","6":"product_cat-esoteriske-gaver","7":"product_cat-krystaller-og-sten","8":"product_cat-lommesten","9":"product_cat-prehnit","10":"pa_collection-large-tumble-stones-da","11":"pa_made-in-sydafrika","13":"first","14":"instock","15":"purchasable","16":"product-type-simple"},"supplier_id":null,"supplier_sku":"TBm-53","barcode":null,"atum_controlled":true,"out_stock_date":null,"out_stock_threshold":null,"inheritable":false,"inbound_stock":null,"stock_on_hold":0,"sold_today":0,"sales_last_days":0,"reserved_stock":null,"customer_returns":null,"warehouse_damage":null,"lost_in_post":null,"other_logs":null,"out_stock_days":0,"lost_sales":0,"has_location":null,"update_date":"2026-04-27T07:24:00","atum_locations":[],"atum_stock_status":"instock","restock_status":false,"low_stock_amount":"","sales_update_date":"2026-02-06T00:01:29","calc_backorders":null,"_links":{"self":[{"href":"https:\/\/aromasentia.com\/da\/wp-json\/wp\/v2\/product\/199802","targetHints":{"allow":["GET"]}}],"collection":[{"href":"https:\/\/aromasentia.com\/da\/wp-json\/wp\/v2\/product"}],"about":[{"href":"https:\/\/aromasentia.com\/da\/wp-json\/wp\/v2\/types\/product"}],"replies":[{"embeddable":true,"href":"https:\/\/aromasentia.com\/da\/wp-json\/wp\/v2\/comments?post=199802"}],"version-history":[{"count":0,"href":"https:\/\/aromasentia.com\/da\/wp-json\/wp\/v2\/product\/199802\/revisions"}],"wp:featuredmedia":[{"embeddable":true,"href":"https:\/\/aromasentia.com\/da\/wp-json\/wp\/v2\/media\/348065"}],"wp:attachment":[{"href":"https:\/\/aromasentia.com\/da\/wp-json\/wp\/v2\/media?parent=199802"}],"wp:term":[{"taxonomy":"product_brand","embeddable":true,"href":"https:\/\/aromasentia.com\/da\/wp-json\/wp\/v2\/product_brand?post=199802"},{"taxonomy":"product_cat","embeddable":true,"href":"https:\/\/aromasentia.com\/da\/wp-json\/wp\/v2\/product_cat?post=199802"},{"taxonomy":"product_tag","embeddable":true,"href":"https:\/\/aromasentia.com\/da\/wp-json\/wp\/v2\/product_tag?post=199802"}],"curies":[{"name":"wp","href":"https:\/\/api.w.org\/{rel}","templated":true}]}}