{"id":199801,"date":"2025-03-22T13:30:47","date_gmt":"2025-03-22T13:30:47","guid":{"rendered":"https:\/\/aromasentia.com\/product\/pack-of-24-l-tumble-stone-blue-tiger-eye\/"},"modified":"2025-06-22T03:23:03","modified_gmt":"2025-06-22T03:23:03","slug":"pakke-med-24-l-sten-blaa-tigeroeje","status":"publish","type":"product","link":"https:\/\/aromasentia.com\/da\/pakke-med-24-l-sten-blaa-tigeroeje\/","title":{"rendered":"Pakke med 24 L Sten &#8211; Bl\u00e5 Tiger\u00f8je"},"content":{"rendered":"<p>M\u00f8d den unikke tiger\u00f8jevariant med delikate bl\u00e5 refleksioner. Den er spr\u00f8d og delikat, uigennemsigtig og h\u00f8rer til de meget sj\u00e6ldne mineraler.&nbsp;<\/p>\n<p>Det bl\u00e5 tiger\u00f8je anses for at v\u00e6re en sten for neurotiske og ofte stressede mennesker. Den har en beroligende, reducerende eller endda stresslindrende effekt.<\/p>\n<p><strong>Disse \u00e6delsten er pakket i poser med 24 stk. og er ca. 20-30 mm pr. sten.<\/strong><\/p>\n","protected":false},"excerpt":{"rendered":"<p>M\u00f8d den unikke tiger\u00f8jevariant med delikate bl\u00e5 refleksioner. Den er spr\u00f8d og delikat, uigennemsigtig og h\u00f8rer til de meget sj\u00e6ldne mineraler.&nbsp; Det bl\u00e5 tiger\u00f8je anses for at v\u00e6re en sten for neurotiske og ofte stressede mennesker. Den har en beroligende, reducerende eller endda stresslindrende effekt. Disse \u00e6delsten er pakket i poser med 24 stk. og [&hellip;]<\/p>\n","protected":false},"featured_media":330979,"comment_status":"closed","ping_status":"open","template":"","meta":{"_angie_page":false},"product_brand":[],"product_cat":[6243,25222,6869,25781],"product_tag":[],"class_list":{"0":"post-199801","1":"product","2":"type-product","3":"status-publish","4":"has-post-thumbnail","6":"product_cat-esoteriske-gaver","7":"product_cat-krystaller-og-sten","8":"product_cat-lommesten","9":"product_cat-tigeroje","10":"pa_collection-large-tumble-stones-da","11":"pa_made-in-sydafrika","13":"first","14":"outofstock","15":"purchasable","16":"product-type-simple"},"supplier_id":null,"supplier_sku":"TBm-48","barcode":null,"atum_controlled":true,"out_stock_date":"2025-09-05 16:25:31","out_stock_threshold":null,"inheritable":false,"inbound_stock":null,"stock_on_hold":0,"sold_today":0,"sales_last_days":0,"reserved_stock":null,"customer_returns":null,"warehouse_damage":null,"lost_in_post":null,"other_logs":null,"out_stock_days":0,"lost_sales":0,"has_location":null,"update_date":"2026-04-27T07:24:00","atum_locations":[],"atum_stock_status":"outofstock","restock_status":false,"low_stock_amount":"","sales_update_date":"2025-09-05T00:26:28","calc_backorders":null,"_links":{"self":[{"href":"https:\/\/aromasentia.com\/da\/wp-json\/wp\/v2\/product\/199801","targetHints":{"allow":["GET"]}}],"collection":[{"href":"https:\/\/aromasentia.com\/da\/wp-json\/wp\/v2\/product"}],"about":[{"href":"https:\/\/aromasentia.com\/da\/wp-json\/wp\/v2\/types\/product"}],"replies":[{"embeddable":true,"href":"https:\/\/aromasentia.com\/da\/wp-json\/wp\/v2\/comments?post=199801"}],"version-history":[{"count":0,"href":"https:\/\/aromasentia.com\/da\/wp-json\/wp\/v2\/product\/199801\/revisions"}],"wp:featuredmedia":[{"embeddable":true,"href":"https:\/\/aromasentia.com\/da\/wp-json\/wp\/v2\/media\/330979"}],"wp:attachment":[{"href":"https:\/\/aromasentia.com\/da\/wp-json\/wp\/v2\/media?parent=199801"}],"wp:term":[{"taxonomy":"product_brand","embeddable":true,"href":"https:\/\/aromasentia.com\/da\/wp-json\/wp\/v2\/product_brand?post=199801"},{"taxonomy":"product_cat","embeddable":true,"href":"https:\/\/aromasentia.com\/da\/wp-json\/wp\/v2\/product_cat?post=199801"},{"taxonomy":"product_tag","embeddable":true,"href":"https:\/\/aromasentia.com\/da\/wp-json\/wp\/v2\/product_tag?post=199801"}],"curies":[{"name":"wp","href":"https:\/\/api.w.org\/{rel}","templated":true}]}}