{"id":199800,"date":"2025-03-22T13:30:47","date_gmt":"2025-03-22T13:30:47","guid":{"rendered":"https:\/\/aromasentia.com\/product\/l-tumble-stones-tiger-eye-gold\/"},"modified":"2025-06-22T03:23:02","modified_gmt":"2025-06-22T03:23:02","slug":"l-sten-tigeroeje-guld","status":"publish","type":"product","link":"https:\/\/aromasentia.com\/da\/l-sten-tigeroeje-guld\/","title":{"rendered":"L Sten &#8211; Tiger\u00f8je &#8211; Guld"},"content":{"rendered":"<p>Kig ind i \u00f8jet p\u00e5 en storsl\u00e5et tiger. Dyrets magnetisme skinner i denne gyldengule, st\u00e6rkt stribede sten.<\/p>\n<p>Tiger\u00f8je er en form for kvarts. Det er en popul\u00e6r sten i forskellige typer herre-, dame- og unisexsmykker.&nbsp;<\/p>\n<p>For at kende den spirituelle v\u00e6rdi af tiger\u00f8jet skal man bare t\u00e6nke p\u00e5 navnet. Ligesom den store kat, den er opkaldt efter, ved denne \u00e6delsten, hvor vigtigt det er at v\u00e6re opm\u00e6rksom p\u00e5 detaljerne. Tiger\u00f8jet siges at minde dig om at stoppe op, se og lytte, f\u00f8r du foretager dig noget.<\/p>\n<p><strong>Disse \u00e6delsten er pakket i poser med 24 stk. og er ca. 20-30 mm pr. sten.<\/strong><\/p>\n","protected":false},"excerpt":{"rendered":"<p>Kig ind i \u00f8jet p\u00e5 en storsl\u00e5et tiger. Dyrets magnetisme skinner i denne gyldengule, st\u00e6rkt stribede sten. Tiger\u00f8je er en form for kvarts. Det er en popul\u00e6r sten i forskellige typer herre-, dame- og unisexsmykker.&nbsp; For at kende den spirituelle v\u00e6rdi af tiger\u00f8jet skal man bare t\u00e6nke p\u00e5 navnet. Ligesom den store kat, den er [&hellip;]<\/p>\n","protected":false},"featured_media":347983,"comment_status":"closed","ping_status":"open","template":"","meta":{"_angie_page":false},"product_brand":[],"product_cat":[6243,25222,6869,25781],"product_tag":[],"class_list":{"0":"post-199800","1":"product","2":"type-product","3":"status-publish","4":"has-post-thumbnail","6":"product_cat-esoteriske-gaver","7":"product_cat-krystaller-og-sten","8":"product_cat-lommesten","9":"product_cat-tigeroje","10":"pa_collection-large-tumble-stones-da","11":"pa_made-in-sydafrika","13":"first","14":"instock","15":"purchasable","16":"product-type-simple"},"supplier_id":null,"supplier_sku":"TBm-24","barcode":null,"atum_controlled":true,"out_stock_date":null,"out_stock_threshold":null,"inheritable":false,"inbound_stock":null,"stock_on_hold":0,"sold_today":0,"sales_last_days":0,"reserved_stock":null,"customer_returns":null,"warehouse_damage":null,"lost_in_post":null,"other_logs":null,"out_stock_days":0,"lost_sales":0,"has_location":null,"update_date":"2026-04-27T07:24:00","atum_locations":[],"atum_stock_status":"instock","restock_status":false,"low_stock_amount":"","sales_update_date":"2025-09-05T00:26:28","calc_backorders":null,"_links":{"self":[{"href":"https:\/\/aromasentia.com\/da\/wp-json\/wp\/v2\/product\/199800","targetHints":{"allow":["GET"]}}],"collection":[{"href":"https:\/\/aromasentia.com\/da\/wp-json\/wp\/v2\/product"}],"about":[{"href":"https:\/\/aromasentia.com\/da\/wp-json\/wp\/v2\/types\/product"}],"replies":[{"embeddable":true,"href":"https:\/\/aromasentia.com\/da\/wp-json\/wp\/v2\/comments?post=199800"}],"version-history":[{"count":0,"href":"https:\/\/aromasentia.com\/da\/wp-json\/wp\/v2\/product\/199800\/revisions"}],"wp:featuredmedia":[{"embeddable":true,"href":"https:\/\/aromasentia.com\/da\/wp-json\/wp\/v2\/media\/347983"}],"wp:attachment":[{"href":"https:\/\/aromasentia.com\/da\/wp-json\/wp\/v2\/media?parent=199800"}],"wp:term":[{"taxonomy":"product_brand","embeddable":true,"href":"https:\/\/aromasentia.com\/da\/wp-json\/wp\/v2\/product_brand?post=199800"},{"taxonomy":"product_cat","embeddable":true,"href":"https:\/\/aromasentia.com\/da\/wp-json\/wp\/v2\/product_cat?post=199800"},{"taxonomy":"product_tag","embeddable":true,"href":"https:\/\/aromasentia.com\/da\/wp-json\/wp\/v2\/product_tag?post=199800"}],"curies":[{"name":"wp","href":"https:\/\/api.w.org\/{rel}","templated":true}]}}