{"id":199799,"date":"2025-03-22T13:30:47","date_gmt":"2025-03-22T13:30:47","guid":{"rendered":"https:\/\/aromasentia.com\/product\/pack-of-24-l-tumble-stones-rock-crystal\/"},"modified":"2025-06-22T03:23:02","modified_gmt":"2025-06-22T03:23:02","slug":"pakke-med-24-l-sten-bjergkrystal","status":"publish","type":"product","link":"https:\/\/aromasentia.com\/da\/pakke-med-24-l-sten-bjergkrystal\/","title":{"rendered":"Pakke med 24 L Sten &#8211; Bjergkrystal"},"content":{"rendered":"<p>Engang troede man, at en bjergkrystal er evig is, sendt af himmelske guder. Det er faktisk et mineral, et af de mest udbredte i jordens kontinentale skorpe, best\u00e5ende af silicium og ilt.&nbsp;<\/p>\n<p>Kvarts kan v\u00e6re s\u00e5 gennemsigtig som is eller have sl\u00f8r, bobler og en r\u00e6kke forskellige farver. Denne betagende sten passer godt sammen med andre og skinner som dr\u00e5ber fra et vandfald, der str\u00f8mmer ned ad bjerget. Den ser godt ud alene eller sammen med andre typer krystaller.&nbsp;<\/p>\n<p>Kvarts er kendt for at v\u00e6re den mest kraftfulde healende sten i mineralriget, der kan fungere under alle forhold. P\u00e5 grund af sin evne til at skabe balance er den god til at harmonisere og stabilisere milj\u00f8et og er nyttig i romantiske forhold.&nbsp;<\/p>\n<p><strong>Disse \u00e6delsten er pakket i poser med 24 og er ca. 20-30 mm pr. sten.<\/strong><\/p>\n","protected":false},"excerpt":{"rendered":"<p>Engang troede man, at en bjergkrystal er evig is, sendt af himmelske guder. Det er faktisk et mineral, et af de mest udbredte i jordens kontinentale skorpe, best\u00e5ende af silicium og ilt.&nbsp; Kvarts kan v\u00e6re s\u00e5 gennemsigtig som is eller have sl\u00f8r, bobler og en r\u00e6kke forskellige farver. Denne betagende sten passer godt sammen med [&hellip;]<\/p>\n","protected":false},"featured_media":347958,"comment_status":"closed","ping_status":"open","template":"","meta":{"_angie_page":false},"product_brand":[],"product_cat":[25743,6243,25222,6869],"product_tag":[],"class_list":{"0":"post-199799","1":"product","2":"type-product","3":"status-publish","4":"has-post-thumbnail","6":"product_cat-bjergkrystal","7":"product_cat-esoteriske-gaver","8":"product_cat-krystaller-og-sten","9":"product_cat-lommesten","10":"pa_collection-large-tumble-stones-da","11":"pa_made-in-brasilien","13":"first","14":"instock","15":"purchasable","16":"product-type-simple"},"supplier_id":null,"supplier_sku":"TBm-14","barcode":null,"atum_controlled":true,"out_stock_date":null,"out_stock_threshold":null,"inheritable":false,"inbound_stock":null,"stock_on_hold":0,"sold_today":0,"sales_last_days":0,"reserved_stock":null,"customer_returns":null,"warehouse_damage":null,"lost_in_post":null,"other_logs":null,"out_stock_days":0,"lost_sales":0,"has_location":null,"update_date":"2026-04-27T07:24:00","atum_locations":[],"atum_stock_status":"instock","restock_status":false,"low_stock_amount":"","sales_update_date":"2025-09-05T00:26:28","calc_backorders":null,"_links":{"self":[{"href":"https:\/\/aromasentia.com\/da\/wp-json\/wp\/v2\/product\/199799","targetHints":{"allow":["GET"]}}],"collection":[{"href":"https:\/\/aromasentia.com\/da\/wp-json\/wp\/v2\/product"}],"about":[{"href":"https:\/\/aromasentia.com\/da\/wp-json\/wp\/v2\/types\/product"}],"replies":[{"embeddable":true,"href":"https:\/\/aromasentia.com\/da\/wp-json\/wp\/v2\/comments?post=199799"}],"version-history":[{"count":0,"href":"https:\/\/aromasentia.com\/da\/wp-json\/wp\/v2\/product\/199799\/revisions"}],"wp:featuredmedia":[{"embeddable":true,"href":"https:\/\/aromasentia.com\/da\/wp-json\/wp\/v2\/media\/347958"}],"wp:attachment":[{"href":"https:\/\/aromasentia.com\/da\/wp-json\/wp\/v2\/media?parent=199799"}],"wp:term":[{"taxonomy":"product_brand","embeddable":true,"href":"https:\/\/aromasentia.com\/da\/wp-json\/wp\/v2\/product_brand?post=199799"},{"taxonomy":"product_cat","embeddable":true,"href":"https:\/\/aromasentia.com\/da\/wp-json\/wp\/v2\/product_cat?post=199799"},{"taxonomy":"product_tag","embeddable":true,"href":"https:\/\/aromasentia.com\/da\/wp-json\/wp\/v2\/product_tag?post=199799"}],"curies":[{"name":"wp","href":"https:\/\/api.w.org\/{rel}","templated":true}]}}