{"id":199798,"date":"2025-03-22T13:30:47","date_gmt":"2025-03-22T13:30:47","guid":{"rendered":"https:\/\/aromasentia.com\/product\/pack-of-24-l-tumble-stone-rose-quartz\/"},"modified":"2025-06-22T03:23:02","modified_gmt":"2025-06-22T03:23:02","slug":"pakke-med-24-l-sten-rose-quartz","status":"publish","type":"product","link":"https:\/\/aromasentia.com\/da\/pakke-med-24-l-sten-rose-quartz\/","title":{"rendered":"Pakke med 24 L Sten &#8211; Rose Quartz"},"content":{"rendered":"<p>Rose Quartz er en sten fra kvartsfamilien, som f\u00e5r sin karakteristiske rosa farve fra blandinger af titanium og mangan. Rosakvarts er ogs\u00e5 meget popul\u00e6r p\u00e5 grund af sin betydning i mytologien, hvor den blev brugt til at symbolisere k\u00e6rlighed. Det er en sten, der ofte v\u00e6lges af samlere; den er grundlaget for den astrologiske samling. Rosakvarts er perfekt som mineral til meditation og bekr\u00e6ftelse, fordi den let overf\u00f8rer energi.<\/p>\n<p><strong>Disse \u00e6delsten er pakket i poser med 24 stk. og er ca. 20 mm &#8211; 30 mm pr. sten.<\/strong><\/p>\n","protected":false},"excerpt":{"rendered":"<p>Rose Quartz er en sten fra kvartsfamilien, som f\u00e5r sin karakteristiske rosa farve fra blandinger af titanium og mangan. Rosakvarts er ogs\u00e5 meget popul\u00e6r p\u00e5 grund af sin betydning i mytologien, hvor den blev brugt til at symbolisere k\u00e6rlighed. Det er en sten, der ofte v\u00e6lges af samlere; den er grundlaget for den astrologiske samling. [&hellip;]<\/p>\n","protected":false},"featured_media":330970,"comment_status":"closed","ping_status":"open","template":"","meta":{"_angie_page":false},"product_brand":[],"product_cat":[6243,25222,25736,6869,25747],"product_tag":[],"class_list":{"0":"post-199798","1":"product","2":"type-product","3":"status-publish","4":"has-post-thumbnail","6":"product_cat-esoteriske-gaver","7":"product_cat-krystaller-og-sten","8":"product_cat-kvarts","9":"product_cat-lommesten","10":"product_cat-rosenkvarts","11":"pa_collection-large-tumble-stones-da","12":"pa_made-in-namibia","14":"first","15":"instock","16":"purchasable","17":"product-type-simple"},"supplier_id":null,"supplier_sku":"TBm-12","barcode":null,"atum_controlled":true,"out_stock_date":null,"out_stock_threshold":null,"inheritable":false,"inbound_stock":null,"stock_on_hold":0,"sold_today":0,"sales_last_days":0,"reserved_stock":null,"customer_returns":null,"warehouse_damage":null,"lost_in_post":null,"other_logs":null,"out_stock_days":0,"lost_sales":0,"has_location":null,"update_date":"2026-04-27T07:24:00","atum_locations":[],"atum_stock_status":"instock","restock_status":false,"low_stock_amount":"","sales_update_date":"2025-09-05T00:26:28","calc_backorders":null,"_links":{"self":[{"href":"https:\/\/aromasentia.com\/da\/wp-json\/wp\/v2\/product\/199798","targetHints":{"allow":["GET"]}}],"collection":[{"href":"https:\/\/aromasentia.com\/da\/wp-json\/wp\/v2\/product"}],"about":[{"href":"https:\/\/aromasentia.com\/da\/wp-json\/wp\/v2\/types\/product"}],"replies":[{"embeddable":true,"href":"https:\/\/aromasentia.com\/da\/wp-json\/wp\/v2\/comments?post=199798"}],"version-history":[{"count":0,"href":"https:\/\/aromasentia.com\/da\/wp-json\/wp\/v2\/product\/199798\/revisions"}],"wp:featuredmedia":[{"embeddable":true,"href":"https:\/\/aromasentia.com\/da\/wp-json\/wp\/v2\/media\/330970"}],"wp:attachment":[{"href":"https:\/\/aromasentia.com\/da\/wp-json\/wp\/v2\/media?parent=199798"}],"wp:term":[{"taxonomy":"product_brand","embeddable":true,"href":"https:\/\/aromasentia.com\/da\/wp-json\/wp\/v2\/product_brand?post=199798"},{"taxonomy":"product_cat","embeddable":true,"href":"https:\/\/aromasentia.com\/da\/wp-json\/wp\/v2\/product_cat?post=199798"},{"taxonomy":"product_tag","embeddable":true,"href":"https:\/\/aromasentia.com\/da\/wp-json\/wp\/v2\/product_tag?post=199798"}],"curies":[{"name":"wp","href":"https:\/\/api.w.org\/{rel}","templated":true}]}}