{"id":199792,"date":"2025-03-22T13:30:47","date_gmt":"2025-03-22T13:30:47","guid":{"rendered":"https:\/\/aromasentia.com\/product\/pack-of-24-l-tumble-stones-quartz-green-l\/"},"modified":"2025-06-22T03:22:59","modified_gmt":"2025-06-22T03:22:59","slug":"pakke-med-24-l-sten-kvarts-green-l","status":"publish","type":"product","link":"https:\/\/aromasentia.com\/da\/pakke-med-24-l-sten-kvarts-green-l\/","title":{"rendered":"Pakke med 24 L Sten &#8211; Kvarts Green L"},"content":{"rendered":"<p>\u00c6delsten er en del af mange gamle kulturer og betragtes ofte som en talisman eller et symbol p\u00e5 held og lykke. Forskellige \u00e6delsten siges at have forskellige egenskaber, og i tusinder af \u00e5r er de blevet lavet til ringe, armb\u00e5nd, amuletter, brocher og vedh\u00e6ng for at indfange deres magi. En popul\u00e6r teori er, at \u00e6delsten indeholder vibrationsenergi. Ved at placere \u00e6delsten i en persons aura er det muligt at \u00e6ndre vibrationerne i den aura.<\/p>\n<p>Uanset hvad du tror p\u00e5, er \u00e6delsten attraktive, interessante og sjove at studere og samle p\u00e5!<\/p>\n","protected":false},"excerpt":{"rendered":"<p>\u00c6delsten er en del af mange gamle kulturer og betragtes ofte som en talisman eller et symbol p\u00e5 held og lykke. Forskellige \u00e6delsten siges at have forskellige egenskaber, og i tusinder af \u00e5r er de blevet lavet til ringe, armb\u00e5nd, amuletter, brocher og vedh\u00e6ng for at indfange deres magi. En popul\u00e6r teori er, at \u00e6delsten [&hellip;]<\/p>\n","protected":false},"featured_media":347791,"comment_status":"closed","ping_status":"open","template":"","meta":[],"product_brand":[],"product_cat":[6243,25222,25736,6869],"product_tag":[],"class_list":{"0":"post-199792","1":"product","2":"type-product","3":"status-publish","4":"has-post-thumbnail","6":"product_cat-esoteriske-gaver","7":"product_cat-krystaller-og-sten","8":"product_cat-kvarts","9":"product_cat-lommesten","10":"pa_collection-large-tumble-stones-da","11":"pa_made-in-brasilien","13":"first","14":"outofstock","15":"purchasable","16":"product-type-simple"},"supplier_id":null,"supplier_sku":"TBm-11","barcode":null,"atum_controlled":true,"out_stock_date":"2025-09-05 16:24:57","out_stock_threshold":null,"inheritable":false,"inbound_stock":null,"stock_on_hold":0,"sold_today":0,"sales_last_days":0,"reserved_stock":null,"customer_returns":null,"warehouse_damage":null,"lost_in_post":null,"other_logs":null,"out_stock_days":0,"lost_sales":0,"has_location":null,"update_date":"2026-02-11T18:08:49","atum_locations":[],"atum_stock_status":"outofstock","restock_status":false,"low_stock_amount":"","sales_update_date":"2025-09-05T00:26:24","calc_backorders":null,"_links":{"self":[{"href":"https:\/\/aromasentia.com\/da\/wp-json\/wp\/v2\/product\/199792","targetHints":{"allow":["GET"]}}],"collection":[{"href":"https:\/\/aromasentia.com\/da\/wp-json\/wp\/v2\/product"}],"about":[{"href":"https:\/\/aromasentia.com\/da\/wp-json\/wp\/v2\/types\/product"}],"replies":[{"embeddable":true,"href":"https:\/\/aromasentia.com\/da\/wp-json\/wp\/v2\/comments?post=199792"}],"version-history":[{"count":0,"href":"https:\/\/aromasentia.com\/da\/wp-json\/wp\/v2\/product\/199792\/revisions"}],"wp:featuredmedia":[{"embeddable":true,"href":"https:\/\/aromasentia.com\/da\/wp-json\/wp\/v2\/media\/347791"}],"wp:attachment":[{"href":"https:\/\/aromasentia.com\/da\/wp-json\/wp\/v2\/media?parent=199792"}],"wp:term":[{"taxonomy":"product_brand","embeddable":true,"href":"https:\/\/aromasentia.com\/da\/wp-json\/wp\/v2\/product_brand?post=199792"},{"taxonomy":"product_cat","embeddable":true,"href":"https:\/\/aromasentia.com\/da\/wp-json\/wp\/v2\/product_cat?post=199792"},{"taxonomy":"product_tag","embeddable":true,"href":"https:\/\/aromasentia.com\/da\/wp-json\/wp\/v2\/product_tag?post=199792"}],"curies":[{"name":"wp","href":"https:\/\/api.w.org\/{rel}","templated":true}]}}