{"id":199783,"date":"2025-03-22T13:30:47","date_gmt":"2025-03-22T13:30:47","guid":{"rendered":"https:\/\/aromasentia.com\/product\/gemstone-lantern-of-life-pendulum-sunstone-tigereye\/"},"modified":"2025-06-22T03:22:55","modified_gmt":"2025-06-22T03:22:55","slug":"aedelsten-lantern-of-life-pendul-solsten-tigereye","status":"publish","type":"product","link":"https:\/\/aromasentia.com\/da\/aedelsten-lantern-of-life-pendul-solsten-tigereye\/","title":{"rendered":"\u00c6delsten Lantern Of Life Pendul &#8211; Solsten &#038; Tigereye"},"content":{"rendered":"<p>T\u00e6nd dine kunders f\u00f8lelse af vitalitet og selvtillid med det f\u00e6ngslende <strong>Wholesale Sunstone &amp; Tiger Eye Lantern of Life Pendulum<\/strong>. Oph\u00e6ngt i en delikat k\u00e6de fungerer dette pendul som et kraftfuldt v\u00e6rkt\u00f8j til at ant\u00e6nde indre ild og opn\u00e5 personlige m\u00e5l.<\/p>\n<p><strong>Kombinationen af solsten og tiger\u00f8je giver en overbevisende synergi<\/strong>. Solsten menes at skabe optimisme, motivation og en f\u00f8lelse af personlig styrke, mens tiger\u00f8je fremmer mod, beslutsomhed og viljen til at overvinde udfordringer. Denne kombination v\u00e6kker genklang hos kunder, der \u00f8nsker at frig\u00f8re deres fulde potentiale og navigere gennem livets forhindringer med modstandskraft.<\/p>\n<p>Lanternedesignet tilf\u00f8rer pendulet symbolik. <strong>Lanterner oplyser vejen forude<\/strong> og tilbyder vejledning og h\u00e5b. Dette v\u00e6kker genklang hos kunder, der s\u00f8ger retning og indre styrke, n\u00e5r de forf\u00f8lger deres m\u00e5l.<\/p>\n<p>Sunstone &amp; Tiger Eye Lantern of Life Pendulum er ideelt til en r\u00e6kke forskellige metafysiske praksisser. Kunderne kan bruge det til <strong>dowsing, sp\u00e5dom, energiarbejde eller meditation<\/strong>, s\u00e5 de kan komme i kontakt med deres indre ild og intuition.<\/p>\n<p>Metafysiske penduler er <strong>stadig mere popul\u00e6re<\/strong> blandt kunder, der s\u00f8ger alternative metoder til selvopdagelse og velv\u00e6re. Ved at tilbyde dette unikke lanternedesign im\u00f8dekommer du et voksende marked.<\/p>\n<p>Bliv en partner i empowerment &#8211; k\u00f8b nu!<\/p>\n","protected":false},"excerpt":{"rendered":"<p>T\u00e6nd dine kunders f\u00f8lelse af vitalitet og selvtillid med det f\u00e6ngslende Wholesale Sunstone &amp; Tiger Eye Lantern of Life Pendulum. Oph\u00e6ngt i en delikat k\u00e6de fungerer dette pendul som et kraftfuldt v\u00e6rkt\u00f8j til at ant\u00e6nde indre ild og opn\u00e5 personlige m\u00e5l. Kombinationen af solsten og tiger\u00f8je giver en overbevisende synergi. Solsten menes at skabe optimisme, [&hellip;]<\/p>\n","protected":false},"featured_media":347534,"comment_status":"closed","ping_status":"open","template":"","meta":{"_angie_page":false},"product_brand":[],"product_cat":[6243,25222,25779,25781,6902],"product_tag":[],"class_list":{"0":"post-199783","1":"product","2":"type-product","3":"status-publish","4":"has-post-thumbnail","6":"product_cat-esoteriske-gaver","7":"product_cat-krystaller-og-sten","8":"product_cat-solsten","9":"product_cat-tigeroje","10":"product_cat-vedhaeng-og-runesten","11":"pa_collection-special-pendulums-da","12":"pa_made-in-indien","14":"first","15":"instock","16":"purchasable","17":"product-type-simple"},"supplier_id":null,"supplier_sku":"SpecMP-65","barcode":null,"atum_controlled":true,"out_stock_date":null,"out_stock_threshold":null,"inheritable":false,"inbound_stock":null,"stock_on_hold":0,"sold_today":0,"sales_last_days":0,"reserved_stock":null,"customer_returns":null,"warehouse_damage":null,"lost_in_post":null,"other_logs":null,"out_stock_days":0,"lost_sales":0,"has_location":null,"update_date":"2026-04-27T07:22:53","atum_locations":[],"atum_stock_status":"instock","restock_status":false,"low_stock_amount":"","sales_update_date":"2026-01-30T01:26:37","calc_backorders":null,"_links":{"self":[{"href":"https:\/\/aromasentia.com\/da\/wp-json\/wp\/v2\/product\/199783","targetHints":{"allow":["GET"]}}],"collection":[{"href":"https:\/\/aromasentia.com\/da\/wp-json\/wp\/v2\/product"}],"about":[{"href":"https:\/\/aromasentia.com\/da\/wp-json\/wp\/v2\/types\/product"}],"replies":[{"embeddable":true,"href":"https:\/\/aromasentia.com\/da\/wp-json\/wp\/v2\/comments?post=199783"}],"version-history":[{"count":0,"href":"https:\/\/aromasentia.com\/da\/wp-json\/wp\/v2\/product\/199783\/revisions"}],"wp:featuredmedia":[{"embeddable":true,"href":"https:\/\/aromasentia.com\/da\/wp-json\/wp\/v2\/media\/347534"}],"wp:attachment":[{"href":"https:\/\/aromasentia.com\/da\/wp-json\/wp\/v2\/media?parent=199783"}],"wp:term":[{"taxonomy":"product_brand","embeddable":true,"href":"https:\/\/aromasentia.com\/da\/wp-json\/wp\/v2\/product_brand?post=199783"},{"taxonomy":"product_cat","embeddable":true,"href":"https:\/\/aromasentia.com\/da\/wp-json\/wp\/v2\/product_cat?post=199783"},{"taxonomy":"product_tag","embeddable":true,"href":"https:\/\/aromasentia.com\/da\/wp-json\/wp\/v2\/product_tag?post=199783"}],"curies":[{"name":"wp","href":"https:\/\/api.w.org\/{rel}","templated":true}]}}