{"id":199782,"date":"2025-03-22T13:30:47","date_gmt":"2025-03-22T13:30:47","guid":{"rendered":"https:\/\/aromasentia.com\/product\/gemstone-lantern-of-life-pendulum-black-agate-rose-quartz\/"},"modified":"2025-06-22T03:22:55","modified_gmt":"2025-06-22T03:22:55","slug":"aedelsten-lantern-of-life-pendul-sort-agat-rosenkvarts","status":"publish","type":"product","link":"https:\/\/aromasentia.com\/da\/aedelsten-lantern-of-life-pendul-sort-agat-rosenkvarts\/","title":{"rendered":"\u00c6delsten Lantern Of Life Pendul &#8211; Sort Agat &#038; Rosenkvarts"},"content":{"rendered":"<p>Styrk dine kunder til at dyrke en f\u00f8lelse af fred og velv\u00e6re med det f\u00e6ngslende <strong>Wholesale Gemstone Lantern of Life Pendulum med sort agat og rosenkvarts<\/strong>. Pendulet er oph\u00e6ngt i en delikat k\u00e6de og fungerer som et kraftfuldt v\u00e6rkt\u00f8j til spirituel udforskning og selvopdagelse.<\/p>\n<p><strong>Kombinationen af sort agat og rosenkvarts giver en overbevisende dualitet<\/strong>. Sort agat menes at give en f\u00f8lelse af sikkerhed og f\u00f8lelsesm\u00e6ssig jordforbindelse, mens rosenkvarts fremmer k\u00e6rlighed, medf\u00f8lelse og indre fred. Denne synergi v\u00e6kker genklang hos kunder, der s\u00f8ger en velafrundet tilgang til \u00e5ndelig v\u00e6kst.<\/p>\n<p>Lanternedesignet tilf\u00f8rer pendulet symbolik. <strong>Lanterner oplyser vejen forude<\/strong> og giver vejledning og h\u00e5b. Dette v\u00e6kker genklang hos kunder, der s\u00f8ger retning og st\u00f8tte p\u00e5 deres spirituelle rejser.<\/p>\n<p>Dette pendul er ideelt til en r\u00e6kke metafysiske praksisser. Kunderne kan bruge det til <strong>dowsing, sp\u00e5dom, energiarbejde eller meditation<\/strong>, s\u00e5 de kan komme i kontakt med deres indre visdom og intuition.<\/p>\n<p>Metafysiske penduler bliver stadig mere popul\u00e6re blandt kunder, der s\u00f8ger alternative metoder til selvopdagelse og velv\u00e6re. <strong>Ved at tilbyde dette unikke lanternedesign im\u00f8dekommer du et voksende marked<\/strong>.&nbsp;<\/p>\n<p>Bliv en partner i v\u00e6kst &#8211; k\u00f8b nu!<\/p>\n","protected":false},"excerpt":{"rendered":"<p>Styrk dine kunder til at dyrke en f\u00f8lelse af fred og velv\u00e6re med det f\u00e6ngslende Wholesale Gemstone Lantern of Life Pendulum med sort agat og rosenkvarts. Pendulet er oph\u00e6ngt i en delikat k\u00e6de og fungerer som et kraftfuldt v\u00e6rkt\u00f8j til spirituel udforskning og selvopdagelse. Kombinationen af sort agat og rosenkvarts giver en overbevisende dualitet. Sort [&hellip;]<\/p>\n","protected":false},"featured_media":347509,"comment_status":"closed","ping_status":"open","template":"","meta":{"_angie_page":false},"product_brand":[],"product_cat":[25537,6243,25222,25736,25747,6902],"product_tag":[],"class_list":{"0":"post-199782","1":"product","2":"type-product","3":"status-publish","4":"has-post-thumbnail","6":"product_cat-achat","7":"product_cat-esoteriske-gaver","8":"product_cat-krystaller-og-sten","9":"product_cat-kvarts","10":"product_cat-rosenkvarts","11":"product_cat-vedhaeng-og-runesten","12":"pa_collection-special-pendulums-da","13":"pa_made-in-indien","15":"first","16":"instock","17":"purchasable","18":"product-type-simple"},"supplier_id":null,"supplier_sku":"SpecMP-64","barcode":null,"atum_controlled":true,"out_stock_date":null,"out_stock_threshold":null,"inheritable":false,"inbound_stock":null,"stock_on_hold":0,"sold_today":0,"sales_last_days":0,"reserved_stock":null,"customer_returns":null,"warehouse_damage":null,"lost_in_post":null,"other_logs":null,"out_stock_days":0,"lost_sales":0,"has_location":null,"update_date":"2026-04-27T19:08:26","atum_locations":[],"atum_stock_status":"instock","restock_status":false,"low_stock_amount":"","sales_update_date":"2026-01-20T05:14:07","calc_backorders":null,"_links":{"self":[{"href":"https:\/\/aromasentia.com\/da\/wp-json\/wp\/v2\/product\/199782","targetHints":{"allow":["GET"]}}],"collection":[{"href":"https:\/\/aromasentia.com\/da\/wp-json\/wp\/v2\/product"}],"about":[{"href":"https:\/\/aromasentia.com\/da\/wp-json\/wp\/v2\/types\/product"}],"replies":[{"embeddable":true,"href":"https:\/\/aromasentia.com\/da\/wp-json\/wp\/v2\/comments?post=199782"}],"version-history":[{"count":0,"href":"https:\/\/aromasentia.com\/da\/wp-json\/wp\/v2\/product\/199782\/revisions"}],"wp:featuredmedia":[{"embeddable":true,"href":"https:\/\/aromasentia.com\/da\/wp-json\/wp\/v2\/media\/347509"}],"wp:attachment":[{"href":"https:\/\/aromasentia.com\/da\/wp-json\/wp\/v2\/media?parent=199782"}],"wp:term":[{"taxonomy":"product_brand","embeddable":true,"href":"https:\/\/aromasentia.com\/da\/wp-json\/wp\/v2\/product_brand?post=199782"},{"taxonomy":"product_cat","embeddable":true,"href":"https:\/\/aromasentia.com\/da\/wp-json\/wp\/v2\/product_cat?post=199782"},{"taxonomy":"product_tag","embeddable":true,"href":"https:\/\/aromasentia.com\/da\/wp-json\/wp\/v2\/product_tag?post=199782"}],"curies":[{"name":"wp","href":"https:\/\/api.w.org\/{rel}","templated":true}]}}