{"id":199777,"date":"2025-03-22T13:30:47","date_gmt":"2025-03-22T13:30:47","guid":{"rendered":"https:\/\/aromasentia.com\/product\/faceted-gemstone-pendulum-amethyst\/"},"modified":"2025-06-22T03:22:50","modified_gmt":"2025-06-22T03:22:50","slug":"facetteret-pendel-ametyst","status":"publish","type":"product","link":"https:\/\/aromasentia.com\/da\/facetteret-pendel-ametyst\/","title":{"rendered":"Facetteret Pendel &#8211; Ametyst"},"content":{"rendered":"<p>Fyld din butik med raffinement og spirituel energi med disse <strong>Enkeltst\u00e5ende facetterede ametystpendler<\/strong>. Disse penduler har f\u00e6ngslende facetterede ametyst-\u00e6delsten, som hver is\u00e6r er omhyggeligt slebet og poleret for at afsl\u00f8re stenens glans og farvedybde.<\/p>\n<p><strong>Ametyst<\/strong>, der er kendt for sine fascinerende lilla nuancer, er en popul\u00e6r sten, som menes at fremme spirituel bevidsthed, klar t\u00e6nkning og intuition<\/strong>. Den pr\u00e6cise facettering af disse pendler forst\u00e6rker ametystens naturlige sk\u00f8nhed og menes at forbedre krystallens evne til at fokusere energi.<\/p>\n<p>Udvid dit produktudbud med disse elegante pendler. De bruges traditionelt til <strong>dowsing og sp\u00e5dom<\/strong>, men kan ogs\u00e5 bruges til <strong>meditation, afslapning<\/strong> eller som et smukt smykke. Ametystens glatte, polerede overflade er behagelig at holde ved, og det v\u00e6gtede punkt giver et tilfredsstillende sving under brug.<\/p>\n<p>S\u00e6lges til engrospriser, og disse polerede ametystpendler er <strong>perfekte til metafysiske butikker, gavebutikker<\/strong> eller enhver forhandler, der er p\u00e5 udkig efter unikke og trendy varer. De er lette og nemme at udstille, kr\u00e6ver minimal hyldeplads og kan generere en betydelig fortjeneste. Bestil dine i dag og f\u00e5 del i det voksende marked for krystalhealingsgaver!<\/p>\n","protected":false},"excerpt":{"rendered":"<p>Fyld din butik med raffinement og spirituel energi med disse Enkeltst\u00e5ende facetterede ametystpendler. Disse penduler har f\u00e6ngslende facetterede ametyst-\u00e6delsten, som hver is\u00e6r er omhyggeligt slebet og poleret for at afsl\u00f8re stenens glans og farvedybde. Ametyst, der er kendt for sine fascinerende lilla nuancer, er en popul\u00e6r sten, som menes at fremme spirituel bevidsthed, klar t\u00e6nkning [&hellip;]<\/p>\n","protected":false},"featured_media":347376,"comment_status":"closed","ping_status":"open","template":"","meta":{"_angie_page":false},"product_brand":[],"product_cat":[25544,6243,25222,6902],"product_tag":[],"class_list":{"0":"post-199777","1":"product","2":"type-product","3":"status-publish","4":"has-post-thumbnail","6":"product_cat-ametyst","7":"product_cat-esoteriske-gaver","8":"product_cat-krystaller-og-sten","9":"product_cat-vedhaeng-og-runesten","10":"pa_collection-special-pendulums-da","11":"pa_made-in-indien","13":"first","14":"instock","15":"purchasable","16":"product-type-simple"},"supplier_id":null,"supplier_sku":"SpecMP-59","barcode":null,"atum_controlled":true,"out_stock_date":null,"out_stock_threshold":null,"inheritable":false,"inbound_stock":null,"stock_on_hold":0,"sold_today":0,"sales_last_days":0,"reserved_stock":null,"customer_returns":null,"warehouse_damage":null,"lost_in_post":null,"other_logs":null,"out_stock_days":0,"lost_sales":0,"has_location":null,"update_date":"2026-04-27T19:08:26","atum_locations":[],"atum_stock_status":"instock","restock_status":false,"low_stock_amount":"","sales_update_date":"2026-02-06T00:01:50","calc_backorders":null,"_links":{"self":[{"href":"https:\/\/aromasentia.com\/da\/wp-json\/wp\/v2\/product\/199777","targetHints":{"allow":["GET"]}}],"collection":[{"href":"https:\/\/aromasentia.com\/da\/wp-json\/wp\/v2\/product"}],"about":[{"href":"https:\/\/aromasentia.com\/da\/wp-json\/wp\/v2\/types\/product"}],"replies":[{"embeddable":true,"href":"https:\/\/aromasentia.com\/da\/wp-json\/wp\/v2\/comments?post=199777"}],"version-history":[{"count":0,"href":"https:\/\/aromasentia.com\/da\/wp-json\/wp\/v2\/product\/199777\/revisions"}],"wp:featuredmedia":[{"embeddable":true,"href":"https:\/\/aromasentia.com\/da\/wp-json\/wp\/v2\/media\/347376"}],"wp:attachment":[{"href":"https:\/\/aromasentia.com\/da\/wp-json\/wp\/v2\/media?parent=199777"}],"wp:term":[{"taxonomy":"product_brand","embeddable":true,"href":"https:\/\/aromasentia.com\/da\/wp-json\/wp\/v2\/product_brand?post=199777"},{"taxonomy":"product_cat","embeddable":true,"href":"https:\/\/aromasentia.com\/da\/wp-json\/wp\/v2\/product_cat?post=199777"},{"taxonomy":"product_tag","embeddable":true,"href":"https:\/\/aromasentia.com\/da\/wp-json\/wp\/v2\/product_tag?post=199777"}],"curies":[{"name":"wp","href":"https:\/\/api.w.org\/{rel}","templated":true}]}}