{"id":199762,"date":"2025-03-22T13:30:57","date_gmt":"2025-03-22T13:30:57","guid":{"rendered":"https:\/\/aromasentia.com\/product\/med-black-beaten-bowl-15cm\/"},"modified":"2025-06-22T03:22:44","modified_gmt":"2025-06-22T03:22:44","slug":"med-black-beaten-bowl-15-cm","status":"publish","type":"product","link":"https:\/\/aromasentia.com\/da\/med-black-beaten-bowl-15-cm\/","title":{"rendered":"med Black Beaten Bowl &#8211; 15 cm"},"content":{"rendered":"<p style=\"text-align: justify;\"><strong>I buddhistisk praksis bruges syngesk\u00e5le som st\u00f8tte til meditation, tranceinduktion og b\u00f8n.<\/strong><\/p>\n<p style=\"text-align: justify;\">Syngesk\u00e5le er en type klokke, men i stedet for at h\u00e6nge omvendt eller v\u00e6re fastgjort til et h\u00e5ndtag, sidder syngesk\u00e5lene med bunden i ro. Sangsk\u00e5lens sider og kant vibrerer for at frembringe lyd.<\/p>\n<p style=\"text-align: justify;\"><strong>St\u00f8rrelse: D: 15 cm , H: 9 cm<\/strong><\/p>\n","protected":false},"excerpt":{"rendered":"<p>I buddhistisk praksis bruges syngesk\u00e5le som st\u00f8tte til meditation, tranceinduktion og b\u00f8n. Syngesk\u00e5le er en type klokke, men i stedet for at h\u00e6nge omvendt eller v\u00e6re fastgjort til et h\u00e5ndtag, sidder syngesk\u00e5lene med bunden i ro. Sangsk\u00e5lens sider og kant vibrerer for at frembringe lyd. St\u00f8rrelse: D: 15 cm , H: 9 cm<\/p>\n","protected":false},"featured_media":349078,"comment_status":"closed","ping_status":"open","template":"","meta":{"_angie_page":false},"product_brand":[],"product_cat":[5591,6852],"product_tag":[],"class_list":{"0":"post-199762","1":"product","2":"type-product","3":"status-publish","4":"has-post-thumbnail","6":"product_cat-hjem-og-have","7":"product_cat-syngeskale-og-klokker","8":"pa_collection-tibetan-singing-bowls-da","9":"pa_made-in-indien","11":"first","12":"instock","13":"purchasable","14":"product-type-simple"},"supplier_id":null,"supplier_sku":"Tib-85","barcode":null,"atum_controlled":true,"out_stock_date":null,"out_stock_threshold":null,"inheritable":false,"inbound_stock":null,"stock_on_hold":0,"sold_today":0,"sales_last_days":0,"reserved_stock":null,"customer_returns":null,"warehouse_damage":null,"lost_in_post":null,"other_logs":null,"out_stock_days":0,"lost_sales":0,"has_location":null,"update_date":"2026-05-08T05:20:19","atum_locations":[],"atum_stock_status":"instock","restock_status":false,"low_stock_amount":"","sales_update_date":"2025-09-05T00:26:45","calc_backorders":null,"_links":{"self":[{"href":"https:\/\/aromasentia.com\/da\/wp-json\/wp\/v2\/product\/199762","targetHints":{"allow":["GET"]}}],"collection":[{"href":"https:\/\/aromasentia.com\/da\/wp-json\/wp\/v2\/product"}],"about":[{"href":"https:\/\/aromasentia.com\/da\/wp-json\/wp\/v2\/types\/product"}],"replies":[{"embeddable":true,"href":"https:\/\/aromasentia.com\/da\/wp-json\/wp\/v2\/comments?post=199762"}],"version-history":[{"count":0,"href":"https:\/\/aromasentia.com\/da\/wp-json\/wp\/v2\/product\/199762\/revisions"}],"wp:featuredmedia":[{"embeddable":true,"href":"https:\/\/aromasentia.com\/da\/wp-json\/wp\/v2\/media\/349078"}],"wp:attachment":[{"href":"https:\/\/aromasentia.com\/da\/wp-json\/wp\/v2\/media?parent=199762"}],"wp:term":[{"taxonomy":"product_brand","embeddable":true,"href":"https:\/\/aromasentia.com\/da\/wp-json\/wp\/v2\/product_brand?post=199762"},{"taxonomy":"product_cat","embeddable":true,"href":"https:\/\/aromasentia.com\/da\/wp-json\/wp\/v2\/product_cat?post=199762"},{"taxonomy":"product_tag","embeddable":true,"href":"https:\/\/aromasentia.com\/da\/wp-json\/wp\/v2\/product_tag?post=199762"}],"curies":[{"name":"wp","href":"https:\/\/api.w.org\/{rel}","templated":true}]}}