{"id":199746,"date":"2025-03-22T13:30:57","date_gmt":"2025-03-22T13:30:57","guid":{"rendered":"https:\/\/aromasentia.com\/product\/brass-singing-bowl-gift-set-9cm\/"},"modified":"2025-06-22T03:22:35","modified_gmt":"2025-06-22T03:22:35","slug":"messing-sangskaal-gavesaet-9-cm","status":"publish","type":"product","link":"https:\/\/aromasentia.com\/da\/messing-sangskaal-gavesaet-9-cm\/","title":{"rendered":"Messing Sangsk\u00e5l Gaves\u00e6t &#8211; 9 cm"},"content":{"rendered":"<p><span style=\"color: rgb(75, 80, 88);\">Perfekt tibetansk gave. Fin polstret \u00e6ske med messingsk\u00e5l, pude og ruskindsbelagt pind. Brug pindens tr\u00e6ende til at f\u00e5 sk\u00e5len til at synge. Den polstrede ende laver en guddommelig dong. En gave, der vil g\u00f8re nogen mere end glad &#8211; og bringe lidt ekstra indre ro.<\/span><\/p>\n<p><span style=\"color: rgb(75, 80, 88);\">St\u00f8rrelser: \u00c6ske: 13,5 x 13,5 x 6,5 cm, &nbsp; Sk\u00e5l: D: 9 cm, H: 4 cm<\/span><\/p>\n<p><span style=\"color: rgb(75, 80, 88);\">Pude: 8&#215;8 cm, Stok: L: 11,5 cm<\/span><\/p>\n<p><span style=\"color: rgb(75, 80, 88);\"><\/span><span style=\"color: rgb(75, 80, 88);\">I buddhistisk praksis bruges syngesk\u00e5le som st\u00f8tte til meditation, tranceinduktion og b\u00f8n. Tr\u00e6d ind i denne fortryllende verden&#8230; s\u00e5 lav den guddommelige dong og bliv fortryllet.<\/span><\/p>\n<p><span style=\"color: rgb(75, 80, 88);\">Syngesk\u00e5le er en slags klokke, og i stedet for at h\u00e6nge omvendt eller v\u00e6re fastgjort til et h\u00e5ndtag, sidder syngesk\u00e5lene med undersiden hvilende. Siderne og kanten af syngesk\u00e5lene vibrerer for at producere lyd.<\/span><\/p>\n<p><span style=\"color: rgb(75, 80, 88);\">*Bem\u00e6rk venligst: P\u00e5 grund af produkternes natur kan st\u00f8rrelserne variere en smule.<\/span><\/p>\n<p><span style=\"color: rgb(75, 80, 88);\">Fremstillet af tibetanske munke i eksil i Indien. Direkte import, s\u00e5 du kan v\u00e6re sikker p\u00e5 v\u00e6rdi og kvalitet.<\/span><\/p>\n","protected":false},"excerpt":{"rendered":"<p>Perfekt tibetansk gave. Fin polstret \u00e6ske med messingsk\u00e5l, pude og ruskindsbelagt pind. Brug pindens tr\u00e6ende til at f\u00e5 sk\u00e5len til at synge. Den polstrede ende laver en guddommelig dong. En gave, der vil g\u00f8re nogen mere end glad &#8211; og bringe lidt ekstra indre ro. St\u00f8rrelser: \u00c6ske: 13,5 x 13,5 x 6,5 cm, &nbsp; Sk\u00e5l: [&hellip;]<\/p>\n","protected":false},"featured_media":348534,"comment_status":"closed","ping_status":"open","template":"","meta":{"_angie_page":false},"product_brand":[],"product_cat":[5591,6852],"product_tag":[],"class_list":{"0":"post-199746","1":"product","2":"type-product","3":"status-publish","4":"has-post-thumbnail","6":"product_cat-hjem-og-have","7":"product_cat-syngeskale-og-klokker","8":"pa_collection-tibetan-singing-bowls-da","9":"pa_made-in-indien","11":"first","12":"instock","13":"purchasable","14":"product-type-simple"},"supplier_id":null,"supplier_sku":"Tib-53","barcode":null,"atum_controlled":true,"out_stock_date":null,"out_stock_threshold":null,"inheritable":false,"inbound_stock":null,"stock_on_hold":0,"sold_today":0,"sales_last_days":0,"reserved_stock":null,"customer_returns":null,"warehouse_damage":null,"lost_in_post":null,"other_logs":null,"out_stock_days":0,"lost_sales":0,"has_location":null,"update_date":"2026-04-30T06:45:56","atum_locations":[],"atum_stock_status":"instock","restock_status":false,"low_stock_amount":"","sales_update_date":"2025-09-05T00:26:39","calc_backorders":null,"_links":{"self":[{"href":"https:\/\/aromasentia.com\/da\/wp-json\/wp\/v2\/product\/199746","targetHints":{"allow":["GET"]}}],"collection":[{"href":"https:\/\/aromasentia.com\/da\/wp-json\/wp\/v2\/product"}],"about":[{"href":"https:\/\/aromasentia.com\/da\/wp-json\/wp\/v2\/types\/product"}],"replies":[{"embeddable":true,"href":"https:\/\/aromasentia.com\/da\/wp-json\/wp\/v2\/comments?post=199746"}],"version-history":[{"count":0,"href":"https:\/\/aromasentia.com\/da\/wp-json\/wp\/v2\/product\/199746\/revisions"}],"wp:featuredmedia":[{"embeddable":true,"href":"https:\/\/aromasentia.com\/da\/wp-json\/wp\/v2\/media\/348534"}],"wp:attachment":[{"href":"https:\/\/aromasentia.com\/da\/wp-json\/wp\/v2\/media?parent=199746"}],"wp:term":[{"taxonomy":"product_brand","embeddable":true,"href":"https:\/\/aromasentia.com\/da\/wp-json\/wp\/v2\/product_brand?post=199746"},{"taxonomy":"product_cat","embeddable":true,"href":"https:\/\/aromasentia.com\/da\/wp-json\/wp\/v2\/product_cat?post=199746"},{"taxonomy":"product_tag","embeddable":true,"href":"https:\/\/aromasentia.com\/da\/wp-json\/wp\/v2\/product_tag?post=199746"}],"curies":[{"name":"wp","href":"https:\/\/api.w.org\/{rel}","templated":true}]}}