{"id":199730,"date":"2025-03-22T13:30:57","date_gmt":"2025-03-22T13:30:57","guid":{"rendered":"https:\/\/aromasentia.com\/product\/pack-of-18-xl-tumble-stones-rose-quartz-grade-p\/"},"modified":"2025-06-22T03:22:26","modified_gmt":"2025-06-22T03:22:26","slug":"pakke-med-18-xl-sten-rose-kvarts-grade-p","status":"publish","type":"product","link":"https:\/\/aromasentia.com\/da\/pakke-med-18-xl-sten-rose-kvarts-grade-p\/","title":{"rendered":"Pakke med 18 Xl Sten &#8211; Rose Kvarts Grade P"},"content":{"rendered":"<p>\u00c6delsten er en del af mange gamle kulturer og betragtes ofte som en **talisman** eller et symbol p\u00e5 held og lykke. I tusinder af \u00e5r er de blevet lavet til ringe, armb\u00e5nd, amuletter, brocher og vedh\u00e6ng for at indfange deres magi.<\/p>\n<p><strong>Rosenkvarts&#8217; gamle visdomskr\u00e6fter: K\u00e6rlighed og forsoning<\/strong><\/p>\n<p>En popul\u00e6r teori er, at \u00e6delsten indeholder vibrationsenergi. Ved at placere \u00e6delsten i en persons aura er det muligt at \u00e6ndre vibrationerne i denne aura.<\/p>\n<p><strong>Trumlesten &#8211; Rosakvarts XL<\/strong> er smukke naturmaterialer, der har f\u00e5et en behagelig form og en lys polering. Attraktive, interessante og sjove at samle p\u00e5, de s\u00e6lger bestemt godt!<\/p>\n<p>Disse tumlesten er pakket i poser med 18 og er cirka 30 mm &#8211; 40 mm pr. sten.<\/p>\n<p><strong><span style=\"color: rgb(141, 186, 216);\">En god udstilling i en gavebutik eller hobbybutik vil altid generere salg.<\/span><\/strong><\/p>\n","protected":false},"excerpt":{"rendered":"<p>\u00c6delsten er en del af mange gamle kulturer og betragtes ofte som en **talisman** eller et symbol p\u00e5 held og lykke. I tusinder af \u00e5r er de blevet lavet til ringe, armb\u00e5nd, amuletter, brocher og vedh\u00e6ng for at indfange deres magi. Rosenkvarts&#8217; gamle visdomskr\u00e6fter: K\u00e6rlighed og forsoning En popul\u00e6r teori er, at \u00e6delsten indeholder vibrationsenergi. [&hellip;]<\/p>\n","protected":false},"featured_media":348358,"comment_status":"closed","ping_status":"open","template":"","meta":{"_angie_page":false},"product_brand":[],"product_cat":[6243,25222,25736,6869,25747],"product_tag":[],"class_list":{"0":"post-199730","1":"product","2":"type-product","3":"status-publish","4":"has-post-thumbnail","6":"product_cat-esoteriske-gaver","7":"product_cat-krystaller-og-sten","8":"product_cat-kvarts","9":"product_cat-lommesten","10":"product_cat-rosenkvarts","11":"pa_collection-large-tumble-stones-da","12":"pa_made-in-brasilien","14":"first","15":"outofstock","16":"purchasable","17":"product-type-simple"},"supplier_id":null,"supplier_sku":"TBXL-54","barcode":null,"atum_controlled":true,"out_stock_date":"2025-09-05 16:26:10","out_stock_threshold":null,"inheritable":false,"inbound_stock":null,"stock_on_hold":0,"sold_today":0,"sales_last_days":0,"reserved_stock":null,"customer_returns":null,"warehouse_damage":null,"lost_in_post":null,"other_logs":null,"out_stock_days":0,"lost_sales":0,"has_location":null,"update_date":"2026-04-27T07:24:05","atum_locations":[],"atum_stock_status":"outofstock","restock_status":false,"low_stock_amount":"","sales_update_date":"2025-09-05T00:26:34","calc_backorders":null,"_links":{"self":[{"href":"https:\/\/aromasentia.com\/da\/wp-json\/wp\/v2\/product\/199730","targetHints":{"allow":["GET"]}}],"collection":[{"href":"https:\/\/aromasentia.com\/da\/wp-json\/wp\/v2\/product"}],"about":[{"href":"https:\/\/aromasentia.com\/da\/wp-json\/wp\/v2\/types\/product"}],"replies":[{"embeddable":true,"href":"https:\/\/aromasentia.com\/da\/wp-json\/wp\/v2\/comments?post=199730"}],"version-history":[{"count":0,"href":"https:\/\/aromasentia.com\/da\/wp-json\/wp\/v2\/product\/199730\/revisions"}],"wp:featuredmedia":[{"embeddable":true,"href":"https:\/\/aromasentia.com\/da\/wp-json\/wp\/v2\/media\/348358"}],"wp:attachment":[{"href":"https:\/\/aromasentia.com\/da\/wp-json\/wp\/v2\/media?parent=199730"}],"wp:term":[{"taxonomy":"product_brand","embeddable":true,"href":"https:\/\/aromasentia.com\/da\/wp-json\/wp\/v2\/product_brand?post=199730"},{"taxonomy":"product_cat","embeddable":true,"href":"https:\/\/aromasentia.com\/da\/wp-json\/wp\/v2\/product_cat?post=199730"},{"taxonomy":"product_tag","embeddable":true,"href":"https:\/\/aromasentia.com\/da\/wp-json\/wp\/v2\/product_tag?post=199730"}],"curies":[{"name":"wp","href":"https:\/\/api.w.org\/{rel}","templated":true}]}}