{"id":199729,"date":"2025-03-22T13:30:57","date_gmt":"2025-03-22T13:30:57","guid":{"rendered":"https:\/\/aromasentia.com\/product\/pack-of-24-tumble-stones-white-aventurine-l\/"},"modified":"2025-06-22T03:22:26","modified_gmt":"2025-06-22T03:22:26","slug":"pakke-med-24-sten-hvid-aventurin-l","status":"publish","type":"product","link":"https:\/\/aromasentia.com\/da\/pakke-med-24-sten-hvid-aventurin-l\/","title":{"rendered":"Pakke med 24 Sten &#8211; Hvid Aventurin L"},"content":{"rendered":"<p><span style=\"color: rgb(75, 80, 88);\">\u00c6delsten er en del af mange gamle kulturer og betragtes ofte som en talisman eller et symbol p\u00e5 held og lykke. I tusinder af \u00e5r er de blevet lavet til ringe, armb\u00e5nd, amuletter, brocher og vedh\u00e6ng for at indfange deres magi.<\/span><\/p>\n<p><span style=\"color: rgb(75, 80, 88);\"><strong>Kr\u00e6fter fra hvid aventurin: F\u00f8lelsesm\u00e6ssig genopretning og opmuntring<\/strong><\/span><\/p>\n<p><span style=\"color: rgb(75, 80, 88);\">En popul\u00e6r teori er, at \u00e6delsten indeholder vibrationsenergi. Ved at placere \u00e6delsten i en persons aura er det muligt at \u00e6ndre vibrationerne i denne aura.<\/span><\/p>\n<p><span style=\"color: rgb(75, 80, 88);\"><strong>Trumlesten &#8211; Hvid Aventurin L<\/strong> er smukke naturmaterialer, der har f\u00e5et en behagelig form og en lys polering. De er attraktive, interessante og sjove at samle p\u00e5, og de s\u00e6lger bestemt godt!<\/span><\/p>\n<p><span style=\"color: rgb(75, 80, 88);\">Disse tumlesten er pakket i poser med 24 og er cirka 20 mm &#8211; 30 mm pr. sten. Dette er den mest popul\u00e6re samlerst\u00f8rrelse.<\/span><\/p>\n<p><span style=\"color: rgb(141, 186, 216);\"><strong>En god udstilling i en e-butik eller hobbybutik vil altid generere salg.<\/strong><\/span><\/p>\n","protected":false},"excerpt":{"rendered":"<p>\u00c6delsten er en del af mange gamle kulturer og betragtes ofte som en talisman eller et symbol p\u00e5 held og lykke. I tusinder af \u00e5r er de blevet lavet til ringe, armb\u00e5nd, amuletter, brocher og vedh\u00e6ng for at indfange deres magi. Kr\u00e6fter fra hvid aventurin: F\u00f8lelsesm\u00e6ssig genopretning og opmuntring En popul\u00e6r teori er, at \u00e6delsten [&hellip;]<\/p>\n","protected":false},"featured_media":348349,"comment_status":"closed","ping_status":"open","template":"","meta":{"_angie_page":false},"product_brand":[],"product_cat":[25559,6243,25222,6869],"product_tag":[],"class_list":{"0":"post-199729","1":"product","2":"type-product","3":"status-publish","4":"has-post-thumbnail","6":"product_cat-aventurin","7":"product_cat-esoteriske-gaver","8":"product_cat-krystaller-og-sten","9":"product_cat-lommesten","10":"pa_collection-large-tumble-stones-da","11":"pa_made-in-canada","13":"first","14":"instock","15":"purchasable","16":"product-type-simple"},"supplier_id":null,"supplier_sku":"TBm-66","barcode":null,"atum_controlled":true,"out_stock_date":null,"out_stock_threshold":null,"inheritable":false,"inbound_stock":null,"stock_on_hold":0,"sold_today":0,"sales_last_days":0,"reserved_stock":null,"customer_returns":null,"warehouse_damage":null,"lost_in_post":null,"other_logs":null,"out_stock_days":0,"lost_sales":0,"has_location":null,"update_date":"2026-04-27T07:24:00","atum_locations":[],"atum_stock_status":"instock","restock_status":false,"low_stock_amount":"","sales_update_date":"2026-01-30T01:25:41","calc_backorders":null,"_links":{"self":[{"href":"https:\/\/aromasentia.com\/da\/wp-json\/wp\/v2\/product\/199729","targetHints":{"allow":["GET"]}}],"collection":[{"href":"https:\/\/aromasentia.com\/da\/wp-json\/wp\/v2\/product"}],"about":[{"href":"https:\/\/aromasentia.com\/da\/wp-json\/wp\/v2\/types\/product"}],"replies":[{"embeddable":true,"href":"https:\/\/aromasentia.com\/da\/wp-json\/wp\/v2\/comments?post=199729"}],"version-history":[{"count":0,"href":"https:\/\/aromasentia.com\/da\/wp-json\/wp\/v2\/product\/199729\/revisions"}],"wp:featuredmedia":[{"embeddable":true,"href":"https:\/\/aromasentia.com\/da\/wp-json\/wp\/v2\/media\/348349"}],"wp:attachment":[{"href":"https:\/\/aromasentia.com\/da\/wp-json\/wp\/v2\/media?parent=199729"}],"wp:term":[{"taxonomy":"product_brand","embeddable":true,"href":"https:\/\/aromasentia.com\/da\/wp-json\/wp\/v2\/product_brand?post=199729"},{"taxonomy":"product_cat","embeddable":true,"href":"https:\/\/aromasentia.com\/da\/wp-json\/wp\/v2\/product_cat?post=199729"},{"taxonomy":"product_tag","embeddable":true,"href":"https:\/\/aromasentia.com\/da\/wp-json\/wp\/v2\/product_tag?post=199729"}],"curies":[{"name":"wp","href":"https:\/\/api.w.org\/{rel}","templated":true}]}}