{"id":199690,"date":"2025-03-22T13:31:05","date_gmt":"2025-03-22T13:31:05","guid":{"rendered":"https:\/\/aromasentia.com\/product\/large-chakra-set-of-seven-singing-bowls-19-5-35cm\/"},"modified":"2025-06-22T03:22:06","modified_gmt":"2025-06-22T03:22:06","slug":"stort-chakrasaet-med-syv-syngeskaale-195-35-cm","status":"publish","type":"product","link":"https:\/\/aromasentia.com\/da\/stort-chakrasaet-med-syv-syngeskaale-195-35-cm\/","title":{"rendered":"Stort Chakras\u00e6t med Syv Syngesk\u00e5le (19,5-35 cm)"},"content":{"rendered":"<p><span style=\"color: rgb(75, 80, 88);\"><strong>Dette s\u00e6t best\u00e5r af syv store tibetanske syngesk\u00e5le, der varierer i st\u00f8rrelse fra 19,5 cm til 35 cm.<\/strong> Hver sk\u00e5l er omhyggeligt designet til at korrespondere med et af de syv chakraer, med levende farver og symboler. Disse sk\u00e5le er h\u00e5ndlavede og producerer fyldige, resonante lyde, n\u00e5r de spilles <strong>med den medf\u00f8lgende hammer<\/strong>.<\/span><\/p>\n<p><span style=\"color: rgb(75, 80, 88);\">Tibetanske syngesk\u00e5le har en lang historie med at fremme afslapning, meditation og chakrajustering.<\/span><\/p>\n<p><span style=\"color: rgb(75, 80, 88);\">Dette s\u00e6t er ideelt til chakrabalancering og dyb meditation. Sk\u00e5lene hj\u00e6lper med at justere kroppens energicentre, hvilket fremmer velv\u00e6re og indre harmoni.<\/span><\/p>\n","protected":false},"excerpt":{"rendered":"<p>Dette s\u00e6t best\u00e5r af syv store tibetanske syngesk\u00e5le, der varierer i st\u00f8rrelse fra 19,5 cm til 35 cm. Hver sk\u00e5l er omhyggeligt designet til at korrespondere med et af de syv chakraer, med levende farver og symboler. Disse sk\u00e5le er h\u00e5ndlavede og producerer fyldige, resonante lyde, n\u00e5r de spilles med den medf\u00f8lgende hammer. Tibetanske syngesk\u00e5le [&hellip;]<\/p>\n","protected":false},"featured_media":350794,"comment_status":"closed","ping_status":"open","template":"","meta":{"_angie_page":false},"product_brand":[],"product_cat":[5591,6852],"product_tag":[],"class_list":{"0":"post-199690","1":"product","2":"type-product","3":"status-publish","4":"has-post-thumbnail","6":"product_cat-hjem-og-have","7":"product_cat-syngeskale-og-klokker","8":"pa_collection-tibetan-singing-bowls-da","9":"pa_made-in-indien","11":"first","12":"instock","13":"purchasable","14":"product-type-simple"},"supplier_id":null,"supplier_sku":"TIB-116","barcode":null,"atum_controlled":true,"out_stock_date":null,"out_stock_threshold":null,"inheritable":false,"inbound_stock":null,"stock_on_hold":0,"sold_today":0,"sales_last_days":0,"reserved_stock":null,"customer_returns":null,"warehouse_damage":null,"lost_in_post":null,"other_logs":null,"out_stock_days":0,"lost_sales":0,"has_location":null,"update_date":"2026-04-27T07:24:47","atum_locations":[],"atum_stock_status":"instock","restock_status":false,"low_stock_amount":"","sales_update_date":"2025-09-05T00:26:51","calc_backorders":null,"_links":{"self":[{"href":"https:\/\/aromasentia.com\/da\/wp-json\/wp\/v2\/product\/199690","targetHints":{"allow":["GET"]}}],"collection":[{"href":"https:\/\/aromasentia.com\/da\/wp-json\/wp\/v2\/product"}],"about":[{"href":"https:\/\/aromasentia.com\/da\/wp-json\/wp\/v2\/types\/product"}],"replies":[{"embeddable":true,"href":"https:\/\/aromasentia.com\/da\/wp-json\/wp\/v2\/comments?post=199690"}],"version-history":[{"count":0,"href":"https:\/\/aromasentia.com\/da\/wp-json\/wp\/v2\/product\/199690\/revisions"}],"wp:featuredmedia":[{"embeddable":true,"href":"https:\/\/aromasentia.com\/da\/wp-json\/wp\/v2\/media\/350794"}],"wp:attachment":[{"href":"https:\/\/aromasentia.com\/da\/wp-json\/wp\/v2\/media?parent=199690"}],"wp:term":[{"taxonomy":"product_brand","embeddable":true,"href":"https:\/\/aromasentia.com\/da\/wp-json\/wp\/v2\/product_brand?post=199690"},{"taxonomy":"product_cat","embeddable":true,"href":"https:\/\/aromasentia.com\/da\/wp-json\/wp\/v2\/product_cat?post=199690"},{"taxonomy":"product_tag","embeddable":true,"href":"https:\/\/aromasentia.com\/da\/wp-json\/wp\/v2\/product_tag?post=199690"}],"curies":[{"name":"wp","href":"https:\/\/api.w.org\/{rel}","templated":true}]}}