{"id":199682,"date":"2025-03-22T13:31:05","date_gmt":"2025-03-22T13:31:05","guid":{"rendered":"https:\/\/aromasentia.com\/product\/tibetan-healing-engraved-bowl-21cm-7-chakra-flower-of-life\/"},"modified":"2025-06-22T03:22:03","modified_gmt":"2025-06-22T03:22:03","slug":"tibetansk-healingsskaal-med-indgravering-21-cm-7-chakraer-og-livets-blomst","status":"publish","type":"product","link":"https:\/\/aromasentia.com\/da\/tibetansk-healingsskaal-med-indgravering-21-cm-7-chakraer-og-livets-blomst\/","title":{"rendered":"Tibetansk Healingssk\u00e5l med Indgravering &#8211; 21 cm &#8211; 7 Chakraer Og Livets Blomst"},"content":{"rendered":"<p><span style=\"color: rgb(75, 80, 88);\"><strong>I hjertet af Nepal, hvor gamle traditioner og spirituel visdom m\u00f8des, har tibetanske munke v\u00e6vet deres ekspertise ind i hver eneste detalje af disse uds\u00f8gte syngesk\u00e5le.<\/strong>Hver sk\u00e5l, der er fremstillet med \u00e6rb\u00f8dighed og omhu, er et mesterv\u00e6rk i sig selv, der resonerer med selve essensen af Himalaya-bjergene.<\/span><\/p>\n<p><span style=\"color: rgb(75, 80, 88);\"><strong>Fusionen af Livets Blomst og de 7 chakraer i denne 21 cm store sk\u00e5l er et mesterv\u00e6rk inden for lydhealing.<\/strong> Fremstillet af messing, kobber, bronze, jern og s\u00f8lv i Nepal, kan du tilbyde dine kunder et v\u00e6rkt\u00f8j til dyb energijustering og meditation.<\/span><\/p>\n<p><span style=\"color: rgb(75, 80, 88);\">Ligesom med de 7 chakraer, skildrer denne sk\u00e5ls graveringer energicentrene i vores krop. Livets Blomst-symbolet, der best\u00e5r af sammenkoblede cirkler, repr\u00e6senterer den hellige geometri, der ligger til grund for skabelsen, og den sammenh\u00e6ng, alt liv har. Sammen fremmer disse symboler balance, balance og sammenh\u00e6ng p\u00e5 et spirituelt niveau.<\/span><\/p>\n","protected":false},"excerpt":{"rendered":"<p>I hjertet af Nepal, hvor gamle traditioner og spirituel visdom m\u00f8des, har tibetanske munke v\u00e6vet deres ekspertise ind i hver eneste detalje af disse uds\u00f8gte syngesk\u00e5le.Hver sk\u00e5l, der er fremstillet med \u00e6rb\u00f8dighed og omhu, er et mesterv\u00e6rk i sig selv, der resonerer med selve essensen af Himalaya-bjergene. Fusionen af Livets Blomst og de 7 chakraer [&hellip;]<\/p>\n","protected":false},"featured_media":350418,"comment_status":"closed","ping_status":"open","template":"","meta":{"_angie_page":false},"product_brand":[],"product_cat":[5591,6852],"product_tag":[],"class_list":{"0":"post-199682","1":"product","2":"type-product","3":"status-publish","4":"has-post-thumbnail","6":"product_cat-hjem-og-have","7":"product_cat-syngeskale-og-klokker","8":"pa_collection-tibetan-singing-bowls-da","9":"pa_made-in-nepal","11":"first","12":"outofstock","13":"purchasable","14":"product-type-simple"},"supplier_id":null,"supplier_sku":"Tib-106","barcode":null,"atum_controlled":true,"out_stock_date":"2025-09-05 16:33:14","out_stock_threshold":null,"inheritable":false,"inbound_stock":null,"stock_on_hold":0,"sold_today":0,"sales_last_days":0,"reserved_stock":null,"customer_returns":null,"warehouse_damage":null,"lost_in_post":null,"other_logs":null,"out_stock_days":0,"lost_sales":0,"has_location":null,"update_date":"2026-04-27T07:24:41","atum_locations":[],"atum_stock_status":"outofstock","restock_status":false,"low_stock_amount":"","sales_update_date":"2025-09-05T00:26:50","calc_backorders":null,"_links":{"self":[{"href":"https:\/\/aromasentia.com\/da\/wp-json\/wp\/v2\/product\/199682","targetHints":{"allow":["GET"]}}],"collection":[{"href":"https:\/\/aromasentia.com\/da\/wp-json\/wp\/v2\/product"}],"about":[{"href":"https:\/\/aromasentia.com\/da\/wp-json\/wp\/v2\/types\/product"}],"replies":[{"embeddable":true,"href":"https:\/\/aromasentia.com\/da\/wp-json\/wp\/v2\/comments?post=199682"}],"version-history":[{"count":0,"href":"https:\/\/aromasentia.com\/da\/wp-json\/wp\/v2\/product\/199682\/revisions"}],"wp:featuredmedia":[{"embeddable":true,"href":"https:\/\/aromasentia.com\/da\/wp-json\/wp\/v2\/media\/350418"}],"wp:attachment":[{"href":"https:\/\/aromasentia.com\/da\/wp-json\/wp\/v2\/media?parent=199682"}],"wp:term":[{"taxonomy":"product_brand","embeddable":true,"href":"https:\/\/aromasentia.com\/da\/wp-json\/wp\/v2\/product_brand?post=199682"},{"taxonomy":"product_cat","embeddable":true,"href":"https:\/\/aromasentia.com\/da\/wp-json\/wp\/v2\/product_cat?post=199682"},{"taxonomy":"product_tag","embeddable":true,"href":"https:\/\/aromasentia.com\/da\/wp-json\/wp\/v2\/product_tag?post=199682"}],"curies":[{"name":"wp","href":"https:\/\/api.w.org\/{rel}","templated":true}]}}