{"id":199681,"date":"2025-03-22T13:31:05","date_gmt":"2025-03-22T13:31:05","guid":{"rendered":"https:\/\/aromasentia.com\/product\/tibetan-healing-engraved-bowl-21cm-om-buddha\/"},"modified":"2025-06-22T03:22:00","modified_gmt":"2025-06-22T03:22:00","slug":"tibetansk-healingsskaal-med-indgravering-21-cm-om-buddha","status":"publish","type":"product","link":"https:\/\/aromasentia.com\/da\/tibetansk-healingsskaal-med-indgravering-21-cm-om-buddha\/","title":{"rendered":"Tibetansk Healingssk\u00e5l med Indgravering &#8211; 21 cm &#8211; Om &#038; Buddha"},"content":{"rendered":"<p><span style=\"color: rgb(75, 80, 88);\"><strong>I hjertet af Nepal, hvor gamle traditioner og spirituel visdom m\u00f8des, har tibetanske munke v\u00e6vet deres ekspertise ind i hver eneste detalje af disse uds\u00f8gte syngesk\u00e5le.<\/strong> Hver sk\u00e5l er fremstillet med \u00e6rb\u00f8dighed og omhu og er et mesterv\u00e6rk i sig selv, der giver genlyd af selve essensen af Himalaya-bjergene.<\/span><\/p>\n<p><span style=\"color: rgb(75, 80, 88);\"><strong>Denne 21 cm store sk\u00e5l, omhyggeligt fremstillet i Nepal af messing, kobber, bronze, jern og s\u00f8lv, har indgraveringer af det hellige &#8220;Om&#8221; og Buddha.<\/strong> Det er en ideel tilf\u00f8jelse til dem, der s\u00f8ger at komme i kontakt med en spirituel rejse.<\/span><\/p>\n<p><span style=\"color: rgb(75, 80, 88);\">&#8220;Om&#8221;-symbolet er en hellig lyd og et spirituelt ikon, der repr\u00e6senterer den ultimative virkelighed, bevidsthed og enhed. Buddha-graveringen symboliserer oplysning og indre fred. Denne sk\u00e5l tilbyder en dyb meditativ oplevelse ved at kombinere kraften fra &#8220;Om&#8221; med Buddhas vejledning.<\/p>\n","protected":false},"excerpt":{"rendered":"<p>I hjertet af Nepal, hvor gamle traditioner og spirituel visdom m\u00f8des, har tibetanske munke v\u00e6vet deres ekspertise ind i hver eneste detalje af disse uds\u00f8gte syngesk\u00e5le. Hver sk\u00e5l er fremstillet med \u00e6rb\u00f8dighed og omhu og er et mesterv\u00e6rk i sig selv, der giver genlyd af selve essensen af Himalaya-bjergene. Denne 21 cm store sk\u00e5l, omhyggeligt [&hellip;]<\/p>\n","protected":false},"featured_media":350345,"comment_status":"closed","ping_status":"open","template":"","meta":{"_angie_page":false},"product_brand":[],"product_cat":[5591,6852],"product_tag":[],"class_list":{"0":"post-199681","1":"product","2":"type-product","3":"status-publish","4":"has-post-thumbnail","6":"product_cat-hjem-og-have","7":"product_cat-syngeskale-og-klokker","8":"pa_collection-tibetan-singing-bowls-da","9":"pa_made-in-nepal","11":"first","12":"outofstock","13":"purchasable","14":"product-type-simple"},"supplier_id":null,"supplier_sku":"Tib-105","barcode":null,"atum_controlled":true,"out_stock_date":"2025-09-05 16:33:10","out_stock_threshold":null,"inheritable":false,"inbound_stock":null,"stock_on_hold":0,"sold_today":0,"sales_last_days":0,"reserved_stock":null,"customer_returns":null,"warehouse_damage":null,"lost_in_post":null,"other_logs":null,"out_stock_days":0,"lost_sales":0,"has_location":null,"update_date":"2026-04-27T07:24:41","atum_locations":[],"atum_stock_status":"outofstock","restock_status":false,"low_stock_amount":"","sales_update_date":"2025-09-05T00:26:50","calc_backorders":null,"_links":{"self":[{"href":"https:\/\/aromasentia.com\/da\/wp-json\/wp\/v2\/product\/199681","targetHints":{"allow":["GET"]}}],"collection":[{"href":"https:\/\/aromasentia.com\/da\/wp-json\/wp\/v2\/product"}],"about":[{"href":"https:\/\/aromasentia.com\/da\/wp-json\/wp\/v2\/types\/product"}],"replies":[{"embeddable":true,"href":"https:\/\/aromasentia.com\/da\/wp-json\/wp\/v2\/comments?post=199681"}],"version-history":[{"count":0,"href":"https:\/\/aromasentia.com\/da\/wp-json\/wp\/v2\/product\/199681\/revisions"}],"wp:featuredmedia":[{"embeddable":true,"href":"https:\/\/aromasentia.com\/da\/wp-json\/wp\/v2\/media\/350345"}],"wp:attachment":[{"href":"https:\/\/aromasentia.com\/da\/wp-json\/wp\/v2\/media?parent=199681"}],"wp:term":[{"taxonomy":"product_brand","embeddable":true,"href":"https:\/\/aromasentia.com\/da\/wp-json\/wp\/v2\/product_brand?post=199681"},{"taxonomy":"product_cat","embeddable":true,"href":"https:\/\/aromasentia.com\/da\/wp-json\/wp\/v2\/product_cat?post=199681"},{"taxonomy":"product_tag","embeddable":true,"href":"https:\/\/aromasentia.com\/da\/wp-json\/wp\/v2\/product_tag?post=199681"}],"curies":[{"name":"wp","href":"https:\/\/api.w.org\/{rel}","templated":true}]}}