{"id":199678,"date":"2025-03-22T13:31:05","date_gmt":"2025-03-22T13:31:05","guid":{"rendered":"https:\/\/aromasentia.com\/product\/tibetan-healing-engraved-bowl-16cm-7-chakra\/"},"modified":"2025-06-22T03:21:59","modified_gmt":"2025-06-22T03:21:59","slug":"tibetansk-healingsskaal-med-indgravering-16-cm-7-chakraer","status":"publish","type":"product","link":"https:\/\/aromasentia.com\/da\/tibetansk-healingsskaal-med-indgravering-16-cm-7-chakraer\/","title":{"rendered":"Tibetansk Healingssk\u00e5l med Indgravering &#8211; 16 cm &#8211; 7 Chakraer"},"content":{"rendered":"<p><span style=\"color: rgb(75, 80, 88);\"><strong>I hjertet af Nepal, hvor gamle traditioner og spirituel visdom m\u00f8des, har tibetanske munke v\u00e6vet deres ekspertise ind i hver eneste detalje af disse uds\u00f8gte syngesk\u00e5le.<\/strong> Hver sk\u00e5l er fremstillet med \u00e6rb\u00f8dighed og omhu og er et mesterv\u00e6rk i sig selv, der giver genlyd af selve essensen af Himalaya-bjergene.<\/span><\/p>\n<p><span style=\"color: rgb(75, 80, 88);\"><strong>Denne 16 cm store sk\u00e5l er h\u00e5ndlavet i Nepal og fremstillet af en blanding af messing, kobber, bronze, jern og s\u00f8lv. Den har indviklede graveringer, der repr\u00e6senterer de 7 chakraer. <\/strong><\/span><\/p>\n<p><span style=\"color: rgb(75, 80, 88);\">Du kan nu tilbyde dine kunder en holistisk tilgang til velv\u00e6re og spiritualitet med dette uds\u00f8gte stykke.<\/span><\/p>\n<p><span style=\"color: rgb(75, 80, 88);\">Graveringerne p\u00e5 denne sk\u00e5l repr\u00e6senterer de syv chakraer, som er energicentre, der er placeret langs rygs\u00f8jlen. Hvert chakra svarer til forskellige aspekter af vores fysiske, f\u00f8lelsesm\u00e6ssige og spirituelle velbefindende. Denne sk\u00e5l fungerer som et v\u00e6rkt\u00f8j til at balancere og harmonisere disse energicentre og fremme holistisk helbredelse.<\/span><\/p>\n","protected":false},"excerpt":{"rendered":"<p>I hjertet af Nepal, hvor gamle traditioner og spirituel visdom m\u00f8des, har tibetanske munke v\u00e6vet deres ekspertise ind i hver eneste detalje af disse uds\u00f8gte syngesk\u00e5le. Hver sk\u00e5l er fremstillet med \u00e6rb\u00f8dighed og omhu og er et mesterv\u00e6rk i sig selv, der giver genlyd af selve essensen af Himalaya-bjergene. Denne 16 cm store sk\u00e5l er [&hellip;]<\/p>\n","protected":false},"featured_media":350174,"comment_status":"closed","ping_status":"open","template":"","meta":{"_angie_page":false},"product_brand":[],"product_cat":[5591,6852],"product_tag":[],"class_list":{"0":"post-199678","1":"product","2":"type-product","3":"status-publish","4":"has-post-thumbnail","6":"product_cat-hjem-og-have","7":"product_cat-syngeskale-og-klokker","8":"pa_collection-tibetan-singing-bowls-da","9":"pa_made-in-nepal","11":"first","12":"outofstock","13":"purchasable","14":"product-type-simple"},"supplier_id":null,"supplier_sku":"Tib-102","barcode":null,"atum_controlled":true,"out_stock_date":"2025-09-05 16:32:59","out_stock_threshold":null,"inheritable":false,"inbound_stock":null,"stock_on_hold":0,"sold_today":0,"sales_last_days":0,"reserved_stock":null,"customer_returns":null,"warehouse_damage":null,"lost_in_post":null,"other_logs":null,"out_stock_days":0,"lost_sales":0,"has_location":null,"update_date":"2026-04-27T07:24:41","atum_locations":[],"atum_stock_status":"outofstock","restock_status":false,"low_stock_amount":"","sales_update_date":"2025-09-05T00:26:44","calc_backorders":null,"_links":{"self":[{"href":"https:\/\/aromasentia.com\/da\/wp-json\/wp\/v2\/product\/199678","targetHints":{"allow":["GET"]}}],"collection":[{"href":"https:\/\/aromasentia.com\/da\/wp-json\/wp\/v2\/product"}],"about":[{"href":"https:\/\/aromasentia.com\/da\/wp-json\/wp\/v2\/types\/product"}],"replies":[{"embeddable":true,"href":"https:\/\/aromasentia.com\/da\/wp-json\/wp\/v2\/comments?post=199678"}],"version-history":[{"count":0,"href":"https:\/\/aromasentia.com\/da\/wp-json\/wp\/v2\/product\/199678\/revisions"}],"wp:featuredmedia":[{"embeddable":true,"href":"https:\/\/aromasentia.com\/da\/wp-json\/wp\/v2\/media\/350174"}],"wp:attachment":[{"href":"https:\/\/aromasentia.com\/da\/wp-json\/wp\/v2\/media?parent=199678"}],"wp:term":[{"taxonomy":"product_brand","embeddable":true,"href":"https:\/\/aromasentia.com\/da\/wp-json\/wp\/v2\/product_brand?post=199678"},{"taxonomy":"product_cat","embeddable":true,"href":"https:\/\/aromasentia.com\/da\/wp-json\/wp\/v2\/product_cat?post=199678"},{"taxonomy":"product_tag","embeddable":true,"href":"https:\/\/aromasentia.com\/da\/wp-json\/wp\/v2\/product_tag?post=199678"}],"curies":[{"name":"wp","href":"https:\/\/api.w.org\/{rel}","templated":true}]}}