{"id":199674,"date":"2025-03-22T13:31:05","date_gmt":"2025-03-22T13:31:05","guid":{"rendered":"https:\/\/aromasentia.com\/product\/small-nepalese-moon-bowl-approx-550g-13cm\/"},"modified":"2025-06-22T03:21:58","modified_gmt":"2025-06-22T03:21:58","slug":"lille-nepalesisk-maaneskaal-ca-550g-13-cm","status":"publish","type":"product","link":"https:\/\/aromasentia.com\/da\/lille-nepalesisk-maaneskaal-ca-550g-13-cm\/","title":{"rendered":"Lille Nepalesisk m\u00e5nesk\u00e5l &#8211; (Ca. 550g) &#8211; 13 cm"},"content":{"rendered":"<p><span style=\"color: rgb(75, 80, 88);\"><strong>I hjertet af Nepal, hvor gamle traditioner og spirituel visdom m\u00f8des, har tibetanske munke v\u00e6vet deres ekspertise ind i hver eneste detalje af disse uds\u00f8gte syngesk\u00e5le.<\/strong> Hver sk\u00e5l er fremstillet med \u00e6rb\u00f8dighed og omhu og er et mesterv\u00e6rk i sig selv, der giver genlyd af selve essensen af Himalaya-bjergene.<\/span><\/p>\n<p><span style=\"color: rgb(75, 80, 88);\">Giv dit produkttilbud et l\u00f8ft med denne uds\u00f8gte lille nepalesiske m\u00e5nesk\u00e5l. Denne sk\u00e5l er h\u00e5ndlavet i Nepal og er lavet af en blanding af messing, kobber, bronze, jern og s\u00f8lv, og den repr\u00e6senterer \u00e5rhundreders tradition. Med en diameter p\u00e5 13 cm er den perfekt til dem, der s\u00f8ger en indgang til de tibetanske syngesk\u00e5les verden.<\/span><\/p>\n<p><span style=\"color: rgb(75, 80, 88);\">Med sit indviklede design og sj\u00e6lslindrende toner er den en f\u00e6ngslende tilf\u00f8jelse til enhver butiks kollektion, der giver kunderne en smagspr\u00f8ve p\u00e5 den himalayanske mystik.<\/span><\/p>\n","protected":false},"excerpt":{"rendered":"<p>I hjertet af Nepal, hvor gamle traditioner og spirituel visdom m\u00f8des, har tibetanske munke v\u00e6vet deres ekspertise ind i hver eneste detalje af disse uds\u00f8gte syngesk\u00e5le. Hver sk\u00e5l er fremstillet med \u00e6rb\u00f8dighed og omhu og er et mesterv\u00e6rk i sig selv, der giver genlyd af selve essensen af Himalaya-bjergene. Giv dit produkttilbud et l\u00f8ft med [&hellip;]<\/p>\n","protected":false},"featured_media":349674,"comment_status":"closed","ping_status":"open","template":"","meta":[],"product_brand":[],"product_cat":[5591,6852],"product_tag":[],"class_list":{"0":"post-199674","1":"product","2":"type-product","3":"status-publish","4":"has-post-thumbnail","6":"product_cat-hjem-og-have","7":"product_cat-syngeskale-og-klokker","8":"pa_collection-tibetan-singing-bowls-da","9":"pa_made-in-nepal","11":"first","12":"outofstock","13":"purchasable","14":"product-type-simple"},"supplier_id":null,"supplier_sku":"Tib-98","barcode":null,"atum_controlled":true,"out_stock_date":"2026-01-21 14:41:52","out_stock_threshold":null,"inheritable":false,"inbound_stock":null,"stock_on_hold":0,"sold_today":0,"sales_last_days":0,"reserved_stock":null,"customer_returns":null,"warehouse_damage":null,"lost_in_post":null,"other_logs":null,"out_stock_days":15,"lost_sales":0,"has_location":null,"update_date":"2026-02-06T00:01:40","atum_locations":[],"atum_stock_status":"outofstock","restock_status":false,"low_stock_amount":"","sales_update_date":"2026-02-06T00:01:40","calc_backorders":null,"_links":{"self":[{"href":"https:\/\/aromasentia.com\/da\/wp-json\/wp\/v2\/product\/199674","targetHints":{"allow":["GET"]}}],"collection":[{"href":"https:\/\/aromasentia.com\/da\/wp-json\/wp\/v2\/product"}],"about":[{"href":"https:\/\/aromasentia.com\/da\/wp-json\/wp\/v2\/types\/product"}],"replies":[{"embeddable":true,"href":"https:\/\/aromasentia.com\/da\/wp-json\/wp\/v2\/comments?post=199674"}],"version-history":[{"count":0,"href":"https:\/\/aromasentia.com\/da\/wp-json\/wp\/v2\/product\/199674\/revisions"}],"wp:featuredmedia":[{"embeddable":true,"href":"https:\/\/aromasentia.com\/da\/wp-json\/wp\/v2\/media\/349674"}],"wp:attachment":[{"href":"https:\/\/aromasentia.com\/da\/wp-json\/wp\/v2\/media?parent=199674"}],"wp:term":[{"taxonomy":"product_brand","embeddable":true,"href":"https:\/\/aromasentia.com\/da\/wp-json\/wp\/v2\/product_brand?post=199674"},{"taxonomy":"product_cat","embeddable":true,"href":"https:\/\/aromasentia.com\/da\/wp-json\/wp\/v2\/product_cat?post=199674"},{"taxonomy":"product_tag","embeddable":true,"href":"https:\/\/aromasentia.com\/da\/wp-json\/wp\/v2\/product_tag?post=199674"}],"curies":[{"name":"wp","href":"https:\/\/api.w.org\/{rel}","templated":true}]}}