{"id":199673,"date":"2025-03-22T13:31:14","date_gmt":"2025-03-22T13:31:14","guid":{"rendered":"https:\/\/aromasentia.com\/product\/large-tibetan-tingsha-bell-8x15cm\/"},"modified":"2025-06-22T03:21:57","modified_gmt":"2025-06-22T03:21:57","slug":"stor-tibetansk-tingsha-klokke-8x15cm","status":"publish","type":"product","link":"https:\/\/aromasentia.com\/da\/stor-tibetansk-tingsha-klokke-8x15cm\/","title":{"rendered":"Stor Tibetansk Tingsha-Klokke &#8211; 8X15cm"},"content":{"rendered":"<p>Begynd dig p\u00e5 en dyb spirituel rejse med vores <strong>Grosshandel med stor tibetansk Tingsha-klokke 8&#215;15 cm<\/strong>. Denne klokke rummer essensen af tradition, mindfulness og \u00e5ndelig berigelse og forbedrer din meditation, ritualer og hellige praksis.<\/p>\n<p>H\u00e5ndlavet af dygtige tibetanske h\u00e5ndv\u00e6rkere hylder hver stor tibetansk Tingsha-klokke hellige traditioner, hvilket sikrer \u00e6gte kvalitet og \u00e5ndelig betydning. N\u00e5r der spilles yndefuldt p\u00e5 denne Tingsha-klokke, frembringer den en <strong>f\u00e6ngslende og klangfuld lyd<\/strong>, der indbyder til ro, mindfulness og dybt fokus under meditation, ritualer og hellige ceremonier. Den er perfekt til meditation, yoga, energihealing eller som et dekorativt midtpunkt og tilf\u00f8rer dit hellige rum den tibetanske kulturs tidl\u00f8se aura.&nbsp;<\/p>\n<p>Pyntet med indviklede tibetanske symboler og designs forbedrer klokken ikke kun den spirituelle oplevelse, men fungerer ogs\u00e5 som et smukt stykke spirituel kunst.<\/p>\n<p>Lydfrekvens &#8211; 55 hz<\/p>\n<p><span style=\"color: rgb(243, 121, 52);\">H\u00e6v dit spirituelle produktsortiment med resonansen fra vores store tibetanske Tingsha-klokke.<\/span><\/p>\n","protected":false},"excerpt":{"rendered":"<p>Begynd dig p\u00e5 en dyb spirituel rejse med vores Grosshandel med stor tibetansk Tingsha-klokke 8&#215;15 cm. Denne klokke rummer essensen af tradition, mindfulness og \u00e5ndelig berigelse og forbedrer din meditation, ritualer og hellige praksis. H\u00e5ndlavet af dygtige tibetanske h\u00e5ndv\u00e6rkere hylder hver stor tibetansk Tingsha-klokke hellige traditioner, hvilket sikrer \u00e6gte kvalitet og \u00e5ndelig betydning. N\u00e5r der [&hellip;]<\/p>\n","protected":false},"featured_media":352624,"comment_status":"closed","ping_status":"open","template":"","meta":[],"product_brand":[],"product_cat":[5591,5673,6852,5571],"product_tag":[],"class_list":{"0":"post-199673","1":"product","2":"type-product","3":"status-publish","4":"has-post-thumbnail","6":"product_cat-hjem-og-have","7":"product_cat-musikinstrumenter","8":"product_cat-syngeskale-og-klokker","9":"product_cat-vintagegaver-og-souvenirs","10":"pa_collection-tibetan-bells-and-tingsha-bells-da","11":"pa_made-in-indien","13":"first","14":"outofstock","15":"purchasable","16":"product-type-simple"},"supplier_id":null,"supplier_sku":"TTB-08","barcode":null,"atum_controlled":true,"out_stock_date":"2025-11-18 13:31:31","out_stock_threshold":null,"inheritable":false,"inbound_stock":null,"stock_on_hold":0,"sold_today":0,"sales_last_days":0,"reserved_stock":null,"customer_returns":null,"warehouse_damage":null,"lost_in_post":null,"other_logs":null,"out_stock_days":79,"lost_sales":0,"has_location":null,"update_date":"2026-02-06T00:01:08","atum_locations":[],"atum_stock_status":"outofstock","restock_status":false,"low_stock_amount":"","sales_update_date":"2026-02-06T00:01:08","calc_backorders":null,"_links":{"self":[{"href":"https:\/\/aromasentia.com\/da\/wp-json\/wp\/v2\/product\/199673","targetHints":{"allow":["GET"]}}],"collection":[{"href":"https:\/\/aromasentia.com\/da\/wp-json\/wp\/v2\/product"}],"about":[{"href":"https:\/\/aromasentia.com\/da\/wp-json\/wp\/v2\/types\/product"}],"replies":[{"embeddable":true,"href":"https:\/\/aromasentia.com\/da\/wp-json\/wp\/v2\/comments?post=199673"}],"version-history":[{"count":0,"href":"https:\/\/aromasentia.com\/da\/wp-json\/wp\/v2\/product\/199673\/revisions"}],"wp:featuredmedia":[{"embeddable":true,"href":"https:\/\/aromasentia.com\/da\/wp-json\/wp\/v2\/media\/352624"}],"wp:attachment":[{"href":"https:\/\/aromasentia.com\/da\/wp-json\/wp\/v2\/media?parent=199673"}],"wp:term":[{"taxonomy":"product_brand","embeddable":true,"href":"https:\/\/aromasentia.com\/da\/wp-json\/wp\/v2\/product_brand?post=199673"},{"taxonomy":"product_cat","embeddable":true,"href":"https:\/\/aromasentia.com\/da\/wp-json\/wp\/v2\/product_cat?post=199673"},{"taxonomy":"product_tag","embeddable":true,"href":"https:\/\/aromasentia.com\/da\/wp-json\/wp\/v2\/product_tag?post=199673"}],"curies":[{"name":"wp","href":"https:\/\/api.w.org\/{rel}","templated":true}]}}