{"id":199671,"date":"2025-03-22T13:31:14","date_gmt":"2025-03-22T13:31:14","guid":{"rendered":"https:\/\/aromasentia.com\/product\/medium-tibetan-tingsha-bell-6x11-5cm\/"},"modified":"2025-06-22T03:21:56","modified_gmt":"2025-06-22T03:21:56","slug":"mellemstor-tibetansk-tingsha-klokke-6x115-cm","status":"publish","type":"product","link":"https:\/\/aromasentia.com\/da\/mellemstor-tibetansk-tingsha-klokke-6x115-cm\/","title":{"rendered":"Mellemstor Tibetansk Tingsha-Klokke &#8211; 6X11,5 cm"},"content":{"rendered":"<p>Tag dine kunder med p\u00e5 en rejse ind i hjertet af tibetansk spiritualitet med vores <strong>Wholesale Medium Tibetan Tingsha Bell<\/strong>. Denne klokke, der m\u00e5ler <strong>6&#215;11,5 cm<\/strong>, er h\u00e5ndlavet med pr\u00e6cision og rummer essensen af tradition og mindfulness, hvilket beriger din meditation og spirituelle praksis.<\/p>\n<p>H\u00e5ndlavet af dygtige tibetanske h\u00e5ndv\u00e6rkere opretholder hver Medium Tibetan Tingsha Bell \u00e5rhundreder gamle traditioner, hvilket sikrer \u00e6gte kvalitet og spirituel betydning.<\/p>\n<p>N\u00e5r der spilles forsigtigt p\u00e5 denne Tingsha-klokke, frembringer den en <strong>resonant og beroligende lyd&nbsp;<\/strong>der indbyder til en f\u00f8lelse af ro, mindfulness og fokus under meditation og ritualer. Ideel til meditation, yoga, energihealing eller som dekoration. Klokken har indviklede tibetanske symboler og designs, der forst\u00e6rker b\u00e5de dens spirituelle og \u00e6stetiske appel.&nbsp;<\/p>\n<p>Lydfrekvens &#8211; 50 hz<\/p>\n<p><span style=\"color: rgb(243, 121, 52);\">Invit\u00e9r ro og mindfulness ind i din butik med Medium Tibetan Tingsha Bell.<\/span><\/p>\n","protected":false},"excerpt":{"rendered":"<p>Tag dine kunder med p\u00e5 en rejse ind i hjertet af tibetansk spiritualitet med vores Wholesale Medium Tibetan Tingsha Bell. Denne klokke, der m\u00e5ler 6&#215;11,5 cm, er h\u00e5ndlavet med pr\u00e6cision og rummer essensen af tradition og mindfulness, hvilket beriger din meditation og spirituelle praksis. H\u00e5ndlavet af dygtige tibetanske h\u00e5ndv\u00e6rkere opretholder hver Medium Tibetan Tingsha Bell [&hellip;]<\/p>\n","protected":false},"featured_media":352558,"comment_status":"closed","ping_status":"open","template":"","meta":[],"product_brand":[],"product_cat":[5591,5673,6852,5571],"product_tag":[],"class_list":{"0":"post-199671","1":"product","2":"type-product","3":"status-publish","4":"has-post-thumbnail","6":"product_cat-hjem-og-have","7":"product_cat-musikinstrumenter","8":"product_cat-syngeskale-og-klokker","9":"product_cat-vintagegaver-og-souvenirs","10":"pa_collection-tibetan-bells-and-tingsha-bells-da","11":"pa_made-in-indien","13":"first","14":"instock","15":"purchasable","16":"product-type-simple"},"supplier_id":null,"supplier_sku":"TTB-06","barcode":null,"atum_controlled":true,"out_stock_date":null,"out_stock_threshold":null,"inheritable":false,"inbound_stock":null,"stock_on_hold":0,"sold_today":0,"sales_last_days":0,"reserved_stock":null,"customer_returns":null,"warehouse_damage":null,"lost_in_post":null,"other_logs":null,"out_stock_days":0,"lost_sales":0,"has_location":null,"update_date":"2026-02-09T12:53:57","atum_locations":[],"atum_stock_status":"instock","restock_status":false,"low_stock_amount":"","sales_update_date":"2025-09-05T00:27:14","calc_backorders":null,"_links":{"self":[{"href":"https:\/\/aromasentia.com\/da\/wp-json\/wp\/v2\/product\/199671","targetHints":{"allow":["GET"]}}],"collection":[{"href":"https:\/\/aromasentia.com\/da\/wp-json\/wp\/v2\/product"}],"about":[{"href":"https:\/\/aromasentia.com\/da\/wp-json\/wp\/v2\/types\/product"}],"replies":[{"embeddable":true,"href":"https:\/\/aromasentia.com\/da\/wp-json\/wp\/v2\/comments?post=199671"}],"version-history":[{"count":0,"href":"https:\/\/aromasentia.com\/da\/wp-json\/wp\/v2\/product\/199671\/revisions"}],"wp:featuredmedia":[{"embeddable":true,"href":"https:\/\/aromasentia.com\/da\/wp-json\/wp\/v2\/media\/352558"}],"wp:attachment":[{"href":"https:\/\/aromasentia.com\/da\/wp-json\/wp\/v2\/media?parent=199671"}],"wp:term":[{"taxonomy":"product_brand","embeddable":true,"href":"https:\/\/aromasentia.com\/da\/wp-json\/wp\/v2\/product_brand?post=199671"},{"taxonomy":"product_cat","embeddable":true,"href":"https:\/\/aromasentia.com\/da\/wp-json\/wp\/v2\/product_cat?post=199671"},{"taxonomy":"product_tag","embeddable":true,"href":"https:\/\/aromasentia.com\/da\/wp-json\/wp\/v2\/product_tag?post=199671"}],"curies":[{"name":"wp","href":"https:\/\/api.w.org\/{rel}","templated":true}]}}