{"id":199668,"date":"2025-03-22T13:31:14","date_gmt":"2025-03-22T13:31:14","guid":{"rendered":"https:\/\/aromasentia.com\/product\/tibetan-tingsha-dragon-approx-7-4cm\/"},"modified":"2025-06-22T03:21:55","modified_gmt":"2025-06-22T03:21:55","slug":"tibetansk-tingsha-drage-ca-74-cm","status":"publish","type":"product","link":"https:\/\/aromasentia.com\/da\/tibetansk-tingsha-drage-ca-74-cm\/","title":{"rendered":"Tibetansk Tingsha &#8211; Drage &#8211; Ca. 7,4 cm"},"content":{"rendered":"<p>Lad dine kunder ant\u00e6nde deres spirituelle rejse med den mystiske kraft i vores <strong>Grosshandel<\/strong> <strong>Tibetansk Tingsha &#8211; Drage.<\/strong> Disse unikke b\u00e6kkener er h\u00e5ndlavet med pr\u00e6cision og m\u00e5ler ca. <strong>7.4cm<\/strong> i diameter og tilbyder en f\u00e6ngslende blanding af kunst og spiritualitet.<\/p>\n<p>H\u00e5ndlavet af dygtige tibetanske h\u00e5ndv\u00e6rkere viser disse Tingsha det indviklede <strong>dragedesign<\/strong>, et symbol p\u00e5 <strong>styrke, visdom og beskyttelse<\/strong>. Hvert stykke er et mesterv\u00e6rk, der afspejler Tibets rige arv. N\u00e5r de forsigtigt sl\u00e5s sammen, frembringer disse tibetanske Tingsha en harmonisk og fortryllende lyd, der forbedrer din meditations- og mindfulness-praksis. Ideel til meditation, yoga, ritualer eller som et kunstf\u00e6rdigt d&eacute;korstykke.&nbsp;<\/p>\n<p><span style=\"color: rgb(243, 121, 52);\">Forbind dig med dragens&#39;s spirituelle energi for at styrke dine spirituelle bestr\u00e6belser.<\/span>&nbsp;<\/p>\n","protected":false},"excerpt":{"rendered":"<p>Lad dine kunder ant\u00e6nde deres spirituelle rejse med den mystiske kraft i vores Grosshandel Tibetansk Tingsha &#8211; Drage. Disse unikke b\u00e6kkener er h\u00e5ndlavet med pr\u00e6cision og m\u00e5ler ca. 7.4cm i diameter og tilbyder en f\u00e6ngslende blanding af kunst og spiritualitet. H\u00e5ndlavet af dygtige tibetanske h\u00e5ndv\u00e6rkere viser disse Tingsha det indviklede dragedesign, et symbol p\u00e5 styrke, [&hellip;]<\/p>\n","protected":false},"featured_media":352459,"comment_status":"closed","ping_status":"open","template":"","meta":[],"product_brand":[],"product_cat":[5591,5673,6852,5571],"product_tag":[],"class_list":{"0":"post-199668","1":"product","2":"type-product","3":"status-publish","4":"has-post-thumbnail","6":"product_cat-hjem-og-have","7":"product_cat-musikinstrumenter","8":"product_cat-syngeskale-og-klokker","9":"product_cat-vintagegaver-og-souvenirs","10":"pa_collection-tibetan-bells-and-tingsha-bells-da","11":"pa_made-in-indien","13":"first","14":"outofstock","15":"purchasable","16":"product-type-simple"},"supplier_id":null,"supplier_sku":"TTB-03","barcode":null,"atum_controlled":true,"out_stock_date":"2025-12-03 03:35:45","out_stock_threshold":null,"inheritable":false,"inbound_stock":null,"stock_on_hold":0,"sold_today":0,"sales_last_days":0,"reserved_stock":null,"customer_returns":null,"warehouse_damage":null,"lost_in_post":null,"other_logs":null,"out_stock_days":64,"lost_sales":0,"has_location":null,"update_date":"2026-02-06T00:01:07","atum_locations":[],"atum_stock_status":"outofstock","restock_status":false,"low_stock_amount":"","sales_update_date":"2026-02-06T00:01:07","calc_backorders":null,"_links":{"self":[{"href":"https:\/\/aromasentia.com\/da\/wp-json\/wp\/v2\/product\/199668","targetHints":{"allow":["GET"]}}],"collection":[{"href":"https:\/\/aromasentia.com\/da\/wp-json\/wp\/v2\/product"}],"about":[{"href":"https:\/\/aromasentia.com\/da\/wp-json\/wp\/v2\/types\/product"}],"replies":[{"embeddable":true,"href":"https:\/\/aromasentia.com\/da\/wp-json\/wp\/v2\/comments?post=199668"}],"version-history":[{"count":0,"href":"https:\/\/aromasentia.com\/da\/wp-json\/wp\/v2\/product\/199668\/revisions"}],"wp:featuredmedia":[{"embeddable":true,"href":"https:\/\/aromasentia.com\/da\/wp-json\/wp\/v2\/media\/352459"}],"wp:attachment":[{"href":"https:\/\/aromasentia.com\/da\/wp-json\/wp\/v2\/media?parent=199668"}],"wp:term":[{"taxonomy":"product_brand","embeddable":true,"href":"https:\/\/aromasentia.com\/da\/wp-json\/wp\/v2\/product_brand?post=199668"},{"taxonomy":"product_cat","embeddable":true,"href":"https:\/\/aromasentia.com\/da\/wp-json\/wp\/v2\/product_cat?post=199668"},{"taxonomy":"product_tag","embeddable":true,"href":"https:\/\/aromasentia.com\/da\/wp-json\/wp\/v2\/product_tag?post=199668"}],"curies":[{"name":"wp","href":"https:\/\/api.w.org\/{rel}","templated":true}]}}