{"id":199663,"date":"2025-03-22T13:31:14","date_gmt":"2025-03-22T13:31:14","guid":{"rendered":"https:\/\/aromasentia.com\/product\/hand-beaten-engraved-singing-bowl-gift-set-14cm-round-medallions\/"},"modified":"2025-06-22T03:21:53","modified_gmt":"2025-06-22T03:21:53","slug":"haandslaaet-og-indgraveret-sangskaal-gavesaet-14-cm-runde-medaljoner","status":"publish","type":"product","link":"https:\/\/aromasentia.com\/da\/haandslaaet-og-indgraveret-sangskaal-gavesaet-14-cm-runde-medaljoner\/","title":{"rendered":"H\u00e5ndsl\u00e5et Og Indgraveret Sangsk\u00e5l Gaves\u00e6t &#8211; 14 cm &#8211; Runde Medaljoner"},"content":{"rendered":"<p><span style=\"color: rgb(75, 80, 88);\"><strong>Harmonisk blanding af kunst og lyd, det vil sige h\u00e5ndsl\u00e5ede og graverede syngesk\u00e5lsgaves\u00e6t, er en dejlig tilf\u00f8jelse til din samling.<\/strong> Fremstillet med pr\u00e6cision og udsmykket med indviklede designs, <strong>hvert s\u00e6t indeholder en 14 cm syngesk\u00e5l, en k\u00f8lle, en pude og en pose.<\/strong>Disse s\u00e6t er omhyggeligt udvalgt for at tilbyde dine kunder en holistisk oplevelse, hvilket g\u00f8r dem ideelle, hvis du \u00f8nsker at levere unikke og \u00e5ndeligt berigende produkter.<\/span><\/p>\n<p><span style=\"color: rgb(75, 80, 88);\"><strong>De runde medaljoner indgraveret p\u00e5 denne syngesk\u00e5l minder om mandalaer, som er indviklede geometriske m\u00f8nstre, der ofte bruges i meditation og spirituelle ritualer.<\/strong> Mandalaer symboliserer helhed, enhed og rejsen mod selvopdagelse. Brug af denne syngesk\u00e5l kan fremme en dybere forbindelse med ens indre jeg.<\/span> <\/p>\n","protected":false},"excerpt":{"rendered":"<p>Harmonisk blanding af kunst og lyd, det vil sige h\u00e5ndsl\u00e5ede og graverede syngesk\u00e5lsgaves\u00e6t, er en dejlig tilf\u00f8jelse til din samling. Fremstillet med pr\u00e6cision og udsmykket med indviklede designs, hvert s\u00e6t indeholder en 14 cm syngesk\u00e5l, en k\u00f8lle, en pude og en pose.Disse s\u00e6t er omhyggeligt udvalgt for at tilbyde dine kunder en holistisk oplevelse, hvilket [&hellip;]<\/p>\n","protected":false},"featured_media":352334,"comment_status":"closed","ping_status":"open","template":"","meta":{"_angie_page":false},"product_brand":[],"product_cat":[5591,6852],"product_tag":[],"class_list":{"0":"post-199663","1":"product","2":"type-product","3":"status-publish","4":"has-post-thumbnail","6":"product_cat-hjem-og-have","7":"product_cat-syngeskale-og-klokker","8":"pa_collection-tibetan-singing-bowl-sets-da","9":"pa_made-in-nepal","11":"first","12":"instock","13":"purchasable","14":"product-type-simple"},"supplier_id":null,"supplier_sku":"TIbS-22","barcode":null,"atum_controlled":true,"out_stock_date":null,"out_stock_threshold":null,"inheritable":false,"inbound_stock":null,"stock_on_hold":0,"sold_today":0,"sales_last_days":0,"reserved_stock":null,"customer_returns":null,"warehouse_damage":null,"lost_in_post":null,"other_logs":null,"out_stock_days":0,"lost_sales":0,"has_location":null,"update_date":"2026-04-30T06:45:29","atum_locations":[],"atum_stock_status":"instock","restock_status":false,"low_stock_amount":"","sales_update_date":"2026-01-30T01:26:35","calc_backorders":null,"_links":{"self":[{"href":"https:\/\/aromasentia.com\/da\/wp-json\/wp\/v2\/product\/199663","targetHints":{"allow":["GET"]}}],"collection":[{"href":"https:\/\/aromasentia.com\/da\/wp-json\/wp\/v2\/product"}],"about":[{"href":"https:\/\/aromasentia.com\/da\/wp-json\/wp\/v2\/types\/product"}],"replies":[{"embeddable":true,"href":"https:\/\/aromasentia.com\/da\/wp-json\/wp\/v2\/comments?post=199663"}],"version-history":[{"count":0,"href":"https:\/\/aromasentia.com\/da\/wp-json\/wp\/v2\/product\/199663\/revisions"}],"wp:featuredmedia":[{"embeddable":true,"href":"https:\/\/aromasentia.com\/da\/wp-json\/wp\/v2\/media\/352334"}],"wp:attachment":[{"href":"https:\/\/aromasentia.com\/da\/wp-json\/wp\/v2\/media?parent=199663"}],"wp:term":[{"taxonomy":"product_brand","embeddable":true,"href":"https:\/\/aromasentia.com\/da\/wp-json\/wp\/v2\/product_brand?post=199663"},{"taxonomy":"product_cat","embeddable":true,"href":"https:\/\/aromasentia.com\/da\/wp-json\/wp\/v2\/product_cat?post=199663"},{"taxonomy":"product_tag","embeddable":true,"href":"https:\/\/aromasentia.com\/da\/wp-json\/wp\/v2\/product_tag?post=199663"}],"curies":[{"name":"wp","href":"https:\/\/api.w.org\/{rel}","templated":true}]}}