{"id":199662,"date":"2025-03-22T13:31:14","date_gmt":"2025-03-22T13:31:14","guid":{"rendered":"https:\/\/aromasentia.com\/product\/hand-beaten-engraved-singing-bowl-gift-set-14cm-lotus-flower\/"},"modified":"2025-06-22T03:21:53","modified_gmt":"2025-06-22T03:21:53","slug":"haandslaaet-og-indgraveret-sangskaal-gavesaet-14-cm-lotusblomst","status":"publish","type":"product","link":"https:\/\/aromasentia.com\/da\/haandslaaet-og-indgraveret-sangskaal-gavesaet-14-cm-lotusblomst\/","title":{"rendered":"H\u00e5ndsl\u00e5et Og Indgraveret Sangsk\u00e5l Gaves\u00e6t &#8211; 14 cm &#8211; Lotusblomst"},"content":{"rendered":"<p><span style=\"color: rgb(75, 80, 88);\"><strong>Harmonisk blanding af kunst og lyd. H\u00e5ndsl\u00e5ede og graverede syngesk\u00e5lsgaves\u00e6t er en dejlig tilf\u00f8jelse til din samling.<\/strong> De er fremstillet med pr\u00e6cision og udsmykket med indviklede designs. <strong>Hvert s\u00e6t indeholder en 14 cm syngesk\u00e5l, en k\u00f8lle, en pude og en pose.<\/strong>Disse s\u00e6t er omhyggeligt udvalgt for at tilbyde dine kunder en holistisk oplevelse, hvilket g\u00f8r dem ideelle, hvis du \u00f8nsker at levere unikke og \u00e5ndeligt berigende produkter.<\/span><\/p>\n<p><span style=\"color: rgb(75, 80, 88);\"><strong>Lotusblomsten symboliserer renhed og oplysning i mange \u00e5ndelige traditioner, is\u00e6r i buddhismen. Dens v\u00e6kst fra mudderet til vandoverfladen symboliserer rejsen fra uvidenhed til \u00e5ndelig opv\u00e5gning. Meditation med denne syngesk\u00e5l kan fremkalde en f\u00f8lelse af renhed og \u00e5ndelig v\u00e6kst.<\/span> <\/p>\n","protected":false},"excerpt":{"rendered":"<p>Harmonisk blanding af kunst og lyd. H\u00e5ndsl\u00e5ede og graverede syngesk\u00e5lsgaves\u00e6t er en dejlig tilf\u00f8jelse til din samling. De er fremstillet med pr\u00e6cision og udsmykket med indviklede designs. Hvert s\u00e6t indeholder en 14 cm syngesk\u00e5l, en k\u00f8lle, en pude og en pose.Disse s\u00e6t er omhyggeligt udvalgt for at tilbyde dine kunder en holistisk oplevelse, hvilket g\u00f8r [&hellip;]<\/p>\n","protected":false},"featured_media":352317,"comment_status":"closed","ping_status":"open","template":"","meta":{"_angie_page":false},"product_brand":[],"product_cat":[5591,6852],"product_tag":[],"class_list":{"0":"post-199662","1":"product","2":"type-product","3":"status-publish","4":"has-post-thumbnail","6":"product_cat-hjem-og-have","7":"product_cat-syngeskale-og-klokker","8":"pa_collection-tibetan-singing-bowl-sets-da","9":"pa_made-in-nepal","11":"first","12":"instock","13":"purchasable","14":"product-type-simple"},"supplier_id":null,"supplier_sku":"TIbS-21","barcode":null,"atum_controlled":true,"out_stock_date":null,"out_stock_threshold":null,"inheritable":false,"inbound_stock":null,"stock_on_hold":0,"sold_today":0,"sales_last_days":0,"reserved_stock":null,"customer_returns":null,"warehouse_damage":null,"lost_in_post":null,"other_logs":null,"out_stock_days":0,"lost_sales":0,"has_location":null,"update_date":"2026-04-27T07:24:59","atum_locations":[],"atum_stock_status":"instock","restock_status":false,"low_stock_amount":"","sales_update_date":"2026-01-30T01:24:41","calc_backorders":null,"_links":{"self":[{"href":"https:\/\/aromasentia.com\/da\/wp-json\/wp\/v2\/product\/199662","targetHints":{"allow":["GET"]}}],"collection":[{"href":"https:\/\/aromasentia.com\/da\/wp-json\/wp\/v2\/product"}],"about":[{"href":"https:\/\/aromasentia.com\/da\/wp-json\/wp\/v2\/types\/product"}],"replies":[{"embeddable":true,"href":"https:\/\/aromasentia.com\/da\/wp-json\/wp\/v2\/comments?post=199662"}],"version-history":[{"count":0,"href":"https:\/\/aromasentia.com\/da\/wp-json\/wp\/v2\/product\/199662\/revisions"}],"wp:featuredmedia":[{"embeddable":true,"href":"https:\/\/aromasentia.com\/da\/wp-json\/wp\/v2\/media\/352317"}],"wp:attachment":[{"href":"https:\/\/aromasentia.com\/da\/wp-json\/wp\/v2\/media?parent=199662"}],"wp:term":[{"taxonomy":"product_brand","embeddable":true,"href":"https:\/\/aromasentia.com\/da\/wp-json\/wp\/v2\/product_brand?post=199662"},{"taxonomy":"product_cat","embeddable":true,"href":"https:\/\/aromasentia.com\/da\/wp-json\/wp\/v2\/product_cat?post=199662"},{"taxonomy":"product_tag","embeddable":true,"href":"https:\/\/aromasentia.com\/da\/wp-json\/wp\/v2\/product_tag?post=199662"}],"curies":[{"name":"wp","href":"https:\/\/api.w.org\/{rel}","templated":true}]}}