{"id":199625,"date":"2025-03-22T14:18:20","date_gmt":"2025-03-22T14:18:20","guid":{"rendered":"https:\/\/aromasentia.com\/product\/bali-magic-box-happy-shark\/"},"modified":"2025-06-22T03:21:35","modified_gmt":"2025-06-22T03:21:35","slug":"bali-hemmelig-trae-kasse-glad-haj","status":"publish","type":"product","link":"https:\/\/aromasentia.com\/da\/bali-hemmelig-trae-kasse-glad-haj\/","title":{"rendered":"Bali Hemmelig Tr\u00e6 Kasse &#8211; Glad Haj"},"content":{"rendered":"<p>Vores &#8216;Happy Shark&#8217; Bali Magic Box vil v\u00e6re en magisk tilf\u00f8jelse til dit hjem.<\/p>\n<p>Lavet som et tr\u00e6puslespil, skal du finde ud af, hvilken r\u00e6kkef\u00f8lge de forskellige brikker skal skilles ad i. I midten er et lille rum, der er ideelt til at skjule den s\u00e6rlige lille gave, s\u00e5 den er fantastisk til opbevaring af sm\u00e5 ting, samtidig med at den skaber en sp\u00e6ndende udstilling, plus den er sjov at samle!<\/p>\n<p>B\u00e5de dejlig at se p\u00e5 og dejlig at lege med, den ekstra nyhedsv\u00e6rdi g\u00f8r den nem at s\u00e6lge. Ville v\u00e6re en god gave til b\u00e5de b\u00f8rn og voksne.<\/p>\n<p>Bestil i dag for at f\u00e5 denne utroligt unikke Bali Magic Box.<\/p>\n","protected":false},"excerpt":{"rendered":"<p>Vores &#8216;Happy Shark&#8217; Bali Magic Box vil v\u00e6re en magisk tilf\u00f8jelse til dit hjem. Lavet som et tr\u00e6puslespil, skal du finde ud af, hvilken r\u00e6kkef\u00f8lge de forskellige brikker skal skilles ad i. I midten er et lille rum, der er ideelt til at skjule den s\u00e6rlige lille gave, s\u00e5 den er fantastisk til opbevaring af [&hellip;]<\/p>\n","protected":false},"featured_media":353366,"comment_status":"closed","ping_status":"open","template":"","meta":[],"product_brand":[],"product_cat":[5582,5583],"product_tag":[],"class_list":{"0":"post-199625","1":"product","2":"type-product","3":"status-publish","4":"has-post-thumbnail","6":"product_cat-gaveindpakning","7":"product_cat-gaveopbevaring-og-traeaesker","8":"pa_collection-bali-magic-boxes-da","9":"pa_made-in-indonesien","11":"first","12":"instock","13":"purchasable","14":"product-type-simple"},"supplier_id":null,"supplier_sku":"BMB-08","barcode":null,"atum_controlled":true,"out_stock_date":null,"out_stock_threshold":null,"inheritable":false,"inbound_stock":null,"stock_on_hold":0,"sold_today":0,"sales_last_days":0,"reserved_stock":null,"customer_returns":null,"warehouse_damage":null,"lost_in_post":null,"other_logs":null,"out_stock_days":0,"lost_sales":0,"has_location":null,"update_date":"2026-01-30T01:24:23","atum_locations":[],"atum_stock_status":"instock","restock_status":false,"low_stock_amount":"","sales_update_date":"2026-01-30T01:24:23","calc_backorders":null,"_links":{"self":[{"href":"https:\/\/aromasentia.com\/da\/wp-json\/wp\/v2\/product\/199625","targetHints":{"allow":["GET"]}}],"collection":[{"href":"https:\/\/aromasentia.com\/da\/wp-json\/wp\/v2\/product"}],"about":[{"href":"https:\/\/aromasentia.com\/da\/wp-json\/wp\/v2\/types\/product"}],"replies":[{"embeddable":true,"href":"https:\/\/aromasentia.com\/da\/wp-json\/wp\/v2\/comments?post=199625"}],"version-history":[{"count":0,"href":"https:\/\/aromasentia.com\/da\/wp-json\/wp\/v2\/product\/199625\/revisions"}],"wp:featuredmedia":[{"embeddable":true,"href":"https:\/\/aromasentia.com\/da\/wp-json\/wp\/v2\/media\/353366"}],"wp:attachment":[{"href":"https:\/\/aromasentia.com\/da\/wp-json\/wp\/v2\/media?parent=199625"}],"wp:term":[{"taxonomy":"product_brand","embeddable":true,"href":"https:\/\/aromasentia.com\/da\/wp-json\/wp\/v2\/product_brand?post=199625"},{"taxonomy":"product_cat","embeddable":true,"href":"https:\/\/aromasentia.com\/da\/wp-json\/wp\/v2\/product_cat?post=199625"},{"taxonomy":"product_tag","embeddable":true,"href":"https:\/\/aromasentia.com\/da\/wp-json\/wp\/v2\/product_tag?post=199625"}],"curies":[{"name":"wp","href":"https:\/\/api.w.org\/{rel}","templated":true}]}}