{"id":199621,"date":"2025-03-22T16:05:57","date_gmt":"2025-03-22T16:05:57","guid":{"rendered":"https:\/\/aromasentia.com\/product\/quality-huge-natural-salt-lamp-apx-24-25kg\/"},"modified":"2025-06-22T03:21:31","modified_gmt":"2025-06-22T03:21:31","slug":"kaempe-saltlampe-af-hoej-kvalitet-ca-24-25-kg","status":"publish","type":"product","link":"https:\/\/aromasentia.com\/da\/kaempe-saltlampe-af-hoej-kvalitet-ca-24-25-kg\/","title":{"rendered":"K\u00e6mpe Saltlampe Af H\u00f8j Kvalitet &#8211; Ca. 24-25 kg"},"content":{"rendered":"<p>Ved at bruge <strong>Aroma Sentias<\/strong> <strong>Himalaya krystal saltlampe<\/strong><\/p>\n<p><strong>&#8211; ca. 24-25 kg<\/strong> <strong>erstatter<\/strong> du de negativt ladede ioner i luften, hvilket hj\u00e6lper os med at undg\u00e5 den p\u00e5st\u00e5ede fysiske og mentale skade, som den &#8220;elektriske smog&#8221; for\u00e5rsager.<\/p>\n<p>Hver saltlampe leveres komplet med lysarmatur, p\u00e6re og stik. I stedet for at s\u00e6lge dem efter st\u00f8rrelse, s\u00e6lger vi dem efter omtrentlig v\u00e6gt. Varerne er markeret med st\u00f8rrelser for kun at give en grov id\u00e9 om st\u00f8rrelsen, hver lampe er helt unik.<\/p>\n<p>Bem\u00e6rk venligst:<\/p>\n<p>P\u00e5 grund af saltets hygroskopiske egenskaber absorberer Himalaya saltlamper og lysestager fugt fra luften.<\/p>\n<p>Hvis din lampe &#8220;sveder&#8221; eller l\u00e6kker vand, skyldes det generelt, at den har v\u00e6ret slukket i l\u00e6ngere perioder, is\u00e6r under fugtige forhold. For at afhj\u00e6lpe problemet, lad den st\u00e5 i st\u00e6rkt sollys i 4 til 5 timer og b\u00f8rst overskydende krystaller af. Eller t\u00f8r forsigtigt af med en t\u00f8r klud.<\/p>\n<p>Hvis du ikke bruger Himalayasaltlampen i l\u00e6ngere perioder (f.eks. p\u00e5 ferie), skal du frakoble kablet og fjerne den fra lampen.<\/p>\n<p>Under fugtige forhold anbefaler vi at placere din lampe p\u00e5 en lille bakke eller sk\u00e5l, i tilf\u00e6lde af at der kan samle sig vand.<\/p>\n","protected":false},"excerpt":{"rendered":"<p>Ved at bruge Aroma Sentias Himalaya krystal saltlampe &#8211; ca. 24-25 kg erstatter du de negativt ladede ioner i luften, hvilket hj\u00e6lper os med at undg\u00e5 den p\u00e5st\u00e5ede fysiske og mentale skade, som den &#8220;elektriske smog&#8221; for\u00e5rsager. Hver saltlampe leveres komplet med lysarmatur, p\u00e6re og stik. I stedet for at s\u00e6lge dem efter st\u00f8rrelse, s\u00e6lger [&hellip;]<\/p>\n","protected":false},"featured_media":376137,"comment_status":"closed","ping_status":"open","template":"","meta":[],"product_brand":[],"product_cat":[6243,6244,5591,6245],"product_tag":[],"class_list":{"0":"post-199621","1":"product","2":"type-product","3":"status-publish","4":"has-post-thumbnail","6":"product_cat-esoteriske-gaver","7":"product_cat-himalaya-saltlamper-saltkrystaller","8":"product_cat-hjem-og-have","9":"product_cat-lamper-og-lyslygter","10":"pa_collection-himalayan-salt-lamps-candle-holders-da","11":"pa_made-in-pakistan","13":"first","14":"instock","15":"purchasable","16":"product-type-simple"},"supplier_id":null,"supplier_sku":"QSalt-39","barcode":null,"atum_controlled":true,"out_stock_date":null,"out_stock_threshold":null,"inheritable":false,"inbound_stock":null,"stock_on_hold":0,"sold_today":0,"sales_last_days":0,"reserved_stock":null,"customer_returns":null,"warehouse_damage":null,"lost_in_post":null,"other_logs":null,"out_stock_days":0,"lost_sales":0,"has_location":null,"update_date":"2026-01-29T22:32:48","atum_locations":[],"atum_stock_status":"instock","restock_status":false,"low_stock_amount":"","sales_update_date":"2025-09-04T00:29:35","calc_backorders":null,"_links":{"self":[{"href":"https:\/\/aromasentia.com\/da\/wp-json\/wp\/v2\/product\/199621","targetHints":{"allow":["GET"]}}],"collection":[{"href":"https:\/\/aromasentia.com\/da\/wp-json\/wp\/v2\/product"}],"about":[{"href":"https:\/\/aromasentia.com\/da\/wp-json\/wp\/v2\/types\/product"}],"replies":[{"embeddable":true,"href":"https:\/\/aromasentia.com\/da\/wp-json\/wp\/v2\/comments?post=199621"}],"version-history":[{"count":0,"href":"https:\/\/aromasentia.com\/da\/wp-json\/wp\/v2\/product\/199621\/revisions"}],"wp:featuredmedia":[{"embeddable":true,"href":"https:\/\/aromasentia.com\/da\/wp-json\/wp\/v2\/media\/376137"}],"wp:attachment":[{"href":"https:\/\/aromasentia.com\/da\/wp-json\/wp\/v2\/media?parent=199621"}],"wp:term":[{"taxonomy":"product_brand","embeddable":true,"href":"https:\/\/aromasentia.com\/da\/wp-json\/wp\/v2\/product_brand?post=199621"},{"taxonomy":"product_cat","embeddable":true,"href":"https:\/\/aromasentia.com\/da\/wp-json\/wp\/v2\/product_cat?post=199621"},{"taxonomy":"product_tag","embeddable":true,"href":"https:\/\/aromasentia.com\/da\/wp-json\/wp\/v2\/product_tag?post=199621"}],"curies":[{"name":"wp","href":"https:\/\/api.w.org\/{rel}","templated":true}]}}