{"id":199613,"date":"2025-03-22T16:05:57","date_gmt":"2025-03-22T16:05:57","guid":{"rendered":"https:\/\/aromasentia.com\/product\/natural-salt-candle-holder-3-holes\/"},"modified":"2025-06-22T03:21:28","modified_gmt":"2025-06-22T03:21:28","slug":"naturlig-saltlysestage-3-huller","status":"publish","type":"product","link":"https:\/\/aromasentia.com\/da\/naturlig-saltlysestage-3-huller\/","title":{"rendered":"Naturlig Saltlysestage &#8211; 3 Huller"},"content":{"rendered":"<p>Disse **A** Europas** naturlige salt Himalayasalt lysestager &#8211; 3 huller menes at skabe negativt ladede ioner i luften. Dette er en god ting, fordi moderne forurening og elektrisk udstyr skaber positive ioner i luften, som potentielt er skadelige for os og for\u00e5rsager forringelse af luftkvaliteten i ber\u00f8rte omr\u00e5der. Ved at bruge en Himalaya krystal saltlampe erstatter du de negativt ladede ioner i luften, hvilket hj\u00e6lper os med at undg\u00e5 den p\u00e5st\u00e5ede fysiske og mentale skade, som den &#8220;elektriske smog&#8221; for\u00e5rsager.<\/p>\n<p>Hver engros saltlysestage er unik. I stedet for at s\u00e6lge dem efter st\u00f8rrelse, s\u00e6lger vi dem efter omtrentlig v\u00e6gt. Varerne er markeret med st\u00f8rrelser for kun at give en grov id\u00e9 om st\u00f8rrelsen.<\/p>\n","protected":false},"excerpt":{"rendered":"<p>Disse **A** Europas** naturlige salt Himalayasalt lysestager &#8211; 3 huller menes at skabe negativt ladede ioner i luften. Dette er en god ting, fordi moderne forurening og elektrisk udstyr skaber positive ioner i luften, som potentielt er skadelige for os og for\u00e5rsager forringelse af luftkvaliteten i ber\u00f8rte omr\u00e5der. Ved at bruge en Himalaya krystal saltlampe [&hellip;]<\/p>\n","protected":false},"featured_media":375865,"comment_status":"closed","ping_status":"open","template":"","meta":[],"product_brand":[],"product_cat":[6243,6244,6250,6251],"product_tag":[],"class_list":{"0":"post-199613","1":"product","2":"type-product","3":"status-publish","4":"has-post-thumbnail","6":"product_cat-esoteriske-gaver","7":"product_cat-himalaya-saltlamper-saltkrystaller","8":"product_cat-lysestager","9":"product_cat-lysestager-og-stearinlys","10":"pa_collection-himalayan-salt-lamps-candle-holders-da","11":"pa_made-in-pakistan","13":"first","14":"instock","15":"purchasable","16":"product-type-simple"},"supplier_id":null,"supplier_sku":"QSalt-45","barcode":null,"atum_controlled":true,"out_stock_date":null,"out_stock_threshold":null,"inheritable":false,"inbound_stock":null,"stock_on_hold":0,"sold_today":0,"sales_last_days":0,"reserved_stock":null,"customer_returns":null,"warehouse_damage":null,"lost_in_post":null,"other_logs":null,"out_stock_days":0,"lost_sales":0,"has_location":null,"update_date":"2026-01-30T01:26:32","atum_locations":[],"atum_stock_status":"instock","restock_status":false,"low_stock_amount":"","sales_update_date":"2026-01-30T01:26:32","calc_backorders":null,"_links":{"self":[{"href":"https:\/\/aromasentia.com\/da\/wp-json\/wp\/v2\/product\/199613","targetHints":{"allow":["GET"]}}],"collection":[{"href":"https:\/\/aromasentia.com\/da\/wp-json\/wp\/v2\/product"}],"about":[{"href":"https:\/\/aromasentia.com\/da\/wp-json\/wp\/v2\/types\/product"}],"replies":[{"embeddable":true,"href":"https:\/\/aromasentia.com\/da\/wp-json\/wp\/v2\/comments?post=199613"}],"version-history":[{"count":0,"href":"https:\/\/aromasentia.com\/da\/wp-json\/wp\/v2\/product\/199613\/revisions"}],"wp:featuredmedia":[{"embeddable":true,"href":"https:\/\/aromasentia.com\/da\/wp-json\/wp\/v2\/media\/375865"}],"wp:attachment":[{"href":"https:\/\/aromasentia.com\/da\/wp-json\/wp\/v2\/media?parent=199613"}],"wp:term":[{"taxonomy":"product_brand","embeddable":true,"href":"https:\/\/aromasentia.com\/da\/wp-json\/wp\/v2\/product_brand?post=199613"},{"taxonomy":"product_cat","embeddable":true,"href":"https:\/\/aromasentia.com\/da\/wp-json\/wp\/v2\/product_cat?post=199613"},{"taxonomy":"product_tag","embeddable":true,"href":"https:\/\/aromasentia.com\/da\/wp-json\/wp\/v2\/product_tag?post=199613"}],"curies":[{"name":"wp","href":"https:\/\/api.w.org\/{rel}","templated":true}]}}