{"id":199608,"date":"2025-03-22T16:05:57","date_gmt":"2025-03-22T16:05:57","guid":{"rendered":"https:\/\/aromasentia.com\/product\/quality-usb-natural-salt-lamp-11-5-cm-white-light\/"},"modified":"2025-06-22T03:21:26","modified_gmt":"2025-06-22T03:21:26","slug":"kvalitets-usb-natursaltlampe-115-cm-hvidt-lys","status":"publish","type":"product","link":"https:\/\/aromasentia.com\/da\/kvalitets-usb-natursaltlampe-115-cm-hvidt-lys\/","title":{"rendered":"Kvalitets Usb-Natursaltlampe &#8211; 11,5 cm (Hvidt Lys)"},"content":{"rendered":"<p><strong>En europ\u00e6isk kvalitets USB-saltlampe med naturlig salt &#8211; 11,5 cm (hvidt lys) med USB-stik er designet til vores &#8220;naturelskere&#8221;, men ogs\u00e5 til &#8220;teknologin\u00f8rder&#8221;&#8230;. USB-kablet er 150 cm langt.<\/p>\n<p>Saltlamper menes at skabe negativt ladede ioner i luften. Dette er en god ting, fordi moderne forurening og elektrisk udstyr skaber positive ioner i luften, som potentielt er skadelige for os og for\u00e5rsager forringelse af luftkvaliteten i de ber\u00f8rte omr\u00e5der. Ved at bruge en Himalaya-krystalsaltlampe erstatter du de negativt ladede ioner i luften, hvilket hj\u00e6lper os med at undg\u00e5 den p\u00e5st\u00e5ede fysiske og mentale skade, som den &#8220;elektriske smog&#8221; for\u00e5rsager.<\/p>\n<p>Saltlampen leveres i den beskyttende papkasse, som kan blive fugtig under transport p\u00e5 grund af lampens hygroskopiske egenskaber.<\/p>\n","protected":false},"excerpt":{"rendered":"<p>En europ\u00e6isk kvalitets USB-saltlampe med naturlig salt &#8211; 11,5 cm (hvidt lys) med USB-stik er designet til vores &#8220;naturelskere&#8221;, men ogs\u00e5 til &#8220;teknologin\u00f8rder&#8221;&#8230;. USB-kablet er 150 cm langt. Saltlamper menes at skabe negativt ladede ioner i luften. Dette er en god ting, fordi moderne forurening og elektrisk udstyr skaber positive ioner i luften, som potentielt [&hellip;]<\/p>\n","protected":false},"featured_media":375772,"comment_status":"closed","ping_status":"open","template":"","meta":{"_angie_page":false},"product_brand":[],"product_cat":[6243,6244,5591,6245],"product_tag":[],"class_list":{"0":"post-199608","1":"product","2":"type-product","3":"status-publish","4":"has-post-thumbnail","6":"product_cat-esoteriske-gaver","7":"product_cat-himalaya-saltlamper-saltkrystaller","8":"product_cat-hjem-og-have","9":"product_cat-lamper-og-lyslygter","10":"pa_collection-himalayan-salt-lamps-candle-holders-da","11":"pa_made-in-pakistan","13":"first","14":"instock","15":"purchasable","16":"product-type-simple"},"supplier_id":null,"supplier_sku":"QSalt-46","barcode":null,"atum_controlled":true,"out_stock_date":null,"out_stock_threshold":null,"inheritable":false,"inbound_stock":null,"stock_on_hold":0,"sold_today":0,"sales_last_days":0,"reserved_stock":null,"customer_returns":null,"warehouse_damage":null,"lost_in_post":null,"other_logs":null,"out_stock_days":0,"lost_sales":0,"has_location":null,"update_date":"2026-04-27T07:18:58","atum_locations":[],"atum_stock_status":"instock","restock_status":false,"low_stock_amount":"","sales_update_date":"2025-09-04T00:29:31","calc_backorders":null,"_links":{"self":[{"href":"https:\/\/aromasentia.com\/da\/wp-json\/wp\/v2\/product\/199608","targetHints":{"allow":["GET"]}}],"collection":[{"href":"https:\/\/aromasentia.com\/da\/wp-json\/wp\/v2\/product"}],"about":[{"href":"https:\/\/aromasentia.com\/da\/wp-json\/wp\/v2\/types\/product"}],"replies":[{"embeddable":true,"href":"https:\/\/aromasentia.com\/da\/wp-json\/wp\/v2\/comments?post=199608"}],"version-history":[{"count":0,"href":"https:\/\/aromasentia.com\/da\/wp-json\/wp\/v2\/product\/199608\/revisions"}],"wp:featuredmedia":[{"embeddable":true,"href":"https:\/\/aromasentia.com\/da\/wp-json\/wp\/v2\/media\/375772"}],"wp:attachment":[{"href":"https:\/\/aromasentia.com\/da\/wp-json\/wp\/v2\/media?parent=199608"}],"wp:term":[{"taxonomy":"product_brand","embeddable":true,"href":"https:\/\/aromasentia.com\/da\/wp-json\/wp\/v2\/product_brand?post=199608"},{"taxonomy":"product_cat","embeddable":true,"href":"https:\/\/aromasentia.com\/da\/wp-json\/wp\/v2\/product_cat?post=199608"},{"taxonomy":"product_tag","embeddable":true,"href":"https:\/\/aromasentia.com\/da\/wp-json\/wp\/v2\/product_tag?post=199608"}],"curies":[{"name":"wp","href":"https:\/\/api.w.org\/{rel}","templated":true}]}}