{"id":199607,"date":"2025-03-22T16:05:57","date_gmt":"2025-03-22T16:05:57","guid":{"rendered":"https:\/\/aromasentia.com\/product\/quality-natural-salt-candle-holder\/"},"modified":"2025-06-22T03:21:26","modified_gmt":"2025-06-22T03:21:26","slug":"naturlig-saltlysestage-af-hoej-kvalitet","status":"publish","type":"product","link":"https:\/\/aromasentia.com\/da\/naturlig-saltlysestage-af-hoej-kvalitet\/","title":{"rendered":"Naturlig Saltlysestage Af H\u00f8j Kvalitet"},"content":{"rendered":"<p><strong>Aroma Sentias Himalaya-saltlysholdere<\/strong>er lavet af naturlig Himalaya-krystalsaltsten. De er en naturlig ionisator og luftrenser.<\/p>\n<p>Ved at bruge en Himalaya-saltlysholder erstatter du de negativt ladede ioner i luften, hvilket hj\u00e6lper os med at undg\u00e5 den p\u00e5st\u00e5ede fysiske og mentale skade, som den &#8220;elektriske smog&#8221; for\u00e5rsager. Negative ioner renser luften ved at fjerne st\u00f8v, pollen og bakterier.<\/p>\n<p>Himalaya-saltlysholdere indeholder naturligt revner og \u00e5rer, der g\u00f8r hver enkelt unik. Farverne sp\u00e6nder fra lyser\u00f8d til en dyb m\u00f8rk lyser\u00f8d.<\/p>\n<p>Vores saltlysholder skaber en afslappende varm atmosf\u00e6re i ethvert rum. Den vil tilf\u00f8je en romantisk f\u00f8lelse til din spisestue, sovev\u00e6relser eller et hvilket som helst andet (ikke fugtigt omr\u00e5de), du foretr\u00e6kker. Sikkerhedsregel: Det er altid vigtigt at have et br\u00e6ndende stearinlys inden for synsvidde og opbevare det utilg\u00e6ngeligt for b\u00f8rn og k\u00e6ledyr.<\/p>\n<p>Bem\u00e6rk: St\u00f8rrelse og form p\u00e5 naturlige saltlysholdere kan variere.<\/p>\n","protected":false},"excerpt":{"rendered":"<p>Aroma Sentias Himalaya-saltlysholdereer lavet af naturlig Himalaya-krystalsaltsten. De er en naturlig ionisator og luftrenser. Ved at bruge en Himalaya-saltlysholder erstatter du de negativt ladede ioner i luften, hvilket hj\u00e6lper os med at undg\u00e5 den p\u00e5st\u00e5ede fysiske og mentale skade, som den &#8220;elektriske smog&#8221; for\u00e5rsager. Negative ioner renser luften ved at fjerne st\u00f8v, pollen og bakterier. [&hellip;]<\/p>\n","protected":false},"featured_media":375731,"comment_status":"closed","ping_status":"open","template":"","meta":{"_angie_page":false},"product_brand":[],"product_cat":[6243,6244,6250,6251],"product_tag":[],"class_list":{"0":"post-199607","1":"product","2":"type-product","3":"status-publish","4":"has-post-thumbnail","6":"product_cat-esoteriske-gaver","7":"product_cat-himalaya-saltlamper-saltkrystaller","8":"product_cat-lysestager","9":"product_cat-lysestager-og-stearinlys","10":"pa_collection-himalayan-salt-lamps-candle-holders-da","11":"pa_made-in-pakistan","13":"first","14":"instock","15":"purchasable","16":"product-type-simple"},"supplier_id":null,"supplier_sku":"QSalt-08","barcode":null,"atum_controlled":true,"out_stock_date":null,"out_stock_threshold":null,"inheritable":false,"inbound_stock":null,"stock_on_hold":0,"sold_today":0,"sales_last_days":0,"reserved_stock":null,"customer_returns":null,"warehouse_damage":null,"lost_in_post":null,"other_logs":null,"out_stock_days":0,"lost_sales":0,"has_location":null,"update_date":"2026-04-27T07:18:52","atum_locations":[],"atum_stock_status":"instock","restock_status":false,"low_stock_amount":"","sales_update_date":"2025-09-04T00:29:29","calc_backorders":null,"_links":{"self":[{"href":"https:\/\/aromasentia.com\/da\/wp-json\/wp\/v2\/product\/199607","targetHints":{"allow":["GET"]}}],"collection":[{"href":"https:\/\/aromasentia.com\/da\/wp-json\/wp\/v2\/product"}],"about":[{"href":"https:\/\/aromasentia.com\/da\/wp-json\/wp\/v2\/types\/product"}],"replies":[{"embeddable":true,"href":"https:\/\/aromasentia.com\/da\/wp-json\/wp\/v2\/comments?post=199607"}],"version-history":[{"count":0,"href":"https:\/\/aromasentia.com\/da\/wp-json\/wp\/v2\/product\/199607\/revisions"}],"wp:featuredmedia":[{"embeddable":true,"href":"https:\/\/aromasentia.com\/da\/wp-json\/wp\/v2\/media\/375731"}],"wp:attachment":[{"href":"https:\/\/aromasentia.com\/da\/wp-json\/wp\/v2\/media?parent=199607"}],"wp:term":[{"taxonomy":"product_brand","embeddable":true,"href":"https:\/\/aromasentia.com\/da\/wp-json\/wp\/v2\/product_brand?post=199607"},{"taxonomy":"product_cat","embeddable":true,"href":"https:\/\/aromasentia.com\/da\/wp-json\/wp\/v2\/product_cat?post=199607"},{"taxonomy":"product_tag","embeddable":true,"href":"https:\/\/aromasentia.com\/da\/wp-json\/wp\/v2\/product_tag?post=199607"}],"curies":[{"name":"wp","href":"https:\/\/api.w.org\/{rel}","templated":true}]}}