{"id":199597,"date":"2025-03-22T16:05:57","date_gmt":"2025-03-22T16:05:57","guid":{"rendered":"https:\/\/aromasentia.com\/product\/set-of-six-natural-wall-art-bintang-collection\/"},"modified":"2025-06-22T03:21:19","modified_gmt":"2025-06-22T03:21:19","slug":"saet-med-seks-naturlige-vaegbilleder-bintang-collection","status":"publish","type":"product","link":"https:\/\/aromasentia.com\/da\/saet-med-seks-naturlige-vaegbilleder-bintang-collection\/","title":{"rendered":"S\u00e6t med Seks Naturlige V\u00e6gbilleder &#8211; Bintang Collection"},"content":{"rendered":"<p><em>Transformer ethvert rum til en rolig oase med vores Wholesale Seagrass Wall Decor, der er omhyggeligt udformet af dygtige h\u00e5ndv\u00e6rkere fra Indonesien. Hvert stykke udstr\u00e5ler en bohemeagtig charme og tilf\u00f8jer en afslappet stemning til ethvert rum, det pryder.<\/em><\/p>\n<p>Denne v\u00e6gkunst, der er fremstillet af b\u00e6redygtigt s\u00f8gr\u00e6s, er udtryk for milj\u00f8bevidsthed og stemmer overens med den voksende tendens til milj\u00f8venlige produkter. De milj\u00f8venlige materialer er ikke kun i overensstemmelse med moderne v\u00e6rdier, men g\u00f8r det ogs\u00e5 til et uimodst\u00e5eligt valg for forbrugere, der s\u00f8ger b\u00e5de stil og b\u00e6redygtighed.<\/p>\n<p><em>Dimensionerne p\u00e5 de enkelte produkter er beskrevet p\u00e5 billederne.<\/em><\/p>\n","protected":false},"excerpt":{"rendered":"<p>Transformer ethvert rum til en rolig oase med vores Wholesale Seagrass Wall Decor, der er omhyggeligt udformet af dygtige h\u00e5ndv\u00e6rkere fra Indonesien. Hvert stykke udstr\u00e5ler en bohemeagtig charme og tilf\u00f8jer en afslappet stemning til ethvert rum, det pryder. Denne v\u00e6gkunst, der er fremstillet af b\u00e6redygtigt s\u00f8gr\u00e6s, er udtryk for milj\u00f8bevidsthed og stemmer overens med den [&hellip;]<\/p>\n","protected":false},"featured_media":375497,"comment_status":"closed","ping_status":"open","template":"","meta":[],"product_brand":[],"product_cat":[6332,5591],"product_tag":[],"class_list":{"0":"post-199597","1":"product","2":"type-product","3":"status-publish","4":"has-post-thumbnail","6":"product_cat-dekorationer","7":"product_cat-hjem-og-have","8":"pa_collection-natural-seagrass-wall-art-da","9":"pa_made-in-indonesien","11":"first","12":"instock","13":"purchasable","14":"product-type-simple"},"supplier_id":null,"supplier_sku":"NWA-02","barcode":null,"atum_controlled":true,"out_stock_date":null,"out_stock_threshold":null,"inheritable":false,"inbound_stock":null,"stock_on_hold":0,"sold_today":0,"sales_last_days":0,"reserved_stock":null,"customer_returns":null,"warehouse_damage":null,"lost_in_post":null,"other_logs":null,"out_stock_days":0,"lost_sales":0,"has_location":null,"update_date":"2026-02-12T05:41:39","atum_locations":[],"atum_stock_status":"instock","restock_status":false,"low_stock_amount":"","sales_update_date":"2025-09-04T00:29:26","calc_backorders":null,"_links":{"self":[{"href":"https:\/\/aromasentia.com\/da\/wp-json\/wp\/v2\/product\/199597","targetHints":{"allow":["GET"]}}],"collection":[{"href":"https:\/\/aromasentia.com\/da\/wp-json\/wp\/v2\/product"}],"about":[{"href":"https:\/\/aromasentia.com\/da\/wp-json\/wp\/v2\/types\/product"}],"replies":[{"embeddable":true,"href":"https:\/\/aromasentia.com\/da\/wp-json\/wp\/v2\/comments?post=199597"}],"version-history":[{"count":0,"href":"https:\/\/aromasentia.com\/da\/wp-json\/wp\/v2\/product\/199597\/revisions"}],"wp:featuredmedia":[{"embeddable":true,"href":"https:\/\/aromasentia.com\/da\/wp-json\/wp\/v2\/media\/375497"}],"wp:attachment":[{"href":"https:\/\/aromasentia.com\/da\/wp-json\/wp\/v2\/media?parent=199597"}],"wp:term":[{"taxonomy":"product_brand","embeddable":true,"href":"https:\/\/aromasentia.com\/da\/wp-json\/wp\/v2\/product_brand?post=199597"},{"taxonomy":"product_cat","embeddable":true,"href":"https:\/\/aromasentia.com\/da\/wp-json\/wp\/v2\/product_cat?post=199597"},{"taxonomy":"product_tag","embeddable":true,"href":"https:\/\/aromasentia.com\/da\/wp-json\/wp\/v2\/product_tag?post=199597"}],"curies":[{"name":"wp","href":"https:\/\/api.w.org\/{rel}","templated":true}]}}