{"id":199594,"date":"2025-03-22T16:05:57","date_gmt":"2025-03-22T16:05:57","guid":{"rendered":"https:\/\/aromasentia.com\/product\/set-of-six-natural-wall-art-abu-abu-collection\/"},"modified":"2025-06-22T03:21:18","modified_gmt":"2025-06-22T03:21:18","slug":"saet-med-seks-naturlige-vaegbilleder-abu-abu-collection","status":"publish","type":"product","link":"https:\/\/aromasentia.com\/da\/saet-med-seks-naturlige-vaegbilleder-abu-abu-collection\/","title":{"rendered":"S\u00e6t med Seks Naturlige V\u00e6gbilleder &#8211; Abu-Abu Collection"},"content":{"rendered":"<p><span style=\"color: rgb(75, 80, 88);\">Tilf\u00f8j et boheme-agtigt, afslappet pr\u00e6g til ethvert rum med dette <strong>S\u00e6t med seks v\u00e6gkunstv\u00e6rker af naturligt s\u00f8gr\u00e6s &#8211; Abu-Abu-kollektion<\/strong>. H\u00e5ndlavet af indonesiske kunsth\u00e5ndv\u00e6rkere, pr\u00e6senteret af <strong>Aroma Sentia<\/strong>.<\/span><\/p>\n<p><span style=\"color: rgb(75, 80, 88);\">En s\u00e5dan dekoration vil v\u00e6re et blikfang p\u00e5 dine kunders v\u00e6gge, der skiller sig ud fra m\u00e6ngden og helt sikkert fanger opm\u00e6rksomheden. <strong>Bring komfort og skab et autentisk eksotisk look med denne v\u00e6gkunst<\/strong>.<\/span><\/p>\n<p><span style=\"color: rgb(75, 80, 88);\">Den passer til enhver stil, du kan vise den over sengen eller kaminhylden, eller p\u00e5 en v\u00e6g sammen med andre finurlige indretningselementer. <strong>Ideel gave til elskere af rustik stil<\/strong>. Perfekt ogs\u00e5 til boho bryllupper.<\/span><\/p>\n<p><span style=\"color: rgb(75, 80, 88);\">Denne naturlige v\u00e6gkunst er lavet af <strong>\u00f8kologisk s\u00f8gr\u00e6s<\/strong>.<strong>Milj\u00f8venlige materialer<\/strong><strong>er<\/strong>er virkelig trendy, is\u00e6r produkter lavet af eksotisk s\u00f8gr\u00e6s er moderigtige og nemme at s\u00e6lge.<\/span><\/p>\n<p><span style=\"color: rgb(141, 186, 216);\"><strong>Tilf\u00f8j til din portef\u00f8lje og bestil nu for at skabe den ultimative wow-effekt i din butik.<\/strong><\/span><\/p>\n","protected":false},"excerpt":{"rendered":"<p>Tilf\u00f8j et boheme-agtigt, afslappet pr\u00e6g til ethvert rum med dette S\u00e6t med seks v\u00e6gkunstv\u00e6rker af naturligt s\u00f8gr\u00e6s &#8211; Abu-Abu-kollektion. H\u00e5ndlavet af indonesiske kunsth\u00e5ndv\u00e6rkere, pr\u00e6senteret af Aroma Sentia. En s\u00e5dan dekoration vil v\u00e6re et blikfang p\u00e5 dine kunders v\u00e6gge, der skiller sig ud fra m\u00e6ngden og helt sikkert fanger opm\u00e6rksomheden. Bring komfort og skab et autentisk [&hellip;]<\/p>\n","protected":false},"featured_media":375446,"comment_status":"closed","ping_status":"open","template":"","meta":[],"product_brand":[],"product_cat":[6332,5591],"product_tag":[],"class_list":{"0":"post-199594","1":"product","2":"type-product","3":"status-publish","4":"has-post-thumbnail","6":"product_cat-dekorationer","7":"product_cat-hjem-og-have","8":"pa_collection-natural-seagrass-wall-art-da","9":"pa_made-in-indonesien","11":"first","12":"instock","13":"purchasable","14":"product-type-simple"},"supplier_id":null,"supplier_sku":"NWA-03","barcode":null,"atum_controlled":true,"out_stock_date":null,"out_stock_threshold":null,"inheritable":false,"inbound_stock":null,"stock_on_hold":0,"sold_today":0,"sales_last_days":0,"reserved_stock":null,"customer_returns":null,"warehouse_damage":null,"lost_in_post":null,"other_logs":null,"out_stock_days":0,"lost_sales":0,"has_location":null,"update_date":"2026-02-06T00:01:43","atum_locations":[],"atum_stock_status":"instock","restock_status":false,"low_stock_amount":"","sales_update_date":"2026-02-06T00:01:43","calc_backorders":null,"_links":{"self":[{"href":"https:\/\/aromasentia.com\/da\/wp-json\/wp\/v2\/product\/199594","targetHints":{"allow":["GET"]}}],"collection":[{"href":"https:\/\/aromasentia.com\/da\/wp-json\/wp\/v2\/product"}],"about":[{"href":"https:\/\/aromasentia.com\/da\/wp-json\/wp\/v2\/types\/product"}],"replies":[{"embeddable":true,"href":"https:\/\/aromasentia.com\/da\/wp-json\/wp\/v2\/comments?post=199594"}],"version-history":[{"count":0,"href":"https:\/\/aromasentia.com\/da\/wp-json\/wp\/v2\/product\/199594\/revisions"}],"wp:featuredmedia":[{"embeddable":true,"href":"https:\/\/aromasentia.com\/da\/wp-json\/wp\/v2\/media\/375446"}],"wp:attachment":[{"href":"https:\/\/aromasentia.com\/da\/wp-json\/wp\/v2\/media?parent=199594"}],"wp:term":[{"taxonomy":"product_brand","embeddable":true,"href":"https:\/\/aromasentia.com\/da\/wp-json\/wp\/v2\/product_brand?post=199594"},{"taxonomy":"product_cat","embeddable":true,"href":"https:\/\/aromasentia.com\/da\/wp-json\/wp\/v2\/product_cat?post=199594"},{"taxonomy":"product_tag","embeddable":true,"href":"https:\/\/aromasentia.com\/da\/wp-json\/wp\/v2\/product_tag?post=199594"}],"curies":[{"name":"wp","href":"https:\/\/api.w.org\/{rel}","templated":true}]}}