{"id":199588,"date":"2025-03-22T16:05:57","date_gmt":"2025-03-22T16:05:57","guid":{"rendered":"https:\/\/aromasentia.com\/product\/banana-leaf-set-2-vase-2-bins\/"},"modified":"2025-06-22T03:21:16","modified_gmt":"2025-06-22T03:21:16","slug":"bananbladssaet-2-vaser-og-2-skraldespande","status":"publish","type":"product","link":"https:\/\/aromasentia.com\/da\/bananbladssaet-2-vaser-og-2-skraldespande\/","title":{"rendered":"Bananbladss\u00e6t &#8211; 2 Vaser Og 2 Skraldespande"},"content":{"rendered":"<p><strong>H\u00e5ndv\u00e6vet og farvet i Java,&nbsp;<\/strong>disse<strong>&nbsp;<\/strong>Banana Leaf Set &#8211; 2 Vase &amp; 2 Bins er perfekte til hvert hj\u00f8rne, ideelle til organisering rundt om i huset, indretning, d\u00e6kning af urtepotter, opbevaring af spisekammer, opbevaring af leget\u00f8j og tilf\u00f8jer naturlig tekstur og farve til din kundes rum&rsquo;n. Som du ved, er alt, hvad der er relateret til stueplanter og naturligt, en stor trend, og dette smukke og naturlige produkt er lige i \u00f8jet.&nbsp;<\/p>\n<p>Disse smukke kurves\u00e6t bringer det bedste fra to verdener sammen: naturligt og menneskeskabt; jordn\u00e6rt og elegant og praktisk. Du kan ogs\u00e5 lide <a href=\"https:\/\/aromasentia.com\/mhs\"><strong>Macrame h\u00e6ngende hylder<\/strong><\/a><strong>.<\/strong><\/p>\n<p>K\u00f8b af en af disse kurve st\u00f8tter producenterne og hj\u00e6lper med at bevare en gammel h\u00e5ndv\u00e6rkstradition i Java.<\/p>\n<p><strong>&#8211; Etisk &#8211; S\u00e6lges i s\u00e6t med fire &#8211; H\u00e5ndlavet i Java &#8211; Milj\u00f8venlig<\/strong><\/p>\n<p>St\u00f8rrelser: X2 sm\u00e5 beholdere: 24,5x 20 cm&nbsp;<\/p>\n<p>St\u00f8rre vase: 50x 18 cm&nbsp;<\/p>\n<p>Mindre vase: 44x 16 cm<\/p>\n<p><strong>G\u00f8r det til en smuk, naturlig udstilling. Bestil i dag.<\/strong><\/p>\n","protected":false},"excerpt":{"rendered":"<p>H\u00e5ndv\u00e6vet og farvet i Java,&nbsp;disse&nbsp;Banana Leaf Set &#8211; 2 Vase &amp; 2 Bins er perfekte til hvert hj\u00f8rne, ideelle til organisering rundt om i huset, indretning, d\u00e6kning af urtepotter, opbevaring af spisekammer, opbevaring af leget\u00f8j og tilf\u00f8jer naturlig tekstur og farve til din kundes rum&rsquo;n. Som du ved, er alt, hvad der er relateret til [&hellip;]<\/p>\n","protected":false},"featured_media":375344,"comment_status":"closed","ping_status":"open","template":"","meta":{"_angie_page":false},"product_brand":[],"product_cat":[6332,5591,6477],"product_tag":[],"class_list":{"0":"post-199588","1":"product","2":"type-product","3":"status-publish","4":"has-post-thumbnail","6":"product_cat-dekorationer","7":"product_cat-hjem-og-have","8":"product_cat-vaser","9":"pa_collection-seagrass-vase-bins-set-da","10":"pa_made-in-indonesien","12":"first","13":"instock","14":"purchasable","15":"product-type-simple"},"supplier_id":null,"supplier_sku":"NVA-02","barcode":null,"atum_controlled":true,"out_stock_date":null,"out_stock_threshold":null,"inheritable":false,"inbound_stock":null,"stock_on_hold":0,"sold_today":0,"sales_last_days":0,"reserved_stock":null,"customer_returns":null,"warehouse_damage":null,"lost_in_post":null,"other_logs":null,"out_stock_days":0,"lost_sales":0,"has_location":null,"update_date":"2026-04-27T07:15:56","atum_locations":[],"atum_stock_status":"instock","restock_status":false,"low_stock_amount":"","sales_update_date":"2026-01-30T01:24:47","calc_backorders":null,"_links":{"self":[{"href":"https:\/\/aromasentia.com\/da\/wp-json\/wp\/v2\/product\/199588","targetHints":{"allow":["GET"]}}],"collection":[{"href":"https:\/\/aromasentia.com\/da\/wp-json\/wp\/v2\/product"}],"about":[{"href":"https:\/\/aromasentia.com\/da\/wp-json\/wp\/v2\/types\/product"}],"replies":[{"embeddable":true,"href":"https:\/\/aromasentia.com\/da\/wp-json\/wp\/v2\/comments?post=199588"}],"version-history":[{"count":0,"href":"https:\/\/aromasentia.com\/da\/wp-json\/wp\/v2\/product\/199588\/revisions"}],"wp:featuredmedia":[{"embeddable":true,"href":"https:\/\/aromasentia.com\/da\/wp-json\/wp\/v2\/media\/375344"}],"wp:attachment":[{"href":"https:\/\/aromasentia.com\/da\/wp-json\/wp\/v2\/media?parent=199588"}],"wp:term":[{"taxonomy":"product_brand","embeddable":true,"href":"https:\/\/aromasentia.com\/da\/wp-json\/wp\/v2\/product_brand?post=199588"},{"taxonomy":"product_cat","embeddable":true,"href":"https:\/\/aromasentia.com\/da\/wp-json\/wp\/v2\/product_cat?post=199588"},{"taxonomy":"product_tag","embeddable":true,"href":"https:\/\/aromasentia.com\/da\/wp-json\/wp\/v2\/product_tag?post=199588"}],"curies":[{"name":"wp","href":"https:\/\/api.w.org\/{rel}","templated":true}]}}