{"id":199586,"date":"2025-03-22T16:05:57","date_gmt":"2025-03-22T16:05:57","guid":{"rendered":"https:\/\/aromasentia.com\/product\/natural-coaster-jute-cotton-10cm-set-of-6-mixed-colours-in-basket\/"},"modified":"2025-06-22T03:21:15","modified_gmt":"2025-06-22T03:21:15","slug":"bordskaaner-jute-og-bomuld-10cm-saet-med-6-blandede-farver-i-kurv","status":"publish","type":"product","link":"https:\/\/aromasentia.com\/da\/bordskaaner-jute-og-bomuld-10cm-saet-med-6-blandede-farver-i-kurv\/","title":{"rendered":"Bordsk\u00e5ner &#8211; Jute Og Bomuld 10cm (S\u00e6t med 6) Blandede Farver I Kurv"},"content":{"rendered":"<p><span style=\"color: rgb(75, 80, 88);\">Vi pr\u00e6senterer vores fantastiske kollektion af <strong>naturlige bordsk\u00e5nere<\/strong>, et must-have for detailhandlere, der \u00f8nsker at tilf\u00f8re deres varelager et strejf af boho chic. De er fremstillet af en blanding af jute og bomuld og tilbyder tydelige fordele:<\/span><\/p>\n<p><span style=\"color: rgb(75, 80, 88);\">&#8211; milj\u00f8venlighed<\/span><\/p>\n<p><span style=\"color: rgb(75, 80, 88);\">&#8211; holdbarhed<\/span><\/p>\n<p><span style=\"color: rgb(75, 80, 88);\">&#8211; absorberingsevne<\/span><\/p>\n<p><span style=\"color: rgb(75, 80, 88);\">&#8211; \u00e6stetisk udseende<\/span><\/p>\n<p><span style=\"color: rgb(75, 80, 88);\">I \u00e9n kurv modtager du en <strong>blanding af 6 farver<\/strong>, der giver dig alsidighed til at matche forskellige indretningsstile og pr\u00e6ferencer.<\/span><\/p>\n<p><span style=\"color: rgb(75, 80, 88);\">Disse bordsk\u00e5nere har et rustikt og naturligt udseende. tilf\u00f8jer varme og tekstur til enhver bordd\u00e6kning. De kan nemt supplere enhver indretningsstil, fra landlig til boheme, og er velegnede til b\u00e5de afslappede og formelle lejligheder.<\/span><\/p>\n<p><span style=\"color: rgb(75, 80, 88);\">De tilbyder praktisk funktionalitet uden at g\u00e5 p\u00e5 kompromis med stil eller kvalitet.<\/span><\/p>\n","protected":false},"excerpt":{"rendered":"<p>Vi pr\u00e6senterer vores fantastiske kollektion af naturlige bordsk\u00e5nere, et must-have for detailhandlere, der \u00f8nsker at tilf\u00f8re deres varelager et strejf af boho chic. De er fremstillet af en blanding af jute og bomuld og tilbyder tydelige fordele: &#8211; milj\u00f8venlighed &#8211; holdbarhed &#8211; absorberingsevne &#8211; \u00e6stetisk udseende I \u00e9n kurv modtager du en blanding af 6 [&hellip;]<\/p>\n","protected":false},"featured_media":375318,"comment_status":"closed","ping_status":"open","template":"","meta":[],"product_brand":[],"product_cat":[5591],"product_tag":[],"class_list":{"0":"post-199586","1":"product","2":"type-product","3":"status-publish","4":"has-post-thumbnail","6":"product_cat-hjem-og-have","7":"pa_collection-natural-place-mats-da","8":"pa_made-in-indien","10":"first","11":"instock","12":"purchasable","13":"product-type-simple"},"supplier_id":null,"supplier_sku":"NPMAT-17","barcode":null,"atum_controlled":true,"out_stock_date":null,"out_stock_threshold":null,"inheritable":false,"inbound_stock":null,"stock_on_hold":0,"sold_today":0,"sales_last_days":0,"reserved_stock":null,"customer_returns":null,"warehouse_damage":null,"lost_in_post":null,"other_logs":null,"out_stock_days":0,"lost_sales":0,"has_location":null,"update_date":"2026-02-06T00:02:06","atum_locations":[],"atum_stock_status":"instock","restock_status":false,"low_stock_amount":"","sales_update_date":"2026-02-06T00:02:06","calc_backorders":null,"_links":{"self":[{"href":"https:\/\/aromasentia.com\/da\/wp-json\/wp\/v2\/product\/199586","targetHints":{"allow":["GET"]}}],"collection":[{"href":"https:\/\/aromasentia.com\/da\/wp-json\/wp\/v2\/product"}],"about":[{"href":"https:\/\/aromasentia.com\/da\/wp-json\/wp\/v2\/types\/product"}],"replies":[{"embeddable":true,"href":"https:\/\/aromasentia.com\/da\/wp-json\/wp\/v2\/comments?post=199586"}],"version-history":[{"count":0,"href":"https:\/\/aromasentia.com\/da\/wp-json\/wp\/v2\/product\/199586\/revisions"}],"wp:featuredmedia":[{"embeddable":true,"href":"https:\/\/aromasentia.com\/da\/wp-json\/wp\/v2\/media\/375318"}],"wp:attachment":[{"href":"https:\/\/aromasentia.com\/da\/wp-json\/wp\/v2\/media?parent=199586"}],"wp:term":[{"taxonomy":"product_brand","embeddable":true,"href":"https:\/\/aromasentia.com\/da\/wp-json\/wp\/v2\/product_brand?post=199586"},{"taxonomy":"product_cat","embeddable":true,"href":"https:\/\/aromasentia.com\/da\/wp-json\/wp\/v2\/product_cat?post=199586"},{"taxonomy":"product_tag","embeddable":true,"href":"https:\/\/aromasentia.com\/da\/wp-json\/wp\/v2\/product_tag?post=199586"}],"curies":[{"name":"wp","href":"https:\/\/api.w.org\/{rel}","templated":true}]}}