{"id":199584,"date":"2025-03-22T16:05:57","date_gmt":"2025-03-22T16:05:57","guid":{"rendered":"https:\/\/aromasentia.com\/product\/natural-coaster-jute-cotton-10cm-set-of-4-clay-boarder\/"},"modified":"2025-06-22T03:21:14","modified_gmt":"2025-06-22T03:21:14","slug":"bordskaaner-jute-og-bomuld-10cm-saet-med-4-clay-boarder","status":"publish","type":"product","link":"https:\/\/aromasentia.com\/da\/bordskaaner-jute-og-bomuld-10cm-saet-med-4-clay-boarder\/","title":{"rendered":"Bordsk\u00e5ner &#8211; Jute Og Bomuld 10cm (S\u00e6t med 4) &#8211; Clay Boarder"},"content":{"rendered":"<p><span style=\"color: rgb(75, 80, 88);\">Vi pr\u00e6senterer vores fantastiske kollektion af <strong>naturlige bordsk\u00e5nere<\/strong>, et must-have for detailhandlere, der \u00f8nsker at tilf\u00f8re deres varelager et strejf af boho chic. De er fremstillet af en blanding af jute og bomuld og er ideelle til sarte overflader, s\u00e5som glas eller tr\u00e6.<\/span><\/p>\n<p><span style=\"color: rgb(75, 80, 88);\">Kombiner dem med <strong>Naturlig d\u00e6kkeserviet &#8211; Jute &#038; bomuld 30 cm &#8211; lerkant<\/strong> for et sammenh\u00e6ngende look. De passer til enhver indretningsstil og pr\u00e6ferencer.<\/span><\/p>\n<p><span style=\"color: rgb(75, 80, 88);\">De absorberer ikke kun fugt fra glas eller kopper, men de kan ogs\u00e5 hj\u00e6lpe med at beskytte overflader mod varmeskader for\u00e5rsaget af varme kopper eller krus. Derudover kan de ogs\u00e5 hj\u00e6lpe med at opretholde temperaturen p\u00e5 kolde drikkevarer.<\/span><\/p>\n","protected":false},"excerpt":{"rendered":"<p>Vi pr\u00e6senterer vores fantastiske kollektion af naturlige bordsk\u00e5nere, et must-have for detailhandlere, der \u00f8nsker at tilf\u00f8re deres varelager et strejf af boho chic. De er fremstillet af en blanding af jute og bomuld og er ideelle til sarte overflader, s\u00e5som glas eller tr\u00e6. Kombiner dem med Naturlig d\u00e6kkeserviet &#8211; Jute &#038; bomuld 30 cm &#8211; [&hellip;]<\/p>\n","protected":false},"featured_media":375268,"comment_status":"closed","ping_status":"open","template":"","meta":[],"product_brand":[],"product_cat":[5591],"product_tag":[],"class_list":{"0":"post-199584","1":"product","2":"type-product","3":"status-publish","4":"has-post-thumbnail","6":"product_cat-hjem-og-have","7":"pa_collection-natural-place-mats-da","8":"pa_made-in-indien","10":"first","11":"instock","12":"purchasable","13":"product-type-simple"},"supplier_id":null,"supplier_sku":"NPMAT-15","barcode":null,"atum_controlled":true,"out_stock_date":null,"out_stock_threshold":null,"inheritable":false,"inbound_stock":null,"stock_on_hold":0,"sold_today":0,"sales_last_days":0,"reserved_stock":null,"customer_returns":null,"warehouse_damage":null,"lost_in_post":null,"other_logs":null,"out_stock_days":0,"lost_sales":0,"has_location":null,"update_date":"2026-01-31T23:44:32","atum_locations":[],"atum_stock_status":"instock","restock_status":false,"low_stock_amount":"","sales_update_date":"2026-01-30T01:25:44","calc_backorders":null,"_links":{"self":[{"href":"https:\/\/aromasentia.com\/da\/wp-json\/wp\/v2\/product\/199584","targetHints":{"allow":["GET"]}}],"collection":[{"href":"https:\/\/aromasentia.com\/da\/wp-json\/wp\/v2\/product"}],"about":[{"href":"https:\/\/aromasentia.com\/da\/wp-json\/wp\/v2\/types\/product"}],"replies":[{"embeddable":true,"href":"https:\/\/aromasentia.com\/da\/wp-json\/wp\/v2\/comments?post=199584"}],"version-history":[{"count":0,"href":"https:\/\/aromasentia.com\/da\/wp-json\/wp\/v2\/product\/199584\/revisions"}],"wp:featuredmedia":[{"embeddable":true,"href":"https:\/\/aromasentia.com\/da\/wp-json\/wp\/v2\/media\/375268"}],"wp:attachment":[{"href":"https:\/\/aromasentia.com\/da\/wp-json\/wp\/v2\/media?parent=199584"}],"wp:term":[{"taxonomy":"product_brand","embeddable":true,"href":"https:\/\/aromasentia.com\/da\/wp-json\/wp\/v2\/product_brand?post=199584"},{"taxonomy":"product_cat","embeddable":true,"href":"https:\/\/aromasentia.com\/da\/wp-json\/wp\/v2\/product_cat?post=199584"},{"taxonomy":"product_tag","embeddable":true,"href":"https:\/\/aromasentia.com\/da\/wp-json\/wp\/v2\/product_tag?post=199584"}],"curies":[{"name":"wp","href":"https:\/\/api.w.org\/{rel}","templated":true}]}}