{"id":199580,"date":"2025-03-22T16:05:57","date_gmt":"2025-03-22T16:05:57","guid":{"rendered":"https:\/\/aromasentia.com\/product\/natural-coaster-jute-cotton-10cm-set-of-4-ivory-boarder\/"},"modified":"2025-06-22T03:21:10","modified_gmt":"2025-06-22T03:21:10","slug":"bordskaaner-jute-og-bomuld-10cm-saet-med-4-elfenbensfarvet-kant","status":"publish","type":"product","link":"https:\/\/aromasentia.com\/da\/bordskaaner-jute-og-bomuld-10cm-saet-med-4-elfenbensfarvet-kant\/","title":{"rendered":"Bordsk\u00e5ner &#8211; Jute Og Bomuld 10cm (S\u00e6t med 4) &#8211; Elfenbensfarvet Kant"},"content":{"rendered":"<p><span style=\"color: rgb(75, 80, 88);\">Vi pr\u00e6senterer vores fantastiske kollektion af <strong>Naturlige bordsk\u00e5nere &#8211; Jute &#038; bomuld 10 cm (s\u00e6t med 4) &#8211; Elfenbensfarvet kant<\/strong>, et must-have tilbeh\u00f8r for detailhandlere, der \u00f8nsker at give deres varelager et strejf af boho chic. De er fremstillet af en blanding af jute og bomuld og vil komplementere enhver bordd\u00e6kning.<\/span><\/p>\n<p><span style=\"color: rgb(75, 80, 88);\">Ideelle til b\u00e5de afslappede og formelle lejligheder.<\/span><\/p>\n<p><span style=\"color: rgb(75, 80, 88);\">Match dem med<\/span><a href=\"https:\/\/aromasentia.com\/natural-place-mat-jute-&#038;-cotton-30cm-ivory-boarder\"><span style=\"color: rgb(149, 122, 101);\"><strong>Naturlig d\u00e6kkeserviet &#8211; Jute &#038; Bomuld 30cm &#8211; Elfenbensfarvet kant.<\/strong><\/span><\/a><\/p>\n","protected":false},"excerpt":{"rendered":"<p>Vi pr\u00e6senterer vores fantastiske kollektion af Naturlige bordsk\u00e5nere &#8211; Jute &#038; bomuld 10 cm (s\u00e6t med 4) &#8211; Elfenbensfarvet kant, et must-have tilbeh\u00f8r for detailhandlere, der \u00f8nsker at give deres varelager et strejf af boho chic. De er fremstillet af en blanding af jute og bomuld og vil komplementere enhver bordd\u00e6kning. Ideelle til b\u00e5de afslappede [&hellip;]<\/p>\n","protected":false},"featured_media":375168,"comment_status":"closed","ping_status":"open","template":"","meta":[],"product_brand":[],"product_cat":[5591],"product_tag":[],"class_list":{"0":"post-199580","1":"product","2":"type-product","3":"status-publish","4":"has-post-thumbnail","6":"product_cat-hjem-og-have","7":"pa_collection-natural-place-mats-da","8":"pa_made-in-indien","10":"first","11":"instock","12":"purchasable","13":"product-type-simple"},"supplier_id":null,"supplier_sku":"NPMAT-11","barcode":null,"atum_controlled":true,"out_stock_date":null,"out_stock_threshold":null,"inheritable":false,"inbound_stock":null,"stock_on_hold":0,"sold_today":0,"sales_last_days":0,"reserved_stock":null,"customer_returns":null,"warehouse_damage":null,"lost_in_post":null,"other_logs":null,"out_stock_days":0,"lost_sales":0,"has_location":null,"update_date":"2026-02-02T14:20:05","atum_locations":[],"atum_stock_status":"instock","restock_status":false,"low_stock_amount":"","sales_update_date":"2026-01-20T05:14:23","calc_backorders":null,"_links":{"self":[{"href":"https:\/\/aromasentia.com\/da\/wp-json\/wp\/v2\/product\/199580","targetHints":{"allow":["GET"]}}],"collection":[{"href":"https:\/\/aromasentia.com\/da\/wp-json\/wp\/v2\/product"}],"about":[{"href":"https:\/\/aromasentia.com\/da\/wp-json\/wp\/v2\/types\/product"}],"replies":[{"embeddable":true,"href":"https:\/\/aromasentia.com\/da\/wp-json\/wp\/v2\/comments?post=199580"}],"version-history":[{"count":0,"href":"https:\/\/aromasentia.com\/da\/wp-json\/wp\/v2\/product\/199580\/revisions"}],"wp:featuredmedia":[{"embeddable":true,"href":"https:\/\/aromasentia.com\/da\/wp-json\/wp\/v2\/media\/375168"}],"wp:attachment":[{"href":"https:\/\/aromasentia.com\/da\/wp-json\/wp\/v2\/media?parent=199580"}],"wp:term":[{"taxonomy":"product_brand","embeddable":true,"href":"https:\/\/aromasentia.com\/da\/wp-json\/wp\/v2\/product_brand?post=199580"},{"taxonomy":"product_cat","embeddable":true,"href":"https:\/\/aromasentia.com\/da\/wp-json\/wp\/v2\/product_cat?post=199580"},{"taxonomy":"product_tag","embeddable":true,"href":"https:\/\/aromasentia.com\/da\/wp-json\/wp\/v2\/product_tag?post=199580"}],"curies":[{"name":"wp","href":"https:\/\/api.w.org\/{rel}","templated":true}]}}