{"id":199575,"date":"2025-03-22T16:05:57","date_gmt":"2025-03-22T16:05:57","guid":{"rendered":"https:\/\/aromasentia.com\/product\/natural-place-mat-jute-cotton-30cm-natural-boarder\/"},"modified":"2025-06-22T03:21:09","modified_gmt":"2025-06-22T03:21:09","slug":"daekkeserviet-jute-og-bomuld-30-cm-naturlig-kant","status":"publish","type":"product","link":"https:\/\/aromasentia.com\/da\/daekkeserviet-jute-og-bomuld-30-cm-naturlig-kant\/","title":{"rendered":"D\u00e6kkeserviet &#8211; Jute Og Bomuld 30 cm &#8211; Naturlig Kant"},"content":{"rendered":"<p><span style=\"color: rgb(75, 80, 88);\">Vi pr\u00e6senterer vores fantastiske kollektion af <strong>naturlige d\u00e6kkeservietter<\/strong>, et <strong>must-have til detailhandlere, der \u00f8nsker at tilf\u00f8re et strejf af boho chic<\/strong> til deres varelager. Disse d\u00e6kkeservietter er fremstillet af en blanding af jute og bomuld og udstr\u00e5ler ikke kun naturlig elegance, men ogs\u00e5 en afslappet boheme-stemning, der er perfekt til nutidens frisindede forbrugere.<\/span><\/p>\n<p><span style=\"color: rgb(75, 80, 88);\"><strong>Omfavn enkelhed og milj\u00f8bevidsthed med denne d\u00e6kkeserviet med naturlig kant<\/strong>. Lavet af jute og bomuld, er det et tidl\u00f8st valg til enhver spiseoplevelse.<\/span> <\/p>\n<p><span style=\"color: rgb(75, 80, 88);\">M\u00e5tten m\u00e5ler 30 cm i diameter.<\/span><\/p>\n","protected":false},"excerpt":{"rendered":"<p>Vi pr\u00e6senterer vores fantastiske kollektion af naturlige d\u00e6kkeservietter, et must-have til detailhandlere, der \u00f8nsker at tilf\u00f8re et strejf af boho chic til deres varelager. Disse d\u00e6kkeservietter er fremstillet af en blanding af jute og bomuld og udstr\u00e5ler ikke kun naturlig elegance, men ogs\u00e5 en afslappet boheme-stemning, der er perfekt til nutidens frisindede forbrugere. Omfavn enkelhed [&hellip;]<\/p>\n","protected":false},"featured_media":375003,"comment_status":"closed","ping_status":"open","template":"","meta":[],"product_brand":[],"product_cat":[5591],"product_tag":[],"class_list":{"0":"post-199575","1":"product","2":"type-product","3":"status-publish","4":"has-post-thumbnail","6":"product_cat-hjem-og-have","7":"pa_collection-natural-place-mats-da","8":"pa_made-in-indien","10":"first","11":"instock","12":"purchasable","13":"product-type-simple"},"supplier_id":null,"supplier_sku":"NPMAT-06","barcode":null,"atum_controlled":true,"out_stock_date":null,"out_stock_threshold":null,"inheritable":false,"inbound_stock":null,"stock_on_hold":0,"sold_today":0,"sales_last_days":0,"reserved_stock":null,"customer_returns":null,"warehouse_damage":null,"lost_in_post":null,"other_logs":null,"out_stock_days":0,"lost_sales":0,"has_location":null,"update_date":"2026-01-30T01:25:52","atum_locations":[],"atum_stock_status":"instock","restock_status":false,"low_stock_amount":"","sales_update_date":"2026-01-30T01:25:52","calc_backorders":null,"_links":{"self":[{"href":"https:\/\/aromasentia.com\/da\/wp-json\/wp\/v2\/product\/199575","targetHints":{"allow":["GET"]}}],"collection":[{"href":"https:\/\/aromasentia.com\/da\/wp-json\/wp\/v2\/product"}],"about":[{"href":"https:\/\/aromasentia.com\/da\/wp-json\/wp\/v2\/types\/product"}],"replies":[{"embeddable":true,"href":"https:\/\/aromasentia.com\/da\/wp-json\/wp\/v2\/comments?post=199575"}],"version-history":[{"count":0,"href":"https:\/\/aromasentia.com\/da\/wp-json\/wp\/v2\/product\/199575\/revisions"}],"wp:featuredmedia":[{"embeddable":true,"href":"https:\/\/aromasentia.com\/da\/wp-json\/wp\/v2\/media\/375003"}],"wp:attachment":[{"href":"https:\/\/aromasentia.com\/da\/wp-json\/wp\/v2\/media?parent=199575"}],"wp:term":[{"taxonomy":"product_brand","embeddable":true,"href":"https:\/\/aromasentia.com\/da\/wp-json\/wp\/v2\/product_brand?post=199575"},{"taxonomy":"product_cat","embeddable":true,"href":"https:\/\/aromasentia.com\/da\/wp-json\/wp\/v2\/product_cat?post=199575"},{"taxonomy":"product_tag","embeddable":true,"href":"https:\/\/aromasentia.com\/da\/wp-json\/wp\/v2\/product_tag?post=199575"}],"curies":[{"name":"wp","href":"https:\/\/api.w.org\/{rel}","templated":true}]}}