{"id":199566,"date":"2025-03-22T16:06:08","date_gmt":"2025-03-22T16:06:08","guid":{"rendered":"https:\/\/aromasentia.com\/product\/rustic-bark-letter-g-7cm\/"},"modified":"2025-06-22T03:21:05","modified_gmt":"2025-06-22T03:21:05","slug":"rustikt-bogstav-i-bark-g-7-cm","status":"publish","type":"product","link":"https:\/\/aromasentia.com\/da\/rustikt-bogstav-i-bark-g-7-cm\/","title":{"rendered":"Rustikt Bogstav I Bark &#8211; &#8220;g&#8221; &#8211; 7 cm"},"content":{"rendered":"<p><strong>Trendy Rustic Bark Letter G<\/strong> s\u00e6lges separat i s\u00e6t med 12 bogstaver.<\/p>\n<p><br style=\"font-size: 15px; font-style: normal; font-variant-caps: normal; font-weight: 400; letter-spacing: normal; orphans: 2; text-indent: 0px; text-transform: none; widows: 2; word-spacing: 0px; -webkit-text-stroke-width: 0px; white-space: normal; text-decoration-thickness: initial; text-decoration-style: initial; text-decoration-color: initial; box-sizing: inherit; color: rgb(29, 28, 29); font-family: Slack-Lato, appleLogo, sans-serif; font-variant-ligatures: common-ligatures; text-align: left; background-color: rgb(248, 248, 248);\">Hvert bogstav er h\u00e5ndlavet p\u00e5 Bali af Albasia-tr\u00e6 og har en trendy rustik finish.<\/p>\n<p>Tr\u00e6et er v\u00e6rdsat for sin rige \u00e5retegning, men det er ogs\u00e5 hurtigtvoksende og b\u00e6redygtigt at h\u00f8ste.<\/p>\n<p>Deres st\u00f8rrelse er ca. 7 cm, hvilket g\u00f8r dem gode til at stave hele navne eller l\u00e6ngere ord.<\/p>\n<p><br style=\"font-size: 15px; font-style: normal; font-variant-caps: normal; font-weight: 400; letter-spacing: normal; orphans: 2; text-indent: 0px; text-transform: none; widows: 2; word-spacing: 0px; -webkit-text-stroke-width: 0px; white-space: normal; text-decoration-thickness: initial; text-decoration-style: initial; text-decoration-color: initial; box-sizing: inherit; color: rgb(29, 28, 29); font-family: Slack-Lato, appleLogo, sans-serif; font-variant-ligatures: common-ligatures; text-align: left; background-color: rgb(248, 248, 248);\">Perfekt til at dekorere ethvert rum i huset. Perfekt som d\u00e5bs- eller bryllupsgave.<\/p>\n","protected":false},"excerpt":{"rendered":"<p>Trendy Rustic Bark Letter G s\u00e6lges separat i s\u00e6t med 12 bogstaver. Hvert bogstav er h\u00e5ndlavet p\u00e5 Bali af Albasia-tr\u00e6 og har en trendy rustik finish. Tr\u00e6et er v\u00e6rdsat for sin rige \u00e5retegning, men det er ogs\u00e5 hurtigtvoksende og b\u00e6redygtigt at h\u00f8ste. Deres st\u00f8rrelse er ca. 7 cm, hvilket g\u00f8r dem gode til at stave [&hellip;]<\/p>\n","protected":false},"featured_media":377779,"comment_status":"closed","ping_status":"open","template":"","meta":{"_angie_page":false},"product_brand":[],"product_cat":[5591,6268],"product_tag":[],"class_list":{"0":"post-199566","1":"product","2":"type-product","3":"status-publish","4":"has-post-thumbnail","6":"product_cat-hjem-og-have","7":"product_cat-traedekorationer","8":"pa_collection-rustic-bark-letters-and-numbers-display-da","9":"pa_made-in-indonesien","11":"first","12":"instock","13":"purchasable","14":"product-type-simple"},"supplier_id":null,"supplier_sku":"SRBL-09","barcode":null,"atum_controlled":true,"out_stock_date":null,"out_stock_threshold":null,"inheritable":false,"inbound_stock":null,"stock_on_hold":0,"sold_today":0,"sales_last_days":0,"reserved_stock":null,"customer_returns":null,"warehouse_damage":null,"lost_in_post":null,"other_logs":null,"out_stock_days":0,"lost_sales":0,"has_location":null,"update_date":"2026-04-27T07:22:53","atum_locations":[],"atum_stock_status":"instock","restock_status":false,"low_stock_amount":"","sales_update_date":"2026-01-30T01:25:37","calc_backorders":null,"_links":{"self":[{"href":"https:\/\/aromasentia.com\/da\/wp-json\/wp\/v2\/product\/199566","targetHints":{"allow":["GET"]}}],"collection":[{"href":"https:\/\/aromasentia.com\/da\/wp-json\/wp\/v2\/product"}],"about":[{"href":"https:\/\/aromasentia.com\/da\/wp-json\/wp\/v2\/types\/product"}],"replies":[{"embeddable":true,"href":"https:\/\/aromasentia.com\/da\/wp-json\/wp\/v2\/comments?post=199566"}],"version-history":[{"count":0,"href":"https:\/\/aromasentia.com\/da\/wp-json\/wp\/v2\/product\/199566\/revisions"}],"wp:featuredmedia":[{"embeddable":true,"href":"https:\/\/aromasentia.com\/da\/wp-json\/wp\/v2\/media\/377779"}],"wp:attachment":[{"href":"https:\/\/aromasentia.com\/da\/wp-json\/wp\/v2\/media?parent=199566"}],"wp:term":[{"taxonomy":"product_brand","embeddable":true,"href":"https:\/\/aromasentia.com\/da\/wp-json\/wp\/v2\/product_brand?post=199566"},{"taxonomy":"product_cat","embeddable":true,"href":"https:\/\/aromasentia.com\/da\/wp-json\/wp\/v2\/product_cat?post=199566"},{"taxonomy":"product_tag","embeddable":true,"href":"https:\/\/aromasentia.com\/da\/wp-json\/wp\/v2\/product_tag?post=199566"}],"curies":[{"name":"wp","href":"https:\/\/api.w.org\/{rel}","templated":true}]}}