{"id":199557,"date":"2025-03-22T16:06:08","date_gmt":"2025-03-22T16:06:08","guid":{"rendered":"https:\/\/aromasentia.com\/product\/round-seagrass-white-tan-inner-sun-1m\/"},"modified":"2025-06-22T03:21:00","modified_gmt":"2025-06-22T03:21:00","slug":"rundt-soegraes-hvid-brun-inner-sun-1m","status":"publish","type":"product","link":"https:\/\/aromasentia.com\/da\/rundt-soegraes-hvid-brun-inner-sun-1m\/","title":{"rendered":"Rundt S\u00f8gr\u00e6s Hvid &#038; Brun &#8211; Inner Sun &#8211; 1m"},"content":{"rendered":"<p><span style=\"color: rgb(75, 80, 88);\">H\u00e5ndv\u00e6vet og importeret direkte fra Indonesien, dette <\/span><span style=\"color: rgb(141, 186, 216);\"><strong>Rundt S\u00f8gr\u00e6s T\u00e6ppe &#8211; Hvid &#038; Tan &#8211; Inner Sun &#8211; 1m<\/strong><\/span><span style=\"color: rgb(75, 80, 88);\"> er simpelthen fantastisk.<\/span><\/p>\n<p><span style=\"color: rgb(75, 80, 88);\">Det vil stilfuldt forsk\u00f8nne ethvert opholdsomr\u00e5de. Tilf\u00f8j et eksotisk og naturligt look til dit sofabord eller planteskjuler.<\/span><\/p>\n<p><span style=\"color: rgb(75, 80, 88);\">Dette t\u00e6ppe vil bringe en \u00f8jeblikkelig komfort og rustik atmosf\u00e6re til dine kunders hjem. Dens neutrale farver passer til enhver stil.<\/span><\/p>\n<p><span style=\"color: rgb(75, 80, 88);\">Milj\u00f8venlige materialer er seri\u00f8st trendy, is\u00e6r produkter lavet af s\u00f8gr\u00e6s er moderigtige og lette at s\u00e6lge. S\u00f8gr\u00e6st\u00e6pper er popul\u00e6re for deres fine, fyldige tekstur og langvarige holdbarhed.<\/span><\/p>\n<p><span style=\"color: rgb(75, 80, 88);\">Det kr\u00e6ver den samme vedligeholdelse som de fleste t\u00e6pper. Det har en tendens til at v\u00e6re mere modstandsdygtigt over for pletter og spild &#8211; en ideel egenskab for k\u00e6ledyrselskere.<\/span><\/p>\n<p><strong><span style=\"color: rgb(141, 186, 216);\">Tilf\u00f8j til din produktportef\u00f8lje og bestil nu for at give din butik et unikt, naturligt look.<\/span><\/strong><\/p>\n","protected":false},"excerpt":{"rendered":"<p>H\u00e5ndv\u00e6vet og importeret direkte fra Indonesien, dette Rundt S\u00f8gr\u00e6s T\u00e6ppe &#8211; Hvid &#038; Tan &#8211; Inner Sun &#8211; 1m er simpelthen fantastisk. Det vil stilfuldt forsk\u00f8nne ethvert opholdsomr\u00e5de. Tilf\u00f8j et eksotisk og naturligt look til dit sofabord eller planteskjuler. Dette t\u00e6ppe vil bringe en \u00f8jeblikkelig komfort og rustik atmosf\u00e6re til dine kunders hjem. Dens neutrale [&hellip;]<\/p>\n","protected":false},"featured_media":377698,"comment_status":"closed","ping_status":"open","template":"","meta":{"_angie_page":false},"product_brand":[],"product_cat":[5591,6349,6350],"product_tag":[],"class_list":{"0":"post-199557","1":"product","2":"type-product","3":"status-publish","4":"has-post-thumbnail","6":"product_cat-hjem-og-have","7":"product_cat-taepper","8":"product_cat-tekstiler","9":"pa_collection-round-seagrass-rug-da","10":"pa_made-in-indonesien","12":"first","13":"instock","14":"purchasable","15":"product-type-simple"},"supplier_id":null,"supplier_sku":"SGR-02","barcode":null,"atum_controlled":true,"out_stock_date":null,"out_stock_threshold":null,"inheritable":false,"inbound_stock":null,"stock_on_hold":0,"sold_today":0,"sales_last_days":0,"reserved_stock":null,"customer_returns":null,"warehouse_damage":null,"lost_in_post":null,"other_logs":null,"out_stock_days":0,"lost_sales":0,"has_location":null,"update_date":"2026-04-27T07:21:26","atum_locations":[],"atum_stock_status":"instock","restock_status":false,"low_stock_amount":"","sales_update_date":"2026-01-30T01:25:33","calc_backorders":null,"_links":{"self":[{"href":"https:\/\/aromasentia.com\/da\/wp-json\/wp\/v2\/product\/199557","targetHints":{"allow":["GET"]}}],"collection":[{"href":"https:\/\/aromasentia.com\/da\/wp-json\/wp\/v2\/product"}],"about":[{"href":"https:\/\/aromasentia.com\/da\/wp-json\/wp\/v2\/types\/product"}],"replies":[{"embeddable":true,"href":"https:\/\/aromasentia.com\/da\/wp-json\/wp\/v2\/comments?post=199557"}],"version-history":[{"count":0,"href":"https:\/\/aromasentia.com\/da\/wp-json\/wp\/v2\/product\/199557\/revisions"}],"wp:featuredmedia":[{"embeddable":true,"href":"https:\/\/aromasentia.com\/da\/wp-json\/wp\/v2\/media\/377698"}],"wp:attachment":[{"href":"https:\/\/aromasentia.com\/da\/wp-json\/wp\/v2\/media?parent=199557"}],"wp:term":[{"taxonomy":"product_brand","embeddable":true,"href":"https:\/\/aromasentia.com\/da\/wp-json\/wp\/v2\/product_brand?post=199557"},{"taxonomy":"product_cat","embeddable":true,"href":"https:\/\/aromasentia.com\/da\/wp-json\/wp\/v2\/product_cat?post=199557"},{"taxonomy":"product_tag","embeddable":true,"href":"https:\/\/aromasentia.com\/da\/wp-json\/wp\/v2\/product_tag?post=199557"}],"curies":[{"name":"wp","href":"https:\/\/api.w.org\/{rel}","templated":true}]}}