{"id":199556,"date":"2025-03-22T16:06:08","date_gmt":"2025-03-22T16:06:08","guid":{"rendered":"https:\/\/aromasentia.com\/product\/oval-seagrass-white-tan-classic-60x120cm\/"},"modified":"2025-06-22T03:20:59","modified_gmt":"2025-06-22T03:20:59","slug":"oval-soegraes-white-tan-classic-60x120cm","status":"publish","type":"product","link":"https:\/\/aromasentia.com\/da\/oval-soegraes-white-tan-classic-60x120cm\/","title":{"rendered":"Oval S\u00f8gr\u00e6s White &#038; Tan &#8211; Classic &#8211; 60X120cm"},"content":{"rendered":"<p>H\u00e5ndv\u00e6vet og importeret direkte fra Indonesien, dette <strong>Aroma Sentia<\/strong> <span style=\"color: rgb(141, 186, 216);\"><strong>Ovalt s\u00f8gr\u00e6st\u00e6ppe &#8211; Hvid &#038; Tan &#8211; Klassisk &#8211; 60x120cm<\/strong><\/span> er simpelthen fantastisk.<\/p>\n<p>Det vil stilfuldt udsmykke ethvert opholdsomr\u00e5de. Tilf\u00f8j et strejf af eksotisk og naturligt look til dit sofabord eller planteskjuler.<\/p>\n<p>Dette t\u00e6ppe vil bringe en \u00f8jeblikkelig komfort og rustik atmosf\u00e6re til dine kunders hjem. Dets neutrale farver passer til enhver stil.<\/p>\n<p><strong>Milj\u00f8venlige materialer er seri\u00f8st trendy, is\u00e6r produkter lavet af s\u00f8gr\u00e6s er moderigtige og lette at s\u00e6lge. S\u00f8gr\u00e6st\u00e6pper er popul\u00e6re for deres fine, fyldige tekstur og langvarige holdbarhed.<\/p>\n<p>Det kr\u00e6ver den samme vedligeholdelse som de fleste t\u00e6pper. Den har en tendens til at v\u00e6re <strong>mere modstandsdygtig over for pletter og spild &#8211; en ideel egenskab for k\u00e6ledyrselskere.<\/strong>&nbsp;<\/p>\n<p><span style=\"color: rgb(141, 186, 216);\"><strong>Bestil nu for at give din butik et unikt naturligt look.<\/strong><\/span><\/p>\n","protected":false},"excerpt":{"rendered":"<p>H\u00e5ndv\u00e6vet og importeret direkte fra Indonesien, dette Aroma Sentia Ovalt s\u00f8gr\u00e6st\u00e6ppe &#8211; Hvid &#038; Tan &#8211; Klassisk &#8211; 60x120cm er simpelthen fantastisk. Det vil stilfuldt udsmykke ethvert opholdsomr\u00e5de. Tilf\u00f8j et strejf af eksotisk og naturligt look til dit sofabord eller planteskjuler. Dette t\u00e6ppe vil bringe en \u00f8jeblikkelig komfort og rustik atmosf\u00e6re til dine kunders hjem. [&hellip;]<\/p>\n","protected":false},"featured_media":377707,"comment_status":"closed","ping_status":"open","template":"","meta":{"_angie_page":false},"product_brand":[],"product_cat":[5591,6349,6350],"product_tag":[],"class_list":{"0":"post-199556","1":"product","2":"type-product","3":"status-publish","4":"has-post-thumbnail","6":"product_cat-hjem-og-have","7":"product_cat-taepper","8":"product_cat-tekstiler","9":"pa_collection-round-seagrass-rug-da","10":"pa_made-in-indonesien","12":"first","13":"instock","14":"purchasable","15":"product-type-simple"},"supplier_id":null,"supplier_sku":"SGR-05","barcode":null,"atum_controlled":true,"out_stock_date":null,"out_stock_threshold":null,"inheritable":false,"inbound_stock":null,"stock_on_hold":0,"sold_today":0,"sales_last_days":0,"reserved_stock":null,"customer_returns":null,"warehouse_damage":null,"lost_in_post":null,"other_logs":null,"out_stock_days":0,"lost_sales":0,"has_location":null,"update_date":"2026-04-27T07:21:26","atum_locations":[],"atum_stock_status":"instock","restock_status":false,"low_stock_amount":"","sales_update_date":"2026-01-30T01:25:36","calc_backorders":null,"_links":{"self":[{"href":"https:\/\/aromasentia.com\/da\/wp-json\/wp\/v2\/product\/199556","targetHints":{"allow":["GET"]}}],"collection":[{"href":"https:\/\/aromasentia.com\/da\/wp-json\/wp\/v2\/product"}],"about":[{"href":"https:\/\/aromasentia.com\/da\/wp-json\/wp\/v2\/types\/product"}],"replies":[{"embeddable":true,"href":"https:\/\/aromasentia.com\/da\/wp-json\/wp\/v2\/comments?post=199556"}],"version-history":[{"count":0,"href":"https:\/\/aromasentia.com\/da\/wp-json\/wp\/v2\/product\/199556\/revisions"}],"wp:featuredmedia":[{"embeddable":true,"href":"https:\/\/aromasentia.com\/da\/wp-json\/wp\/v2\/media\/377707"}],"wp:attachment":[{"href":"https:\/\/aromasentia.com\/da\/wp-json\/wp\/v2\/media?parent=199556"}],"wp:term":[{"taxonomy":"product_brand","embeddable":true,"href":"https:\/\/aromasentia.com\/da\/wp-json\/wp\/v2\/product_brand?post=199556"},{"taxonomy":"product_cat","embeddable":true,"href":"https:\/\/aromasentia.com\/da\/wp-json\/wp\/v2\/product_cat?post=199556"},{"taxonomy":"product_tag","embeddable":true,"href":"https:\/\/aromasentia.com\/da\/wp-json\/wp\/v2\/product_tag?post=199556"}],"curies":[{"name":"wp","href":"https:\/\/api.w.org\/{rel}","templated":true}]}}