{"id":199550,"date":"2025-03-22T16:06:08","date_gmt":"2025-03-22T16:06:08","guid":{"rendered":"https:\/\/aromasentia.com\/product\/seagrass-basket-set-grey-natural-white\/"},"modified":"2025-06-22T03:20:57","modified_gmt":"2025-06-22T03:20:57","slug":"kurvsaet-i-soegraes-graa-naturlig-hvid","status":"publish","type":"product","link":"https:\/\/aromasentia.com\/da\/kurvsaet-i-soegraes-graa-naturlig-hvid\/","title":{"rendered":"Kurvs\u00e6t I S\u00f8gr\u00e6s &#8211; Gr\u00e5 \/ Naturlig \/ Hvid"},"content":{"rendered":"<p><strong>Aroma Sentia<\/strong> S\u00f8gr\u00e6skurves\u00e6t &#8211; Gr\u00e5 \/ Naturlig \/ Hvid er perfekt til at fremvise dine produkter. De multifunktionelle kurve er h\u00e5ndflettede og tilf\u00f8jer et \u00e6gte jordn\u00e6rt look til ethvert rum.<\/p>\n<p>S\u00e6lges i s\u00e6t med 3, hver kurv er h\u00e5ndlavet af milj\u00f8venligt s\u00f8gr\u00e6s. Denne nemme opbevaringspakke er ideel til gavekurve, den kan endda bruges som en elegant urtepotte. Den st\u00f8rste har et h\u00e5ndtag foroven.<\/p>\n<p>Naturmaterialer er virkelig trendy, is\u00e6r produkter lavet af flot s\u00f8gr\u00e6s er moderigtige og nemme at s\u00e6lge.<\/p>\n<p>De farverige kurve kan bruges som muleposer, mini vasket\u00f8jskurve eller til at fremvise l\u00e6kkerier, du gerne vil have velorganiseret eller nemt og hurtigt at f\u00e5 fat i.<\/p>\n<p>M\u00e5l p\u00e5 stor kurv: H: 17 cm (28 cm med h\u00e5ndtag), D: 20 cm<\/p>\n<p>M\u00e5l p\u00e5 midterste kurv: H: 16 cm, D: 17 cm<\/p>\n<p>M\u00e5l p\u00e5 lille kurv: H: 14 cm, D: 14 x m<\/p>\n<p><span style=\"color: rgb(141, 186, 216);\"><strong>Imponer dine kunder med det rustikke s\u00f8gr\u00e6ssortiment. Bestil nu.<\/strong><\/span><\/p>\n","protected":false},"excerpt":{"rendered":"<p>Aroma Sentia S\u00f8gr\u00e6skurves\u00e6t &#8211; Gr\u00e5 \/ Naturlig \/ Hvid er perfekt til at fremvise dine produkter. De multifunktionelle kurve er h\u00e5ndflettede og tilf\u00f8jer et \u00e6gte jordn\u00e6rt look til ethvert rum. S\u00e6lges i s\u00e6t med 3, hver kurv er h\u00e5ndlavet af milj\u00f8venligt s\u00f8gr\u00e6s. Denne nemme opbevaringspakke er ideel til gavekurve, den kan endda bruges som en [&hellip;]<\/p>\n","protected":false},"featured_media":377571,"comment_status":"closed","ping_status":"open","template":"","meta":[],"product_brand":[],"product_cat":[5591,6318],"product_tag":[],"class_list":{"0":"post-199550","1":"product","2":"type-product","3":"status-publish","4":"has-post-thumbnail","6":"product_cat-hjem-og-have","7":"product_cat-kurve","8":"pa_collection-seagrass-basket-set-da","9":"pa_made-in-indonesien","11":"first","12":"instock","13":"purchasable","14":"product-type-simple"},"supplier_id":null,"supplier_sku":"SBS-03","barcode":null,"atum_controlled":true,"out_stock_date":null,"out_stock_threshold":null,"inheritable":false,"inbound_stock":null,"stock_on_hold":0,"sold_today":0,"sales_last_days":0,"reserved_stock":null,"customer_returns":null,"warehouse_damage":null,"lost_in_post":null,"other_logs":null,"out_stock_days":0,"lost_sales":0,"has_location":null,"update_date":"2026-01-30T01:26:05","atum_locations":[],"atum_stock_status":"instock","restock_status":false,"low_stock_amount":"","sales_update_date":"2026-01-30T01:26:05","calc_backorders":null,"_links":{"self":[{"href":"https:\/\/aromasentia.com\/da\/wp-json\/wp\/v2\/product\/199550","targetHints":{"allow":["GET"]}}],"collection":[{"href":"https:\/\/aromasentia.com\/da\/wp-json\/wp\/v2\/product"}],"about":[{"href":"https:\/\/aromasentia.com\/da\/wp-json\/wp\/v2\/types\/product"}],"replies":[{"embeddable":true,"href":"https:\/\/aromasentia.com\/da\/wp-json\/wp\/v2\/comments?post=199550"}],"version-history":[{"count":0,"href":"https:\/\/aromasentia.com\/da\/wp-json\/wp\/v2\/product\/199550\/revisions"}],"wp:featuredmedia":[{"embeddable":true,"href":"https:\/\/aromasentia.com\/da\/wp-json\/wp\/v2\/media\/377571"}],"wp:attachment":[{"href":"https:\/\/aromasentia.com\/da\/wp-json\/wp\/v2\/media?parent=199550"}],"wp:term":[{"taxonomy":"product_brand","embeddable":true,"href":"https:\/\/aromasentia.com\/da\/wp-json\/wp\/v2\/product_brand?post=199550"},{"taxonomy":"product_cat","embeddable":true,"href":"https:\/\/aromasentia.com\/da\/wp-json\/wp\/v2\/product_cat?post=199550"},{"taxonomy":"product_tag","embeddable":true,"href":"https:\/\/aromasentia.com\/da\/wp-json\/wp\/v2\/product_tag?post=199550"}],"curies":[{"name":"wp","href":"https:\/\/api.w.org\/{rel}","templated":true}]}}