{"id":199538,"date":"2025-03-22T16:06:08","date_gmt":"2025-03-22T16:06:08","guid":{"rendered":"https:\/\/aromasentia.com\/product\/tamarind-and-resin-coffee-table-sky-blue\/"},"modified":"2025-06-22T03:20:50","modified_gmt":"2025-06-22T03:20:50","slug":"sofabord-i-tamarind-og-harpiks-himmelblaa","status":"publish","type":"product","link":"https:\/\/aromasentia.com\/da\/sofabord-i-tamarind-og-harpiks-himmelblaa\/","title":{"rendered":"Sofabord I Tamarind Og Harpiks &#8211; Himmelbl\u00e5"},"content":{"rendered":"<p>Ekstraordin\u00e6re sofaborde, der kombinerer det naturlige udseende af tr\u00e6 med moderne dekorative elementer. De er lavet af tamarind &#8211; et tr\u00e6 fra Syd\u00f8stasien, der er v\u00e6rdsat for sin styrke og holdbarhed. Tamarindtr\u00e6 bruges ofte til fremstilling af m\u00f8bler, fordi dets farver og m\u00f8nstre er unikke og tilf\u00f8jer ekstraordin\u00e6r charme til ethvert interi\u00f8r.<\/p>\n<p>Huller i tr\u00e6et blev fyldt med harpiks i himmelbl\u00e5 farve, hvilket giver hvert bord en unik karakter. De er moderne og elegante p\u00e5 samme tid, passer til mange forskellige indretninger og tilf\u00f8rer en smule energi. Hele strukturen er baseret p\u00e5 holdbare og stabile metalben.<\/p>\n<p>Bordets st\u00f8rrelse: h\u00f8jde: 46 cm &#8211; tr\u00e6pladens diameter: 77 cm tr\u00e6tykkelse 10 cm<\/p>\n<p><strong>Bem\u00e6rk venligst: Forsendelse er kun gratis for ordrer fra det britiske fastland. Bordet leveres p\u00e5 en palle med en standardlevering p\u00e5 2 arbejdsdage (UK Mainland).&nbsp;<\/strong><\/p>\n<p><em><strong>Bem\u00e6rk: Hvert bord er unikt &ndash; m\u00f8nstre og st\u00f8rrelser kan variere.<\/strong><\/em><\/p>\n","protected":false},"excerpt":{"rendered":"<p>Ekstraordin\u00e6re sofaborde, der kombinerer det naturlige udseende af tr\u00e6 med moderne dekorative elementer. De er lavet af tamarind &#8211; et tr\u00e6 fra Syd\u00f8stasien, der er v\u00e6rdsat for sin styrke og holdbarhed. Tamarindtr\u00e6 bruges ofte til fremstilling af m\u00f8bler, fordi dets farver og m\u00f8nstre er unikke og tilf\u00f8jer ekstraordin\u00e6r charme til ethvert interi\u00f8r. Huller i tr\u00e6et [&hellip;]<\/p>\n","protected":false},"featured_media":377215,"comment_status":"closed","ping_status":"open","template":"","meta":{"_angie_page":false},"product_brand":[],"product_cat":[5591,6391],"product_tag":[],"class_list":{"0":"post-199538","1":"product","2":"type-product","3":"status-publish","4":"has-post-thumbnail","6":"product_cat-hjem-og-have","7":"product_cat-mobler","8":"pa_collection-tamarind-and-resin-coffee-table-da","9":"pa_made-in-indonesien","11":"first","12":"outofstock","13":"purchasable","14":"product-type-simple"},"supplier_id":null,"supplier_sku":"RWA-02","barcode":null,"atum_controlled":true,"out_stock_date":"2025-09-05 14:08:44","out_stock_threshold":null,"inheritable":false,"inbound_stock":null,"stock_on_hold":0,"sold_today":0,"sales_last_days":0,"reserved_stock":null,"customer_returns":null,"warehouse_damage":null,"lost_in_post":null,"other_logs":null,"out_stock_days":0,"lost_sales":0,"has_location":null,"update_date":"2026-04-27T07:20:12","atum_locations":[],"atum_stock_status":"outofstock","restock_status":false,"low_stock_amount":"","sales_update_date":"2025-09-04T00:29:47","calc_backorders":null,"_links":{"self":[{"href":"https:\/\/aromasentia.com\/da\/wp-json\/wp\/v2\/product\/199538","targetHints":{"allow":["GET"]}}],"collection":[{"href":"https:\/\/aromasentia.com\/da\/wp-json\/wp\/v2\/product"}],"about":[{"href":"https:\/\/aromasentia.com\/da\/wp-json\/wp\/v2\/types\/product"}],"replies":[{"embeddable":true,"href":"https:\/\/aromasentia.com\/da\/wp-json\/wp\/v2\/comments?post=199538"}],"version-history":[{"count":0,"href":"https:\/\/aromasentia.com\/da\/wp-json\/wp\/v2\/product\/199538\/revisions"}],"wp:featuredmedia":[{"embeddable":true,"href":"https:\/\/aromasentia.com\/da\/wp-json\/wp\/v2\/media\/377215"}],"wp:attachment":[{"href":"https:\/\/aromasentia.com\/da\/wp-json\/wp\/v2\/media?parent=199538"}],"wp:term":[{"taxonomy":"product_brand","embeddable":true,"href":"https:\/\/aromasentia.com\/da\/wp-json\/wp\/v2\/product_brand?post=199538"},{"taxonomy":"product_cat","embeddable":true,"href":"https:\/\/aromasentia.com\/da\/wp-json\/wp\/v2\/product_cat?post=199538"},{"taxonomy":"product_tag","embeddable":true,"href":"https:\/\/aromasentia.com\/da\/wp-json\/wp\/v2\/product_tag?post=199538"}],"curies":[{"name":"wp","href":"https:\/\/api.w.org\/{rel}","templated":true}]}}