{"id":199533,"date":"2025-03-22T16:06:08","date_gmt":"2025-03-22T16:06:08","guid":{"rendered":"https:\/\/aromasentia.com\/product\/medium-smooth-teakwood-fruit-bowl-21x9cm\/"},"modified":"2025-06-22T03:20:48","modified_gmt":"2025-06-22T03:20:48","slug":"medium-frugtskaal-i-glat-teaktrae-21x9-cm","status":"publish","type":"product","link":"https:\/\/aromasentia.com\/da\/medium-frugtskaal-i-glat-teaktrae-21x9-cm\/","title":{"rendered":"Medium Frugtsk\u00e5l I Glat Teaktr\u00e6 &#8211; 21X9 cm"},"content":{"rendered":"<p><span style=\"color: rgb(75, 80, 88);\">Denne fantastiske sk\u00e5l med teaktr\u00e6srod er h\u00e5ndsk\u00e5ret med teaktr\u00e6srodens naturlige form, der giver denne unikke og abstrakte form.<\/span><\/p>\n<p><span style=\"color: rgb(75, 80, 88);\">Hvert produkt er et unikt smukt kunstv\u00e6rk. Disse stykker kan enten st\u00e5 alene som et i\u00f8jnefaldende display eller bruges som et funktionelt display til mad eller dekoration. Mulighederne er uendelige.<\/span><\/p>\n<p><span style=\"color: rgb(75, 80, 88);\"><strong>Kan afvige en smule fra billederne &#8211; hver enkelt er unik.<\/strong><\/span><\/p>\n","protected":false},"excerpt":{"rendered":"<p>Denne fantastiske sk\u00e5l med teaktr\u00e6srod er h\u00e5ndsk\u00e5ret med teaktr\u00e6srodens naturlige form, der giver denne unikke og abstrakte form. Hvert produkt er et unikt smukt kunstv\u00e6rk. Disse stykker kan enten st\u00e5 alene som et i\u00f8jnefaldende display eller bruges som et funktionelt display til mad eller dekoration. Mulighederne er uendelige. Kan afvige en smule fra billederne &#8211; [&hellip;]<\/p>\n","protected":false},"featured_media":378766,"comment_status":"closed","ping_status":"open","template":"","meta":{"_angie_page":false},"product_brand":[],"product_cat":[5591],"product_tag":[],"class_list":{"0":"post-199533","1":"product","2":"type-product","3":"status-publish","4":"has-post-thumbnail","6":"product_cat-hjem-og-have","7":"pa_collection-teak-wood-bowls-da","8":"pa_made-in-indonesien","10":"first","11":"instock","12":"purchasable","13":"product-type-simple"},"supplier_id":null,"supplier_sku":"TeakB-37","barcode":null,"atum_controlled":true,"out_stock_date":null,"out_stock_threshold":null,"inheritable":false,"inbound_stock":null,"stock_on_hold":0,"sold_today":0,"sales_last_days":0,"reserved_stock":null,"customer_returns":null,"warehouse_damage":null,"lost_in_post":null,"other_logs":null,"out_stock_days":0,"lost_sales":0,"has_location":null,"update_date":"2026-04-27T07:24:18","atum_locations":[],"atum_stock_status":"instock","restock_status":false,"low_stock_amount":"","sales_update_date":"2025-09-04T00:30:21","calc_backorders":null,"_links":{"self":[{"href":"https:\/\/aromasentia.com\/da\/wp-json\/wp\/v2\/product\/199533","targetHints":{"allow":["GET"]}}],"collection":[{"href":"https:\/\/aromasentia.com\/da\/wp-json\/wp\/v2\/product"}],"about":[{"href":"https:\/\/aromasentia.com\/da\/wp-json\/wp\/v2\/types\/product"}],"replies":[{"embeddable":true,"href":"https:\/\/aromasentia.com\/da\/wp-json\/wp\/v2\/comments?post=199533"}],"version-history":[{"count":0,"href":"https:\/\/aromasentia.com\/da\/wp-json\/wp\/v2\/product\/199533\/revisions"}],"wp:featuredmedia":[{"embeddable":true,"href":"https:\/\/aromasentia.com\/da\/wp-json\/wp\/v2\/media\/378766"}],"wp:attachment":[{"href":"https:\/\/aromasentia.com\/da\/wp-json\/wp\/v2\/media?parent=199533"}],"wp:term":[{"taxonomy":"product_brand","embeddable":true,"href":"https:\/\/aromasentia.com\/da\/wp-json\/wp\/v2\/product_brand?post=199533"},{"taxonomy":"product_cat","embeddable":true,"href":"https:\/\/aromasentia.com\/da\/wp-json\/wp\/v2\/product_cat?post=199533"},{"taxonomy":"product_tag","embeddable":true,"href":"https:\/\/aromasentia.com\/da\/wp-json\/wp\/v2\/product_tag?post=199533"}],"curies":[{"name":"wp","href":"https:\/\/api.w.org\/{rel}","templated":true}]}}