{"id":199514,"date":"2025-03-22T16:06:08","date_gmt":"2025-03-22T16:06:08","guid":{"rendered":"https:\/\/aromasentia.com\/product\/natural-teak-4-shelf-display-75cm-high\/"},"modified":"2025-06-22T03:20:39","modified_gmt":"2025-06-22T03:20:39","slug":"natural-teak-4-shelf-display-75cm-high","status":"publish","type":"product","link":"https:\/\/aromasentia.com\/da\/natural-teak-4-shelf-display-75cm-high\/","title":{"rendered":"Natural Teak 4 Shelf Display 75cm high"},"content":{"rendered":"<p><strong>Introduktion af Natural Teak 4 Shelf Display<\/strong>, et fantastisk m\u00f8bel, der kombinerer funktionalitet med sk\u00f8nhed. Dette display har en h\u00f8jde p\u00e5 75 cm, hvilket g\u00f8r det til en perfekt tilf\u00f8jelse til ethvert rum i dit hjem, kontor eller butik. Displayet har fire rummelige hylder lavet af teaktr\u00e6 af h\u00f8j kvalitet, der er kendt for sin holdbarhed og naturlige sk\u00f8nhed.<\/p>\n<p>Den naturlige teakfinish giver dette display et tidl\u00f8st og rustikt look, der vil supplere enhver indretningsstil. Tr\u00e6ets unikke \u00e5retegninger og varme toner tilf\u00f8rer varme og karakter til ethvert rum. Perfekt til at fremvise forskellige ting, fra b\u00f8ger og planter til dekorative genstande eller endda kosmetik.<\/p>\n<p>Med sin naturlige teakkonstruktion og enkle, men elegante design er Natural Teak 4 Shelf Display en alsidig og stilfuld tilf\u00f8jelse til ethvert hjem. Det vil forbedre dit rums sk\u00f8nhed, samtidig med at det giver en funktionel udstillingsl\u00f8sning. Invester i dette uds\u00f8gte m\u00f8bel, og l\u00f8ft \u00e6stetikken i din butik, dit kontor eller dit hjem med dets naturlige charme og funktionalitet.<\/p>\n<p>St\u00f8rrelse: &nbsp;H: 75cm D:50cm L: 25cm&nbsp;<\/p>\n<p>Dimensioner mellem hylderne: fra nederste hylde 26cm, fra anden hylde 23cm, fra tredje hylde 17 cm, hylde 20cm<\/p>\n<p>.<\/p>\n","protected":false},"excerpt":{"rendered":"<p>Introduktion af Natural Teak 4 Shelf Display, et fantastisk m\u00f8bel, der kombinerer funktionalitet med sk\u00f8nhed. Dette display har en h\u00f8jde p\u00e5 75 cm, hvilket g\u00f8r det til en perfekt tilf\u00f8jelse til ethvert rum i dit hjem, kontor eller butik. Displayet har fire rummelige hylder lavet af teaktr\u00e6 af h\u00f8j kvalitet, der er kendt for sin [&hellip;]<\/p>\n","protected":false},"featured_media":378211,"comment_status":"closed","ping_status":"open","template":"","meta":{"_angie_page":false},"product_brand":[],"product_cat":[5591,6268],"product_tag":[],"class_list":{"0":"post-199514","1":"product","2":"type-product","3":"status-publish","4":"has-post-thumbnail","6":"product_cat-hjem-og-have","7":"product_cat-traedekorationer","8":"pa_collection-natural-teak-display-da","9":"pa_made-in-indonesien","11":"first","12":"outofstock","13":"purchasable","14":"product-type-simple"},"supplier_id":null,"supplier_sku":"TDS-02","barcode":null,"atum_controlled":true,"out_stock_date":"2025-09-05 16:27:52","out_stock_threshold":null,"inheritable":false,"inbound_stock":null,"stock_on_hold":0,"sold_today":0,"sales_last_days":0,"reserved_stock":null,"customer_returns":null,"warehouse_damage":null,"lost_in_post":null,"other_logs":null,"out_stock_days":0,"lost_sales":0,"has_location":null,"update_date":"2026-04-27T07:24:12","atum_locations":[],"atum_stock_status":"outofstock","restock_status":false,"low_stock_amount":"","sales_update_date":"2025-09-04T00:30:14","calc_backorders":null,"_links":{"self":[{"href":"https:\/\/aromasentia.com\/da\/wp-json\/wp\/v2\/product\/199514","targetHints":{"allow":["GET"]}}],"collection":[{"href":"https:\/\/aromasentia.com\/da\/wp-json\/wp\/v2\/product"}],"about":[{"href":"https:\/\/aromasentia.com\/da\/wp-json\/wp\/v2\/types\/product"}],"replies":[{"embeddable":true,"href":"https:\/\/aromasentia.com\/da\/wp-json\/wp\/v2\/comments?post=199514"}],"version-history":[{"count":0,"href":"https:\/\/aromasentia.com\/da\/wp-json\/wp\/v2\/product\/199514\/revisions"}],"wp:featuredmedia":[{"embeddable":true,"href":"https:\/\/aromasentia.com\/da\/wp-json\/wp\/v2\/media\/378211"}],"wp:attachment":[{"href":"https:\/\/aromasentia.com\/da\/wp-json\/wp\/v2\/media?parent=199514"}],"wp:term":[{"taxonomy":"product_brand","embeddable":true,"href":"https:\/\/aromasentia.com\/da\/wp-json\/wp\/v2\/product_brand?post=199514"},{"taxonomy":"product_cat","embeddable":true,"href":"https:\/\/aromasentia.com\/da\/wp-json\/wp\/v2\/product_cat?post=199514"},{"taxonomy":"product_tag","embeddable":true,"href":"https:\/\/aromasentia.com\/da\/wp-json\/wp\/v2\/product_tag?post=199514"}],"curies":[{"name":"wp","href":"https:\/\/api.w.org\/{rel}","templated":true}]}}