{"id":199465,"date":"2025-03-22T16:06:20","date_gmt":"2025-03-22T16:06:20","guid":{"rendered":"https:\/\/aromasentia.com\/product\/large-rag-rug-150x90cm-premium-quality-sunrise-oranges\/"},"modified":"2025-06-22T03:20:15","modified_gmt":"2025-06-22T03:20:15","slug":"stort-kludetaeppe-150x90cm-premium-kvalitet-sunrise-oranges","status":"publish","type":"product","link":"https:\/\/aromasentia.com\/da\/stort-kludetaeppe-150x90cm-premium-kvalitet-sunrise-oranges\/","title":{"rendered":"Stort Kludet\u00e6ppe &#8211; 150X90cm &#8211; Premium Kvalitet &#8211; Sunrise Oranges"},"content":{"rendered":"<p><strong>Grosshandel med stort kludet\u00e6ppe &#8211; 150&#215;90 cm: Premium kvalitet i str\u00e5lende solopgangsappelsiner<\/strong><\/p>\n<p>Wholesale Large Rag Rug, et levende midtpunkt i dit inventar. Disse omhyggeligt udformede t\u00e6pper, der m\u00e5ler 150&#215;90 cm, er indbegrebet af f\u00f8rsteklasses kvalitet og har en livlig farve af solopgangsappelsiner.<\/p>\n<p>? Fremstillet med omhu for at sikre overlegen kvalitet og holdbarhed&nbsp;<\/p>\n<p>? Rummelig st\u00f8rrelse p\u00e5 150 x 90 cm, perfekt til st\u00f8rre opholdsrum<\/p>\n<p>? Udsmykket med en str\u00e5lende solopgangsorange farve, der er ideel til at tilf\u00f8re et skud varme og energi til ethvert rum<\/p>\n<p>Forvandl dine kunders opholdsrum med disse uds\u00f8gte kludet\u00e6pper, uanset om de bruges til at definere siddeomr\u00e5der i \u00e5bne rum eller skabe et forfriskende omdrejningspunkt i sovev\u00e6relser og stuer. Den solopgangsorange farve tilf\u00f8rer ethvert milj\u00f8 en f\u00f8lelse af livlighed og positivitet.<\/p>\n<p><strong>Bestil nu, og tilbyd dine kunder et strejf af f\u00f8rsteklasses kvalitet og den dynamiske \u00e6stetik i solopgangsorange til deres st\u00f8rre boligarealer.<\/strong><\/p>\n","protected":false},"excerpt":{"rendered":"<p>Grosshandel med stort kludet\u00e6ppe &#8211; 150&#215;90 cm: Premium kvalitet i str\u00e5lende solopgangsappelsiner Wholesale Large Rag Rug, et levende midtpunkt i dit inventar. Disse omhyggeligt udformede t\u00e6pper, der m\u00e5ler 150&#215;90 cm, er indbegrebet af f\u00f8rsteklasses kvalitet og har en livlig farve af solopgangsappelsiner. ? Fremstillet med omhu for at sikre overlegen kvalitet og holdbarhed&nbsp; ? Rummelig [&hellip;]<\/p>\n","protected":false},"featured_media":382370,"comment_status":"closed","ping_status":"open","template":"","meta":{"_angie_page":false},"product_brand":[],"product_cat":[5591,6349,6350],"product_tag":[],"class_list":{"0":"post-199465","1":"product","2":"type-product","3":"status-publish","4":"has-post-thumbnail","6":"product_cat-hjem-og-have","7":"product_cat-taepper","8":"product_cat-tekstiler","9":"pa_collection-indian-rag-rugs-da","10":"pa_made-in-indien","12":"first","13":"instock","14":"purchasable","15":"product-type-simple"},"supplier_id":null,"supplier_sku":"VRUG-20","barcode":null,"atum_controlled":true,"out_stock_date":null,"out_stock_threshold":null,"inheritable":false,"inbound_stock":null,"stock_on_hold":0,"sold_today":0,"sales_last_days":0,"reserved_stock":null,"customer_returns":null,"warehouse_damage":null,"lost_in_post":null,"other_logs":null,"out_stock_days":0,"lost_sales":0,"has_location":null,"update_date":"2026-04-27T07:26:38","atum_locations":[],"atum_stock_status":"instock","restock_status":false,"low_stock_amount":"","sales_update_date":"2026-01-30T01:24:43","calc_backorders":null,"_links":{"self":[{"href":"https:\/\/aromasentia.com\/da\/wp-json\/wp\/v2\/product\/199465","targetHints":{"allow":["GET"]}}],"collection":[{"href":"https:\/\/aromasentia.com\/da\/wp-json\/wp\/v2\/product"}],"about":[{"href":"https:\/\/aromasentia.com\/da\/wp-json\/wp\/v2\/types\/product"}],"replies":[{"embeddable":true,"href":"https:\/\/aromasentia.com\/da\/wp-json\/wp\/v2\/comments?post=199465"}],"version-history":[{"count":0,"href":"https:\/\/aromasentia.com\/da\/wp-json\/wp\/v2\/product\/199465\/revisions"}],"wp:featuredmedia":[{"embeddable":true,"href":"https:\/\/aromasentia.com\/da\/wp-json\/wp\/v2\/media\/382370"}],"wp:attachment":[{"href":"https:\/\/aromasentia.com\/da\/wp-json\/wp\/v2\/media?parent=199465"}],"wp:term":[{"taxonomy":"product_brand","embeddable":true,"href":"https:\/\/aromasentia.com\/da\/wp-json\/wp\/v2\/product_brand?post=199465"},{"taxonomy":"product_cat","embeddable":true,"href":"https:\/\/aromasentia.com\/da\/wp-json\/wp\/v2\/product_cat?post=199465"},{"taxonomy":"product_tag","embeddable":true,"href":"https:\/\/aromasentia.com\/da\/wp-json\/wp\/v2\/product_tag?post=199465"}],"curies":[{"name":"wp","href":"https:\/\/api.w.org\/{rel}","templated":true}]}}