{"id":199464,"date":"2025-03-22T16:06:20","date_gmt":"2025-03-22T16:06:20","guid":{"rendered":"https:\/\/aromasentia.com\/product\/large-rag-rug-150x90cm-premium-quality-natural-greens\/"},"modified":"2025-06-22T03:20:14","modified_gmt":"2025-06-22T03:20:14","slug":"stort-kludetaeppe-150x90cm-premium-kvalitet-natural-greens","status":"publish","type":"product","link":"https:\/\/aromasentia.com\/da\/stort-kludetaeppe-150x90cm-premium-kvalitet-natural-greens\/","title":{"rendered":"Stort Kludet\u00e6ppe &#8211; 150X90cm &#8211; Premium Kvalitet &#8211; Natural Greens"},"content":{"rendered":"<p><strong>Grosshandel med stort kludet\u00e6ppe &#8211; 150&#215;90 cm: F\u00f8rsteklasses kvalitet i rolige naturgr\u00f8nne farver<\/strong><\/p>\n<p>Wholesale Large Rag Rug, en naturlig elegance til dit inventar. Disse omhyggeligt udformede t\u00e6pper, der m\u00e5ler 150&#215;90 cm, er udtryk for f\u00f8rsteklasses kvalitet og fremviser en beroligende palet af naturlige gr\u00f8nne farver.<\/p>\n<p>? Fremstillet med pr\u00e6cision for at sikre overlegen kvalitet og holdbarhed&nbsp;<\/p>\n<p>? Rummelig st\u00f8rrelse p\u00e5 150&#215;90 cm, ideel til st\u00f8rre opholdsrum&nbsp;<\/p>\n<p>? Udsmykket med beroligende naturlige gr\u00f8nne farver, perfekt til at skabe en harmonisk atmosf\u00e6re i ethvert rum<\/p>\n<p>L\u00f8ft dine kunders opholdsrum med disse uds\u00f8gte kludet\u00e6pper, uanset om de bruges til at definere siddeomr\u00e5der i \u00e5bne rum eller tilf\u00f8jer et strejf af naturlig ro i sovev\u00e6relser og stuer. De naturlige gr\u00f8nne farver skaber en aura af ro og friskhed i ethvert milj\u00f8.<\/p>\n<p><strong>Bestil nu, og tilbyd dine kunder et strejf af f\u00f8rsteklasses kvalitet og den rolige \u00e6stetik af naturlige gr\u00f8nne farver til deres st\u00f8rre boligarealer.<\/strong><\/p>\n","protected":false},"excerpt":{"rendered":"<p>Grosshandel med stort kludet\u00e6ppe &#8211; 150&#215;90 cm: F\u00f8rsteklasses kvalitet i rolige naturgr\u00f8nne farver Wholesale Large Rag Rug, en naturlig elegance til dit inventar. Disse omhyggeligt udformede t\u00e6pper, der m\u00e5ler 150&#215;90 cm, er udtryk for f\u00f8rsteklasses kvalitet og fremviser en beroligende palet af naturlige gr\u00f8nne farver. ? Fremstillet med pr\u00e6cision for at sikre overlegen kvalitet og [&hellip;]<\/p>\n","protected":false},"featured_media":382337,"comment_status":"closed","ping_status":"open","template":"","meta":{"_angie_page":false},"product_brand":[],"product_cat":[5591,6349,6350],"product_tag":[],"class_list":{"0":"post-199464","1":"product","2":"type-product","3":"status-publish","4":"has-post-thumbnail","6":"product_cat-hjem-og-have","7":"product_cat-taepper","8":"product_cat-tekstiler","9":"pa_collection-indian-rag-rugs-da","10":"pa_made-in-indien","12":"first","13":"instock","14":"purchasable","15":"product-type-simple"},"supplier_id":null,"supplier_sku":"VRUG-19","barcode":null,"atum_controlled":true,"out_stock_date":null,"out_stock_threshold":null,"inheritable":false,"inbound_stock":null,"stock_on_hold":0,"sold_today":0,"sales_last_days":0,"reserved_stock":null,"customer_returns":null,"warehouse_damage":null,"lost_in_post":null,"other_logs":null,"out_stock_days":0,"lost_sales":0,"has_location":null,"update_date":"2026-04-27T07:26:38","atum_locations":[],"atum_stock_status":"instock","restock_status":false,"low_stock_amount":"","sales_update_date":"2025-09-04T00:30:53","calc_backorders":null,"_links":{"self":[{"href":"https:\/\/aromasentia.com\/da\/wp-json\/wp\/v2\/product\/199464","targetHints":{"allow":["GET"]}}],"collection":[{"href":"https:\/\/aromasentia.com\/da\/wp-json\/wp\/v2\/product"}],"about":[{"href":"https:\/\/aromasentia.com\/da\/wp-json\/wp\/v2\/types\/product"}],"replies":[{"embeddable":true,"href":"https:\/\/aromasentia.com\/da\/wp-json\/wp\/v2\/comments?post=199464"}],"version-history":[{"count":0,"href":"https:\/\/aromasentia.com\/da\/wp-json\/wp\/v2\/product\/199464\/revisions"}],"wp:featuredmedia":[{"embeddable":true,"href":"https:\/\/aromasentia.com\/da\/wp-json\/wp\/v2\/media\/382337"}],"wp:attachment":[{"href":"https:\/\/aromasentia.com\/da\/wp-json\/wp\/v2\/media?parent=199464"}],"wp:term":[{"taxonomy":"product_brand","embeddable":true,"href":"https:\/\/aromasentia.com\/da\/wp-json\/wp\/v2\/product_brand?post=199464"},{"taxonomy":"product_cat","embeddable":true,"href":"https:\/\/aromasentia.com\/da\/wp-json\/wp\/v2\/product_cat?post=199464"},{"taxonomy":"product_tag","embeddable":true,"href":"https:\/\/aromasentia.com\/da\/wp-json\/wp\/v2\/product_tag?post=199464"}],"curies":[{"name":"wp","href":"https:\/\/api.w.org\/{rel}","templated":true}]}}