{"id":199461,"date":"2025-03-22T16:06:20","date_gmt":"2025-03-22T16:06:20","guid":{"rendered":"https:\/\/aromasentia.com\/product\/small-rag-rug-50x90cm-premium-quality-charcoal-greys\/"},"modified":"2025-06-22T03:20:11","modified_gmt":"2025-06-22T03:20:11","slug":"lille-kludetaeppe-50x90cm-premium-kvalitet-koksgraa","status":"publish","type":"product","link":"https:\/\/aromasentia.com\/da\/lille-kludetaeppe-50x90cm-premium-kvalitet-koksgraa\/","title":{"rendered":"Lille Kludet\u00e6ppe &#8211; 50X90cm &#8211; Premium Kvalitet &#8211; Koksgr\u00e5"},"content":{"rendered":"<p><strong>Lille kludet\u00e6ppe til engrossalg &#8211; 50&#215;90 cm: F\u00f8rsteklasses kvalitet i sofistikeret koksgr\u00e5<\/strong><\/p>\n<p>Wholesale Small Rag Rug, en raffineret tilf\u00f8jelse til dit lager. Disse omhyggeligt udformede t\u00e6pper, der m\u00e5ler 50&#215;90 cm, er af h\u00f8j kvalitet og har en palet af elegante koksgr\u00e5 farver.<\/p>\n<p>? Fremstillet med pr\u00e6cision for overlegen kvalitet og lang levetid&nbsp;<\/p>\n<p>? Kompakt st\u00f8rrelse p\u00e5 50&#215;90 cm, velegnet til forskellige opholdsrum&nbsp;<\/p>\n<p>? Udsmykket i sofistikeret koksgr\u00e5, perfekt til at tilf\u00f8je et strejf af tidl\u00f8s elegance til ethvert rum<\/p>\n<p>Forbedr dine kunders boligarealer med disse uds\u00f8gte kludet\u00e6pper, uanset om de placeres i k\u00f8kkener eller badev\u00e6relser eller tjener som en subtil, men stilfuld dekorativ accent i sovev\u00e6relser og stuer. De koksgr\u00e5 farver giver enhver indretning et strejf af raffinement og modernitet.<\/p>\n<p><strong>Bestil nu, og giv dine kunder et strejf af f\u00f8rsteklasses kvalitet og den tidl\u00f8se \u00e6stetik i koksgr\u00e5 farver til deres hjem.<\/strong><\/p>\n","protected":false},"excerpt":{"rendered":"<p>Lille kludet\u00e6ppe til engrossalg &#8211; 50&#215;90 cm: F\u00f8rsteklasses kvalitet i sofistikeret koksgr\u00e5 Wholesale Small Rag Rug, en raffineret tilf\u00f8jelse til dit lager. Disse omhyggeligt udformede t\u00e6pper, der m\u00e5ler 50&#215;90 cm, er af h\u00f8j kvalitet og har en palet af elegante koksgr\u00e5 farver. ? Fremstillet med pr\u00e6cision for overlegen kvalitet og lang levetid&nbsp; ? Kompakt st\u00f8rrelse [&hellip;]<\/p>\n","protected":false},"featured_media":382222,"comment_status":"closed","ping_status":"open","template":"","meta":{"_angie_page":false},"product_brand":[],"product_cat":[5591,6349,6350],"product_tag":[],"class_list":{"0":"post-199461","1":"product","2":"type-product","3":"status-publish","4":"has-post-thumbnail","6":"product_cat-hjem-og-have","7":"product_cat-taepper","8":"product_cat-tekstiler","9":"pa_collection-indian-rag-rugs-da","10":"pa_made-in-indien","12":"first","13":"instock","14":"purchasable","15":"product-type-simple"},"supplier_id":null,"supplier_sku":"VRUG-15","barcode":null,"atum_controlled":true,"out_stock_date":null,"out_stock_threshold":null,"inheritable":false,"inbound_stock":null,"stock_on_hold":0,"sold_today":0,"sales_last_days":0,"reserved_stock":null,"customer_returns":null,"warehouse_damage":null,"lost_in_post":null,"other_logs":null,"out_stock_days":0,"lost_sales":0,"has_location":null,"update_date":"2026-04-27T07:26:38","atum_locations":[],"atum_stock_status":"instock","restock_status":false,"low_stock_amount":"","sales_update_date":"2026-01-30T01:24:47","calc_backorders":null,"_links":{"self":[{"href":"https:\/\/aromasentia.com\/da\/wp-json\/wp\/v2\/product\/199461","targetHints":{"allow":["GET"]}}],"collection":[{"href":"https:\/\/aromasentia.com\/da\/wp-json\/wp\/v2\/product"}],"about":[{"href":"https:\/\/aromasentia.com\/da\/wp-json\/wp\/v2\/types\/product"}],"replies":[{"embeddable":true,"href":"https:\/\/aromasentia.com\/da\/wp-json\/wp\/v2\/comments?post=199461"}],"version-history":[{"count":0,"href":"https:\/\/aromasentia.com\/da\/wp-json\/wp\/v2\/product\/199461\/revisions"}],"wp:featuredmedia":[{"embeddable":true,"href":"https:\/\/aromasentia.com\/da\/wp-json\/wp\/v2\/media\/382222"}],"wp:attachment":[{"href":"https:\/\/aromasentia.com\/da\/wp-json\/wp\/v2\/media?parent=199461"}],"wp:term":[{"taxonomy":"product_brand","embeddable":true,"href":"https:\/\/aromasentia.com\/da\/wp-json\/wp\/v2\/product_brand?post=199461"},{"taxonomy":"product_cat","embeddable":true,"href":"https:\/\/aromasentia.com\/da\/wp-json\/wp\/v2\/product_cat?post=199461"},{"taxonomy":"product_tag","embeddable":true,"href":"https:\/\/aromasentia.com\/da\/wp-json\/wp\/v2\/product_tag?post=199461"}],"curies":[{"name":"wp","href":"https:\/\/api.w.org\/{rel}","templated":true}]}}