{"id":199454,"date":"2025-03-22T16:06:20","date_gmt":"2025-03-22T16:06:20","guid":{"rendered":"https:\/\/aromasentia.com\/product\/large-velvet-rug-105x185cm\/"},"modified":"2025-06-22T03:20:08","modified_gmt":"2025-06-22T03:20:08","slug":"stort-floejlstaeppe-105x185cm","status":"publish","type":"product","link":"https:\/\/aromasentia.com\/da\/stort-floejlstaeppe-105x185cm\/","title":{"rendered":"Stort Fl\u00f8jlst\u00e6ppe &#8211; 105X185cm"},"content":{"rendered":"<p>Tag et kig p\u00e5 vores store fl\u00f8jlst\u00e6ppe. Hvert t\u00e6ppe er h\u00e5ndv\u00e6vet i Indien. Vores smukke grossistt\u00e6pper f\u00e5s ogs\u00e5 i st\u00f8rrelserne Medium og Small og vil med deres levende farver helt sikkert v\u00e6re samtaleemnet i ethvert rum.<\/p>\n<p>Disse t\u00e6pper vil bringe komfort og stil til dine kunders hjem\/kontor p\u00e5 grund af det anvendte fl\u00f8jls- og bomuldsmateriale, der giver t\u00e6ppet en robust finish med en bl\u00f8d f\u00f8lelse.<\/p>\n<p>Vores udvalg af fl\u00f8jlst\u00e6pper vil invitere dine kunder til afslapning, en trang til at g\u00e5 barfodet. For ikke at n\u00e6vne prisen, der giver dig en tilfredsstillende fortjeneste. &nbsp;Bare vis disse farverige t\u00e6pper i din butik\/hjemmeside for at fange kundens \u00f8je.<\/p>\n<p><strong>Bem\u00e6rk venligst: Farverne kan variere p\u00e5 grund af produktets art.<\/strong><\/p>\n","protected":false},"excerpt":{"rendered":"<p>Tag et kig p\u00e5 vores store fl\u00f8jlst\u00e6ppe. Hvert t\u00e6ppe er h\u00e5ndv\u00e6vet i Indien. Vores smukke grossistt\u00e6pper f\u00e5s ogs\u00e5 i st\u00f8rrelserne Medium og Small og vil med deres levende farver helt sikkert v\u00e6re samtaleemnet i ethvert rum. Disse t\u00e6pper vil bringe komfort og stil til dine kunders hjem\/kontor p\u00e5 grund af det anvendte fl\u00f8jls- og bomuldsmateriale, [&hellip;]<\/p>\n","protected":false},"featured_media":381791,"comment_status":"closed","ping_status":"open","template":"","meta":{"_angie_page":false},"product_brand":[],"product_cat":[5591,6349,6350],"product_tag":[],"class_list":{"0":"post-199454","1":"product","2":"type-product","3":"status-publish","4":"has-post-thumbnail","6":"product_cat-hjem-og-have","7":"product_cat-taepper","8":"product_cat-tekstiler","9":"pa_collection-indian-rag-rugs-da","10":"pa_made-in-indien","12":"first","13":"instock","14":"purchasable","15":"product-type-simple"},"supplier_id":null,"supplier_sku":"Vrug-01","barcode":null,"atum_controlled":true,"out_stock_date":null,"out_stock_threshold":null,"inheritable":false,"inbound_stock":null,"stock_on_hold":0,"sold_today":0,"sales_last_days":0,"reserved_stock":null,"customer_returns":null,"warehouse_damage":null,"lost_in_post":null,"other_logs":null,"out_stock_days":0,"lost_sales":0,"has_location":null,"update_date":"2026-04-27T07:26:32","atum_locations":[],"atum_stock_status":"instock","restock_status":false,"low_stock_amount":"","sales_update_date":"2026-01-20T05:13:29","calc_backorders":null,"_links":{"self":[{"href":"https:\/\/aromasentia.com\/da\/wp-json\/wp\/v2\/product\/199454","targetHints":{"allow":["GET"]}}],"collection":[{"href":"https:\/\/aromasentia.com\/da\/wp-json\/wp\/v2\/product"}],"about":[{"href":"https:\/\/aromasentia.com\/da\/wp-json\/wp\/v2\/types\/product"}],"replies":[{"embeddable":true,"href":"https:\/\/aromasentia.com\/da\/wp-json\/wp\/v2\/comments?post=199454"}],"version-history":[{"count":0,"href":"https:\/\/aromasentia.com\/da\/wp-json\/wp\/v2\/product\/199454\/revisions"}],"wp:featuredmedia":[{"embeddable":true,"href":"https:\/\/aromasentia.com\/da\/wp-json\/wp\/v2\/media\/381791"}],"wp:attachment":[{"href":"https:\/\/aromasentia.com\/da\/wp-json\/wp\/v2\/media?parent=199454"}],"wp:term":[{"taxonomy":"product_brand","embeddable":true,"href":"https:\/\/aromasentia.com\/da\/wp-json\/wp\/v2\/product_brand?post=199454"},{"taxonomy":"product_cat","embeddable":true,"href":"https:\/\/aromasentia.com\/da\/wp-json\/wp\/v2\/product_cat?post=199454"},{"taxonomy":"product_tag","embeddable":true,"href":"https:\/\/aromasentia.com\/da\/wp-json\/wp\/v2\/product_tag?post=199454"}],"curies":[{"name":"wp","href":"https:\/\/api.w.org\/{rel}","templated":true}]}}